{"id":53744,"date":"2022-11-27T21:01:13","date_gmt":"2022-11-27T19:01:13","guid":{"rendered":"https:\/\/www.wallendorff.com\/belogue\/?page_id=53744"},"modified":"2022-11-27T21:21:46","modified_gmt":"2022-11-27T19:21:46","slug":"2022-2","status":"publish","type":"page","link":"https:\/\/www.wallendorff.com\/belogue\/gigographie\/2022-2\/","title":{"rendered":"2022"},"content":{"rendered":"<ul>\n<li><a href=\"https:\/\/www.wallendorff.com\/belogue\/2022\/11\/23\/cali-la-machine-du-moulin-rouge-paris-21-novembre-2022\/\"><strong>Cali<\/strong> <span class=\"petit\"> + Kessada \u2013 la Machine du Moulin Rouge \u2013 Paris \u2013 21\/11\/2022<\/span><\/a><\/li>\n<li><a href=\"https:\/\/www.wallendorff.com\/belogue\/2022\/11\/21\/warhaus-le-point-ephemere-paris-18-novembre-2022\/\"><strong>Warhaus<\/strong> <span class=\"petit\"> \u2013 le Point \u00c9ph\u00e9m\u00e8re \u2013 Paris \u2013 18\/11\/2022<\/span><\/a><\/li>\n<li><a href=\"https:\/\/www.wallendorff.com\/belogue\/2022\/10\/26\/muse-bandit-bandit-salle-pleyel-paris-25-octobre-2022\/\"><strong>Muse<\/strong> <span class=\"petit\"> + Bandit Bandit \u2013 Salle Pleyel \u2013 Paris \u2013 25\/10\/2022<\/span><\/a><\/li>\n<li><strong>Kasabian<\/strong> <span class=\"petit\">+ DMA&rsquo;s \u2013 l&rsquo;Olympia \u2013 Paris \u2013 14\/10\/2022<\/span><\/li>\n<li><a href=\"https:\/\/www.wallendorff.com\/belogue\/2022\/09\/16\/arcade-fire-bercy-arena-paris-15-septembre-2022\/\"><strong>Arcade Fire<\/strong> <span class=\"petit\"> \u2013 Bercy Ar\u00e9na \u2013 Paris \u2013 15\/09\/2022<\/span><\/a><\/li>\n<li><a href=\"https:\/\/www.wallendorff.com\/belogue\/2022\/10\/31\/rock-en-seine-saint-cloud-27-aout-2022\/\"><strong>Rock en Seine<\/strong><span class=\"petit\"> \u2013 Saint-Cloud \u2013 27\/08\/2022<\/span><\/a><\/li>\n<li><a href=\"https:\/\/www.wallendorff.com\/belogue\/tag\/le-cabaret-vert-2022\/\"><strong>Le Cabaret Vert<\/strong><span class=\"petit\"> \u2013 Charleville-M\u00e9zi\u00e8res \u2013 17-21\/08\/2022<\/span><\/a><\/li>\n<li><a href=\"https:\/\/www.wallendorff.com\/belogue\/tag\/paleo-festival-2022\/\"><strong>Pal\u00e9o Festival<\/strong><span class=\"petit\"> \u2013 Nyon \u2013 19-24\/07\/2022<\/span><\/a><\/li>\n<li><a href=\"https:\/\/www.wallendorff.com\/belogue\/tag\/eurockeennes-2022\/\"><strong>Les Eurock\u00e9ennes<\/strong><span class=\"petit\"> \u2013 Belfort \u2013 30\/06-03\/07\/2022<\/span><\/a><\/li>\n<li><strong>Core Festival<\/strong> <span class=\"petit\">\u2013 Parc d&rsquo;Osseghem \u2013 Bruxelles \u2013 27\/05\/2022<\/span><\/li>\n<li><a href=\"https:\/\/www.wallendorff.com\/belogue\/2022\/05\/17\/foals-le-zenith-paris-16-mai-2022\/\"><strong>Foals<\/strong> <span class=\"petit\"> + Egyptian Blue \u2013 le Z\u00e9nith \u2013 Paris \u2013 16\/05\/2022<\/span><\/a><\/li>\n<li><strong>The Beths<\/strong> <span class=\"petit\">+ Cherym  \u2013 le Point \u00c9ph\u00e9m\u00e8re \u2013 Paris \u2013 07\/04\/2022<\/span><\/li>\n<li><strong>Stengah<\/strong><span class=\"petit\"> + Gorod + Except One \u2013 Le Petit Bain \u2013 Paris \u2013 29\/03\/2022<\/span><\/li>\n<\/ul>\n","protected":false},"excerpt":{"rendered":"<p>Cali + Kessada \u2013 la Machine du Moulin Rouge \u2013 Paris \u2013 21\/11\/2022 Warhaus \u2013 le Point \u00c9ph\u00e9m\u00e8re \u2013 Paris \u2013 18\/11\/2022 Muse + Bandit Bandit \u2013 Salle Pleyel \u2013 Paris \u2013 25\/10\/2022 Kasabian + DMA&rsquo;s \u2013 l&rsquo;Olympia \u2013 Paris \u2013 14\/10\/2022 Arcade Fire \u2013 Bercy Ar\u00e9na \u2013 Paris \u2013 15\/09\/2022 Rock en Seine \u2013&hellip;<\/p>\n","protected":false},"author":1,"featured_media":0,"parent":12472,"menu_order":0,"comment_status":"closed","ping_status":"closed","template":"","meta":{"_acf_changed":false,"ngg_post_thumbnail":0,"jetpack_post_was_ever_published":false,"footnotes":""},"class_list":["post-53744","page","type-page","status-publish","hentry"],"acf":[],"jetpack_shortlink":"https:\/\/wp.me\/P3b35P-dYQ","jetpack_sharing_enabled":true,"jetpack-related-posts":[{"id":37142,"url":"https:\/\/www.wallendorff.com\/belogue\/artistes-a-z\/artistes-a-j\/","url_meta":{"origin":53744,"position":0},"title":"Artistes A \u2013 J","author":"dpc","date":"31 janvier 2018","format":false,"excerpt":"A Aaron Le Z\u00e9nith, Paris \u2013 26\/11\/2021 Pal\u00e9o Festival, Nyon \u2013 19\/07\/2016 La Cigale, Paris \u2013 14\/10\/2015 Aaron, Anna Les Trois Baudets, Paris \u2013 04\/11\/2014 Centre Culturel Suisse, Paris \u2013 14\/03\/2012 Acid Arab Les Eurock\u00e9ennes en r\u00e9sidence secondaire, Belfort \u2013 20\/07\/2021 Ad\u00e9 Les Eurock\u00e9ennes, Belfort \u2013 29\/06\/2023 Adieu Gary Cooper\u2026","rel":"","context":"Article similaire","block_context":{"text":"Article similaire","link":""},"img":{"alt_text":"","src":"","width":0,"height":0},"classes":[]},{"id":37144,"url":"https:\/\/www.wallendorff.com\/belogue\/artistes-a-z\/artistes-k-z\/","url_meta":{"origin":53744,"position":1},"title":"Artistes K \u2013 Z","author":"dpc","date":"31 janvier 2018","format":false,"excerpt":"K Kadebostany Le Caf\u00e9 de la Danse, Paris \u2013 20\/04\/2016 Pal\u00e9o Festival, Nyon \u2013 25\/07\/2013 Kaiser Chiefs La Fl\u00e8che d\u2019Or, Paris \u2013 22\/04\/2014 Main Square Festival, Arras \u2013 02\/07\/2011 Kalash Les Eurock\u00e9ennes, Belfort \u2013 04\/07\/2025 Kaleo Pal\u00e9o Festival, Nyon \u2013 17\/07\/2018 L'Olympia, Paris \u2013 15\/11\/2017 Le Trianon, Paris \u2013 27\/01\/2017\u2026","rel":"","context":"Article similaire","block_context":{"text":"Article similaire","link":""},"img":{"alt_text":"","src":"","width":0,"height":0},"classes":[]},{"id":127246,"url":"https:\/\/www.wallendorff.com\/belogue\/gigographie\/2024-2\/","url_meta":{"origin":53744,"position":2},"title":"2024","author":"dpc","date":"2 f\u00e9vrier 2024","format":false,"excerpt":"Gar\u00e7ons Fragiles \u2013 TDtF \u2013 Paris \u2013 07\/11\/2024 Heilung + Zeal and Ardor \u2013 Le Z\u00e9nith \u2013 Paris \u2013 17\/09\/2024 Pete Doherty + Delgado Jones \u2013 Le SEW \u2013 Morlaix \u2013 11\/09\/2024 Bleachers + Amy Allen \u2013 L'Olympia \u2013 Paris \u2013 02\/09\/2024 Flogging Molly + The Scratch \u2013 Le Bataclan\u2026","rel":"","context":"Article similaire","block_context":{"text":"Article similaire","link":""},"img":{"alt_text":"","src":"","width":0,"height":0},"classes":[]},{"id":131715,"url":"https:\/\/www.wallendorff.com\/belogue\/gigographie\/2025-2\/","url_meta":{"origin":53744,"position":3},"title":"2025","author":"dpc","date":"6 f\u00e9vrier 2025","format":false,"excerpt":"Black Rebel Motorcycle Club + Night Beats \u2013 L'Olympia \u2013 Paris \u2013 09\/12\/2025 Black Rebel Motorcycle Club + Night Beats \u2013 Paradiso \u2013 Amsterdam \u2013 08\/12\/2025 Black Rebel Motorcycle Club + Night Beats \u2013 Den Atelier \u2013 Luxembourg \u2013 29\/11\/2025 Jamiroquai + Cerrone \u2013 Bercy Ar\u00e9na \u2013 Paris \u2013 27\/11\/2025\u2026","rel":"","context":"Article similaire","block_context":{"text":"Article similaire","link":""},"img":{"alt_text":"","src":"","width":0,"height":0},"classes":[]},{"id":13741,"url":"https:\/\/www.wallendorff.com\/belogue\/gigographie\/2006-2\/","url_meta":{"origin":53744,"position":4},"title":"2006","author":"dpc","date":"21 octobre 2011","format":false,"excerpt":"Elista + Bogue \u2013 La Boule Noire, Paris \u2013 19\/12\/2006 \u2013 2 Muse + Razorlight \u2013 Palais omnisports de Paris-Bercy, Paris \u2013 14\/12\/2006 Indochine + Asyl \u2013 Palais omnisports de Paris-Bercy, Paris \u2013 08\/12\/2006 Troy Von Balthazar \u2013 La Maroquinerie, Paris \u2013 04\/12\/2006 \u2013 2 Iron Maiden + Trivium +\u2026","rel":"","context":"Article similaire","block_context":{"text":"Article similaire","link":""},"img":{"alt_text":"","src":"","width":0,"height":0},"classes":[]},{"id":13721,"url":"https:\/\/www.wallendorff.com\/belogue\/gigographie\/2011-2\/","url_meta":{"origin":53744,"position":5},"title":"2011","author":"dpc","date":"21 octobre 2011","format":false,"excerpt":"Kasabian + Miles Kane \u2013 The O2 Arena, Londres \u2013 14\/12\/2011 K's Choice \u2013 la Cigale, Paris \u2013 13\/12\/2011 Tom Vek + Im Takt \u2013 le Nouveau Casino, Paris \u2013 09\/12\/2011 The Horrors + Cerebral Ballzy \u2013 le Bataclan, Paris \u2013 07\/12\/2011 Black Lips + Acid Baby Jesus \u2013 la\u2026","rel":"","context":"Article similaire","block_context":{"text":"Article similaire","link":""},"img":{"alt_text":"","src":"","width":0,"height":0},"classes":[]}],"_links":{"self":[{"href":"https:\/\/www.wallendorff.com\/belogue\/wp-json\/wp\/v2\/pages\/53744","targetHints":{"allow":["GET"]}}],"collection":[{"href":"https:\/\/www.wallendorff.com\/belogue\/wp-json\/wp\/v2\/pages"}],"about":[{"href":"https:\/\/www.wallendorff.com\/belogue\/wp-json\/wp\/v2\/types\/page"}],"author":[{"embeddable":true,"href":"https:\/\/www.wallendorff.com\/belogue\/wp-json\/wp\/v2\/users\/1"}],"replies":[{"embeddable":true,"href":"https:\/\/www.wallendorff.com\/belogue\/wp-json\/wp\/v2\/comments?post=53744"}],"version-history":[{"count":2,"href":"https:\/\/www.wallendorff.com\/belogue\/wp-json\/wp\/v2\/pages\/53744\/revisions"}],"predecessor-version":[{"id":53748,"href":"https:\/\/www.wallendorff.com\/belogue\/wp-json\/wp\/v2\/pages\/53744\/revisions\/53748"}],"up":[{"embeddable":true,"href":"https:\/\/www.wallendorff.com\/belogue\/wp-json\/wp\/v2\/pages\/12472"}],"wp:attachment":[{"href":"https:\/\/www.wallendorff.com\/belogue\/wp-json\/wp\/v2\/media?parent=53744"}],"curies":[{"name":"wp","href":"https:\/\/api.w.org\/{rel}","templated":true}]}}