{"id":50107,"date":"2021-11-27T12:42:09","date_gmt":"2021-11-27T10:42:09","guid":{"rendered":"https:\/\/www.wallendorff.com\/belogue\/?page_id=50107"},"modified":"2022-11-27T21:06:50","modified_gmt":"2022-11-27T19:06:50","slug":"2021-2","status":"publish","type":"page","link":"https:\/\/www.wallendorff.com\/belogue\/gigographie\/2021-2\/","title":{"rendered":"2021"},"content":{"rendered":"\n<ul>\n<li><span class=\"petit\">Fnac live :<\/span> <strong>Curtis Harding<\/strong> \/ <strong>Cat Power<\/strong> \/ <strong>Sofiane Pamart<\/strong> <span class=\"petit\">\u2013 Th\u00e9\u00e2tre du Ch\u00e2telet \u2013 Paris \u2013 06\/12\/2021<\/li>\n<li><a href=\"https:\/\/www.wallendorff.com\/belogue\/2021\/11\/27\/aaron-adam-naas-le-zenith-paris-26-novembre-2021\/\"><strong>AaRON<\/strong><span class=\"petit\"> + Adam Naas \u2013 le Z\u00e9nith \u2013 Paris \u2013 26\/11\/2021<\/span><\/a><\/li>\n<li><a href=\"https:\/\/www.wallendorff.com\/belogue\/tag\/mama-festival-2021\/\"><strong>MaMa Festival<\/strong><span class=\"petit\"> \u2013 Paris \u2013 13-14\/10\/2021<\/span><\/a><\/li>\n<li><a href=\"https:\/\/www.wallendorff.com\/belogue\/tag\/le-cabaret-vert-2021\/\"><strong>Festival Face B<\/strong><span class=\"petit\"> \u2013 Charleville-M\u00e9zi\u00e8res \u2013 26-29\/08\/2021<\/span><\/a><\/li><a href=\"https:\/\/www.wallendorff.com\/belogue\/tag\/le-cabaret-vert-2021\/\">\n<li><span style=\"text-decoration: line-through;\"><strong>Le Cabaret Vert<\/strong><span class=\"petit\"> \u2013 Charleville-M\u00e9zi\u00e8res \u2013 19-22\/08\/2021<\/span><\/span><\/li>\n<li><span style=\"text-decoration: line-through;\"><strong>Pal\u00e9o Festival<\/strong><span class=\"petit\"> \u2013 Nyon \u2013 19-25\/07\/2021<\/span><\/span><\/li>\n<\/a><li><a href=\"https:\/\/www.wallendorff.com\/belogue\/tag\/le-cabaret-vert-2021\/\"><\/a><a href=\"https:\/\/www.wallendorff.com\/belogue\/tag\/eurockeennes-2021\/\"><strong>Les Eurock\u00e9ennes en r\u00e9sidence secondaire<\/strong><span class=\"petit\"> \u2013 Belfort \u2013 20-22\/07\/2021<\/span><\/a><\/li><a href=\"https:\/\/www.wallendorff.com\/belogue\/tag\/eurockeennes-2021\/\">\n<li><span style=\"text-decoration: line-through;\"><strong>Les Eurock\u00e9ennes<\/strong><span class=\"petit\"> \u2013 Belfort \u2013 01-04\/07\/2021<\/span><\/span><\/li>\n<\/a><\/ul><a href=\"https:\/\/www.wallendorff.com\/belogue\/tag\/eurockeennes-2021\/\">\n<p>&nbsp;<\/p><\/a>\n\n\n\n<p><\/p>\n","protected":false},"excerpt":{"rendered":"<p>Fnac live : Curtis Harding \/ Cat Power \/ Sofiane Pamart \u2013 Th\u00e9\u00e2tre du Ch\u00e2telet \u2013 Paris \u2013 06\/12\/2021 AaRON + Adam Naas \u2013 le Z\u00e9nith \u2013 Paris \u2013 26\/11\/2021 MaMa Festival \u2013 Paris \u2013 13-14\/10\/2021 Festival Face B \u2013 Charleville-M\u00e9zi\u00e8res \u2013 26-29\/08\/2021 Le Cabaret Vert \u2013 Charleville-M\u00e9zi\u00e8res \u2013 19-22\/08\/2021 Pal\u00e9o Festival \u2013 Nyon \u2013&hellip;<\/p>\n","protected":false},"author":1,"featured_media":0,"parent":12472,"menu_order":0,"comment_status":"closed","ping_status":"closed","template":"","meta":{"_acf_changed":false,"ngg_post_thumbnail":0,"jetpack_post_was_ever_published":false,"footnotes":""},"class_list":["post-50107","page","type-page","status-publish","hentry"],"acf":[],"jetpack_shortlink":"https:\/\/wp.me\/P3b35P-d2b","jetpack_sharing_enabled":true,"jetpack-related-posts":[{"id":127246,"url":"https:\/\/www.wallendorff.com\/belogue\/gigographie\/2024-2\/","url_meta":{"origin":50107,"position":0},"title":"2024","author":"dpc","date":"2 f\u00e9vrier 2024","format":false,"excerpt":"Gar\u00e7ons Fragiles \u2013 TDtF \u2013 Paris \u2013 07\/11\/2024 Heilung + Zeal and Ardor \u2013 Le Z\u00e9nith \u2013 Paris \u2013 17\/09\/2024 Pete Doherty + Delgado Jones \u2013 Le SEW \u2013 Morlaix \u2013 11\/09\/2024 Bleachers + Amy Allen \u2013 L'Olympia \u2013 Paris \u2013 02\/09\/2024 Flogging Molly + The Scratch \u2013 Le Bataclan\u2026","rel":"","context":"Article similaire","block_context":{"text":"Article similaire","link":""},"img":{"alt_text":"","src":"","width":0,"height":0},"classes":[]},{"id":131715,"url":"https:\/\/www.wallendorff.com\/belogue\/gigographie\/2025-2\/","url_meta":{"origin":50107,"position":1},"title":"2025","author":"dpc","date":"6 f\u00e9vrier 2025","format":false,"excerpt":"Black Rebel Motorcycle Club + Night Beats \u2013 L'Olympia \u2013 Paris \u2013 09\/12\/2025 Black Rebel Motorcycle Club + Night Beats \u2013 Paradiso \u2013 Amsterdam \u2013 08\/12\/2025 Black Rebel Motorcycle Club + Night Beats \u2013 Den Atelier \u2013 Luxembourg \u2013 29\/11\/2025 Jamiroquai + Cerrone \u2013 Bercy Ar\u00e9na \u2013 Paris \u2013 27\/11\/2025\u2026","rel":"","context":"Article similaire","block_context":{"text":"Article similaire","link":""},"img":{"alt_text":"","src":"","width":0,"height":0},"classes":[]},{"id":37144,"url":"https:\/\/www.wallendorff.com\/belogue\/artistes-a-z\/artistes-k-z\/","url_meta":{"origin":50107,"position":2},"title":"Artistes K \u2013 Z","author":"dpc","date":"31 janvier 2018","format":false,"excerpt":"K Kadebostany Le Caf\u00e9 de la Danse, Paris \u2013 20\/04\/2016 Pal\u00e9o Festival, Nyon \u2013 25\/07\/2013 Kaiser Chiefs La Fl\u00e8che d\u2019Or, Paris \u2013 22\/04\/2014 Main Square Festival, Arras \u2013 02\/07\/2011 Kalash Les Eurock\u00e9ennes, Belfort \u2013 04\/07\/2025 Kaleo Pal\u00e9o Festival, Nyon \u2013 17\/07\/2018 L'Olympia, Paris \u2013 15\/11\/2017 Le Trianon, Paris \u2013 27\/01\/2017\u2026","rel":"","context":"Article similaire","block_context":{"text":"Article similaire","link":""},"img":{"alt_text":"","src":"","width":0,"height":0},"classes":[]},{"id":37142,"url":"https:\/\/www.wallendorff.com\/belogue\/artistes-a-z\/artistes-a-j\/","url_meta":{"origin":50107,"position":3},"title":"Artistes A \u2013 J","author":"dpc","date":"31 janvier 2018","format":false,"excerpt":"A Aaron Le Z\u00e9nith, Paris \u2013 26\/11\/2021 Pal\u00e9o Festival, Nyon \u2013 19\/07\/2016 La Cigale, Paris \u2013 14\/10\/2015 Aaron, Anna Les Trois Baudets, Paris \u2013 04\/11\/2014 Centre Culturel Suisse, Paris \u2013 14\/03\/2012 Acid Arab Les Eurock\u00e9ennes en r\u00e9sidence secondaire, Belfort \u2013 20\/07\/2021 Ad\u00e9 Les Eurock\u00e9ennes, Belfort \u2013 29\/06\/2023 Adieu Gary Cooper\u2026","rel":"","context":"Article similaire","block_context":{"text":"Article similaire","link":""},"img":{"alt_text":"","src":"","width":0,"height":0},"classes":[]},{"id":44765,"url":"https:\/\/www.wallendorff.com\/belogue\/gigographie\/2020-2\/","url_meta":{"origin":50107,"position":4},"title":"2020","author":"dpc","date":"24 janvier 2020","format":false,"excerpt":"Soulpeanuts Big Band \u2013 Villa Celimontana \u2013 Rome \u2013 19\/09\/2020 Le Cabaret Vert \u2013 Charleville-M\u00e9zi\u00e8res \u2013 20-23\/08\/2020 Pal\u00e9o Festival \u2013 Nyon \u2013 20-26\/07\/2020 Les Eurock\u00e9ennes \u2013 Belfort \u2013 01-04\/07\/2020 Robin McKelle \u2013 le New Morning \u2013 Paris \u2013 17\/03\/2020 Caravan Palace + Slim and the Beast \u2013 le Z\u00e9nith \u2013\u2026","rel":"","context":"Article similaire","block_context":{"text":"Article similaire","link":""},"img":{"alt_text":"","src":"","width":0,"height":0},"classes":[]},{"id":53744,"url":"https:\/\/www.wallendorff.com\/belogue\/gigographie\/2022-2\/","url_meta":{"origin":50107,"position":5},"title":"2022","author":"dpc","date":"27 novembre 2022","format":false,"excerpt":"Cali + Kessada \u2013 la Machine du Moulin Rouge \u2013 Paris \u2013 21\/11\/2022 Warhaus \u2013 le Point \u00c9ph\u00e9m\u00e8re \u2013 Paris \u2013 18\/11\/2022 Muse + Bandit Bandit \u2013 Salle Pleyel \u2013 Paris \u2013 25\/10\/2022 Kasabian + DMA's \u2013 l'Olympia \u2013 Paris \u2013 14\/10\/2022 Arcade Fire \u2013 Bercy Ar\u00e9na \u2013 Paris \u2013\u2026","rel":"","context":"Article similaire","block_context":{"text":"Article similaire","link":""},"img":{"alt_text":"","src":"","width":0,"height":0},"classes":[]}],"_links":{"self":[{"href":"https:\/\/www.wallendorff.com\/belogue\/wp-json\/wp\/v2\/pages\/50107","targetHints":{"allow":["GET"]}}],"collection":[{"href":"https:\/\/www.wallendorff.com\/belogue\/wp-json\/wp\/v2\/pages"}],"about":[{"href":"https:\/\/www.wallendorff.com\/belogue\/wp-json\/wp\/v2\/types\/page"}],"author":[{"embeddable":true,"href":"https:\/\/www.wallendorff.com\/belogue\/wp-json\/wp\/v2\/users\/1"}],"replies":[{"embeddable":true,"href":"https:\/\/www.wallendorff.com\/belogue\/wp-json\/wp\/v2\/comments?post=50107"}],"version-history":[{"count":3,"href":"https:\/\/www.wallendorff.com\/belogue\/wp-json\/wp\/v2\/pages\/50107\/revisions"}],"predecessor-version":[{"id":53747,"href":"https:\/\/www.wallendorff.com\/belogue\/wp-json\/wp\/v2\/pages\/50107\/revisions\/53747"}],"up":[{"embeddable":true,"href":"https:\/\/www.wallendorff.com\/belogue\/wp-json\/wp\/v2\/pages\/12472"}],"wp:attachment":[{"href":"https:\/\/www.wallendorff.com\/belogue\/wp-json\/wp\/v2\/media?parent=50107"}],"curies":[{"name":"wp","href":"https:\/\/api.w.org\/{rel}","templated":true}]}}