{"id":45367,"date":"2020-03-18T12:38:06","date_gmt":"2020-03-18T10:38:06","guid":{"rendered":"http:\/\/www.wallendorff.com\/belogue\/commande\/"},"modified":"2020-03-18T12:38:06","modified_gmt":"2020-03-18T10:38:06","slug":"commande","status":"publish","type":"page","link":"https:\/\/www.wallendorff.com\/belogue\/commande\/","title":{"rendered":"Validation de la commande"},"content":{"rendered":"<p>[woocommerce_checkout]<\/p>\n","protected":false},"excerpt":{"rendered":"[woocommerce_checkout]","protected":false},"author":1,"featured_media":0,"parent":0,"menu_order":0,"comment_status":"closed","ping_status":"closed","template":"","meta":{"_acf_changed":false,"ngg_post_thumbnail":0,"jetpack_post_was_ever_published":false,"footnotes":""},"class_list":["post-45367","page","type-page","status-publish","hentry"],"acf":[],"jetpack_shortlink":"https:\/\/wp.me\/P3b35P-bNJ","jetpack_sharing_enabled":true,"jetpack-related-posts":[{"id":13723,"url":"https:\/\/www.wallendorff.com\/belogue\/gigographie\/2010-2\/","url_meta":{"origin":45367,"position":0},"title":"2010","author":"dpc","date":"21 octobre 2011","format":false,"excerpt":"Elista + Hello Bye Bye + Phyltre + DJ Moule \u2013 la Fl\u00e8che d\u2019Or, Paris \u2013 10\/12\/2010 Gossip + Hercules and Love Affair + Metronomy \u2013 Palais omnisports de Paris-Bercy, Paris \u2013 09\/12\/2010 Blood Red Shoes + Wallace Vanborn \u2013 le Trabendo, Paris \u2013 07\/12\/2010 Sophie Hunger + Juliette Commagere\u2026","rel":"","context":"Article similaire","block_context":{"text":"Article similaire","link":""},"img":{"alt_text":"","src":"","width":0,"height":0},"classes":[]},{"id":22589,"url":"https:\/\/www.wallendorff.com\/belogue\/gigographie\/2014-2\/","url_meta":{"origin":45367,"position":1},"title":"2014","author":"dpc","date":"10 mars 2014","format":false,"excerpt":"Bring the Noise Festival\u00a0: Royal Blood + Loading Data + Spark Gap \u2013 le Point \u00c9ph\u00e9m\u00e8re \u2013 Paris \u2013 18\/12\/2014 ALB + Stal \u2013 le Caf\u00e9 de la Danse \u2013 Paris \u2013 09\/12\/2014 Sharon Van Etten + Marisa Anderson \u2013 la Maroquinerie \u2013 Paris \u2013 01\/12\/2014 Emplume ton Brunch\u00a0: Alex\u2026","rel":"","context":"Article similaire","block_context":{"text":"Article similaire","link":""},"img":{"alt_text":"","src":"","width":0,"height":0},"classes":[]},{"id":13741,"url":"https:\/\/www.wallendorff.com\/belogue\/gigographie\/2006-2\/","url_meta":{"origin":45367,"position":2},"title":"2006","author":"dpc","date":"21 octobre 2011","format":false,"excerpt":"Elista + Bogue \u2013 La Boule Noire, Paris \u2013 19\/12\/2006 \u2013 2 Muse + Razorlight \u2013 Palais omnisports de Paris-Bercy, Paris \u2013 14\/12\/2006 Indochine + Asyl \u2013 Palais omnisports de Paris-Bercy, Paris \u2013 08\/12\/2006 Troy Von Balthazar \u2013 La Maroquinerie, Paris \u2013 04\/12\/2006 \u2013 2 Iron Maiden + Trivium +\u2026","rel":"","context":"Article similaire","block_context":{"text":"Article similaire","link":""},"img":{"alt_text":"","src":"","width":0,"height":0},"classes":[]},{"id":23802,"url":"https:\/\/www.wallendorff.com\/belogue\/gigographie\/2015-2\/","url_meta":{"origin":45367,"position":3},"title":"2015","author":"dpc","date":"20 janvier 2015","format":false,"excerpt":"Concert tr\u00e8s tr\u00e8s priv\u00e9 RTL2\u00a0: Indochine \u2013 le Trianon \u2013 Paris \u2013 09\/12\/2015 FIDLAR + Bully \u2013 le Trianon \u2013 Paris \u2013 19\/11\/2015 Foo Fighters + Trombone Shorty & Orleans Avenue \u2013 Palais omnisport de Paris-Bercy \u2013 Paris \u2013 16\/11\/2015 Festival des Inrocks\u00a0: John Grant + Flo Morrissey + Max\u2026","rel":"","context":"Article similaire","block_context":{"text":"Article similaire","link":""},"img":{"alt_text":"","src":"","width":0,"height":0},"classes":[]},{"id":30167,"url":"https:\/\/www.wallendorff.com\/belogue\/gigographie\/2016-2\/","url_meta":{"origin":45367,"position":4},"title":"2016","author":"dpc","date":"28 janvier 2016","format":false,"excerpt":"The Wave Pictures + Os Noct\u00e0mbulos + Niko Yoko \u2013 l'Espace B \u2013 Paris \u2013 17\/12\/2016 Toy + Half Loon + Charles Howl \u2013 le Nouveau Casino \u2013 Paris \u2013 08\/12\/2016 Archive + Dr(dr)one \u2013 Salle Pleyel \u2013 Paris \u2013 29\/11\/2016 Kaleo + Dan Owen \u2013 la Maroquinerie \u2013 Paris\u2026","rel":"","context":"Article similaire","block_context":{"text":"Article similaire","link":""},"img":{"alt_text":"","src":"","width":0,"height":0},"classes":[]},{"id":13721,"url":"https:\/\/www.wallendorff.com\/belogue\/gigographie\/2011-2\/","url_meta":{"origin":45367,"position":5},"title":"2011","author":"dpc","date":"21 octobre 2011","format":false,"excerpt":"Kasabian + Miles Kane \u2013 The O2 Arena, Londres \u2013 14\/12\/2011 K's Choice \u2013 la Cigale, Paris \u2013 13\/12\/2011 Tom Vek + Im Takt \u2013 le Nouveau Casino, Paris \u2013 09\/12\/2011 The Horrors + Cerebral Ballzy \u2013 le Bataclan, Paris \u2013 07\/12\/2011 Black Lips + Acid Baby Jesus \u2013 la\u2026","rel":"","context":"Article similaire","block_context":{"text":"Article similaire","link":""},"img":{"alt_text":"","src":"","width":0,"height":0},"classes":[]}],"_links":{"self":[{"href":"https:\/\/www.wallendorff.com\/belogue\/wp-json\/wp\/v2\/pages\/45367","targetHints":{"allow":["GET"]}}],"collection":[{"href":"https:\/\/www.wallendorff.com\/belogue\/wp-json\/wp\/v2\/pages"}],"about":[{"href":"https:\/\/www.wallendorff.com\/belogue\/wp-json\/wp\/v2\/types\/page"}],"author":[{"embeddable":true,"href":"https:\/\/www.wallendorff.com\/belogue\/wp-json\/wp\/v2\/users\/1"}],"replies":[{"embeddable":true,"href":"https:\/\/www.wallendorff.com\/belogue\/wp-json\/wp\/v2\/comments?post=45367"}],"version-history":[{"count":0,"href":"https:\/\/www.wallendorff.com\/belogue\/wp-json\/wp\/v2\/pages\/45367\/revisions"}],"wp:attachment":[{"href":"https:\/\/www.wallendorff.com\/belogue\/wp-json\/wp\/v2\/media?parent=45367"}],"curies":[{"name":"wp","href":"https:\/\/api.w.org\/{rel}","templated":true}]}}