{"id":44577,"date":"2020-01-03T18:18:14","date_gmt":"2020-01-03T16:18:14","guid":{"rendered":"http:\/\/www.wallendorff.com\/belogue\/?page_id=44577"},"modified":"2025-02-06T13:28:05","modified_gmt":"2025-02-06T11:28:05","slug":"2019-2","status":"publish","type":"page","link":"https:\/\/www.wallendorff.com\/belogue\/gigographie\/2019-2\/","title":{"rendered":"2019"},"content":{"rendered":"<ul>\n<li><strong>Foule Support&nbsp; Street Press<\/strong> <span class=\"petit\"> \u2013 Chair de Poule \u2013 Paris \u2013 14\/12\/2019<\/span><\/li>\n<li><a href=\"https:\/\/www.wallendorff.com\/belogue\/2019\/11\/28\/feeder-le-nouveau-casino-paris-27-novembre-2019\/\"><strong>Feeder<\/strong> <span class=\"petit\">+ Wylo \u2013 le Nouveau Casino \u2013 Paris \u2013 27\/11\/2019<\/span><\/a><\/li>\n<li><a href=\"https:\/\/www.wallendorff.com\/belogue\/2019\/11\/17\/ben-kweller-bowery-ballroom-new-york-8-novembre-2019\/\"><strong>Ben Kweller<\/strong> <span class=\"petit\">+ Jake Troth \u2013 Bowery Ballroom \u2013 New York \u2013 08\/11\/2019<\/span><\/a><\/li>\n<li><strong>MaMA Festival<\/strong><span class=\"petit\"> \u2013 Paris \u2013 16-17\/10\/2019<\/span><\/li>\n<li><strong>Amanda Palmer<\/strong> <span class=\"petit\"> \u2013 le Bataclan \u2013 Paris \u2013 28\/09\/2019<\/span><\/li>\n<li><a href=\"https:\/\/www.wallendorff.com\/belogue\/2019\/09\/25\/joseph-fisher-les-trois-baudets-paris-20-septembre-2019\/\"><strong>Joseph Fisher<\/strong> <span class=\"petit\">+ PJ@Mellor \u2013 les Trois Baudets \u2013 Paris \u2013 20\/09\/2019<\/span><\/a><\/li>\n<li><a href=\"https:\/\/www.wallendorff.com\/belogue\/tag\/le-cabaret-vert-2018\/\"><strong>Le Cabaret Vert<\/strong><span class=\"petit\"> \u2013 Charleville-M\u00e9zi\u00e8res \u2013 24-26\/08\/2019<\/span><\/a><\/li>\n<li><a href=\"https:\/\/www.wallendorff.com\/belogue\/tag\/paleo-festival-2019\/\"><strong>Pal\u00e9o Festival<\/strong><span class=\"petit\"> \u2013 Nyon \u2013 23-28\/07\/2019<\/span><\/a><\/li>\n<li><strong>Metrix<\/strong> <span class=\"petit\"> \u2013 la Maroquinerie \u2013 Paris \u2013 19\/07\/2019<\/span><\/li>\n<li><a href=\"https:\/\/www.wallendorff.com\/belogue\/tag\/eurockeennes-2019\/\"><strong>Les Eurock\u00e9ennes<\/strong><span class=\"petit\"> \u2013 Belfort \u2013 04-07\/07\/2019<\/span><\/a><\/li>\n<li><a href=\"https:\/\/www.wallendorff.com\/belogue\/2019\/07\/03\/interpol-lolympia-paris-2-juillet-2019\/\"><strong>Interpol<\/strong> <span class=\"petit\"> + Juniore \u2013 l&rsquo;Olympia \u2013 Paris \u2013 02\/07\/2019<\/span><\/a><\/li>\n<li><span class=\"petit\">Soul-sol session Spinnup \u00d7 PdB 2019&nbsp;:<\/span> <strong>Juice<\/strong> \/ <strong>Welcome Jules<\/strong> \/ <strong>Liims<\/strong> \/ <strong>Ben<\/strong> <span class=\"petit\">\u2013 Kub Hotel \u2013 Paris \u2013 13\/06\/2019<\/span><\/li>\n<li><a href=\"https:\/\/www.wallendorff.com\/belogue\/2019\/06\/04\/black-rebel-motorcycle-club-rockhal-esch-sur-alzette-31-mai-2019\/\"><strong>Alice in Chains<\/strong> <span class=\"petit\"> + Black Rebel Motorcycle Club \u2013 Rockhal \u2013 Esch-sur-Alzette \u2013 31\/05\/2019<\/span><\/a><\/li>\n<li><a href=\"https:\/\/www.wallendorff.com\/belogue\/2019\/06\/03\/black-rebel-motorcycle-club-lancienne-belgique-bruxelles-30-mai-2019\/\"><strong>Alice in Chains<\/strong> <span class=\"petit\"> + Black Rebel Motorcycle Club \u2013 l&rsquo;Ancienne Belgique \u2013 Bruxelles \u2013 30\/05\/2019<\/span><\/a><\/li>\n<li><a href=\"https:\/\/www.wallendorff.com\/belogue\/2019\/06\/02\/black-rebel-motorcycle-club-lolympia-paris-28-mai-2019\/\"><strong>Alice in Chains<\/strong> <span class=\"petit\"> + Black Rebel Motorcycle Club \u2013 l&rsquo;Olympia \u2013 Paris \u2013 28\/05\/2019<\/span><\/a><\/li>\n<li><strong>Jeanne Added<\/strong> <span class=\"petit\">+ Claire Laffut \u2013 Champ de Mars \u2013 Paris  \u2013 15\/05\/2019<\/span><\/li>\n<li><strong>Konzert vro Europu<\/strong> <span class=\"petit\"> \u2013 Prague \u2013 09\/05\/2019<\/span><\/li>\n<li><a href=\"https:\/\/www.wallendorff.com\/belogue\/2019\/05\/07\/rat-boy-le-point-ephemere-paris-6-mai-2019\/\"><strong>RAT BOY<\/strong> <span class=\"petit\"> + Bikini Gorge \u2013 le Point \u00c9ph\u00e9m\u00e8re \u2013 Paris \u2013 06\/05\/2019<\/span><\/a><\/li>\n<li><strong>Maps &amp; Atlases<\/strong> <span class=\"petit\">+ Catherine \u2013 le Supersonic \u2013 Paris \u2013 30\/04\/2019<\/span><\/li>\n<li><a href=\"https:\/\/www.wallendorff.com\/belogue\/2019\/04\/25\/ron-gallo-le-point-ephemere-paris-24-avril-2019\/\"><strong>Ron Gallo<\/strong> <span class=\"petit\"> + Fantastic Mister Zguy \u2013 le Point \u00c9ph\u00e9m\u00e8re \u2013 Paris \u2013 24\/04\/2019<\/span><\/a><\/li>\n<li><a href=\"https:\/\/www.wallendorff.com\/belogue\/2019\/04\/18\/drenge-henry-le-nouveau-casino-paris-17-avril-2019\/\"><strong>Drenge<\/strong> <span class=\"petit\"> + Henry \u2013 le Nouveau Casino \u2013 Paris \u2013 17\/04\/2019<\/span><\/a><\/li>\n<li><span class=\"petit\">Give me five!&nbsp;:<\/span> <strong>Norman Would<\/strong> \/ <strong>Jomei<\/strong> \/ <strong>Ys\u00e9 Sauvage<\/strong> \/ <strong>Rovski<\/strong> \/ <strong>Days in Orbit<\/strong> <span class=\"petit\">\u2013 le Flow \u2013 Paris \u2013 02\/04\/2019<\/span><\/li>\n<li><strong>White Lies<\/strong> <span class=\"petit\">+ Boniface \u2013 le Trabendo \u2013 Paris \u2013 19\/03\/2019<\/span><\/li>\n<li><span class=\"petit\">Les Nuits de l&rsquo;Alligator&nbsp;:<\/span> <a href=\"https:\/\/www.wallendorff.com\/belogue\/2019\/02\/19\/yak-the-schizophonics-howlin-jaws-la-maroquinerie-paris-18-fevrier-2018\/\"><strong>Yak<\/strong> <span class=\"petit\"> + The Schizophonics + Howlin&rsquo; Jaws \u2013 la Maroquinerie \u2013 Paris \u2013 18\/02\/2019<\/span><\/a><\/li>\n<li><a href=\"https:\/\/www.wallendorff.com\/belogue\/2019\/02\/14\/the-wombats-circa-waves-le-trabendo-paris-5-fevrier-2019\/\"><strong>The Wombats<\/strong> <span class=\"petit\"> + Circa Waves + Bloxx \u2013 le Trabendo \u2013 Paris \u2013 05\/02\/2019<\/span><\/a><\/li>\n<li><a href=\"https:\/\/www.wallendorff.com\/belogue\/2019\/01\/31\/and-you-will-know-us-by-the-trail-of-dead-le-petit-bain-paris-30-janvier-2019\/\"><strong>&#8230;And You Will Know Us by the Trail of Dead<\/strong><span class=\"petit\"> + King Phantom \u2013 Le Petit Bain \u2013 Paris \u2013 30\/01\/2019<\/span><\/a><\/li>\n<\/ul>\n","protected":false},"excerpt":{"rendered":"<p>Foule Support&nbsp; Street Press \u2013 Chair de Poule \u2013 Paris \u2013 14\/12\/2019 Feeder + Wylo \u2013 le Nouveau Casino \u2013 Paris \u2013 27\/11\/2019 Ben Kweller + Jake Troth \u2013 Bowery Ballroom \u2013 New York \u2013 08\/11\/2019 MaMA Festival \u2013 Paris \u2013 16-17\/10\/2019 Amanda Palmer \u2013 le Bataclan \u2013 Paris \u2013 28\/09\/2019 Joseph Fisher + PJ@Mellor&hellip;<\/p>\n","protected":false},"author":1,"featured_media":0,"parent":12472,"menu_order":0,"comment_status":"closed","ping_status":"closed","template":"","meta":{"_acf_changed":false,"ngg_post_thumbnail":0,"jetpack_post_was_ever_published":false,"footnotes":""},"class_list":["post-44577","page","type-page","status-publish","hentry"],"acf":[],"jetpack_shortlink":"https:\/\/wp.me\/P3b35P-bAZ","jetpack_sharing_enabled":true,"jetpack-related-posts":[{"id":127246,"url":"https:\/\/www.wallendorff.com\/belogue\/gigographie\/2024-2\/","url_meta":{"origin":44577,"position":0},"title":"2024","author":"dpc","date":"2 f\u00e9vrier 2024","format":false,"excerpt":"Gar\u00e7ons Fragiles \u2013 TDtF \u2013 Paris \u2013 07\/11\/2024 Heilung + Zeal and Ardor \u2013 Le Z\u00e9nith \u2013 Paris \u2013 17\/09\/2024 Pete Doherty + Delgado Jones \u2013 Le SEW \u2013 Morlaix \u2013 11\/09\/2024 Bleachers + Amy Allen \u2013 L'Olympia \u2013 Paris \u2013 02\/09\/2024 Flogging Molly + The Scratch \u2013 Le Bataclan\u2026","rel":"","context":"Article similaire","block_context":{"text":"Article similaire","link":""},"img":{"alt_text":"","src":"","width":0,"height":0},"classes":[]},{"id":131715,"url":"https:\/\/www.wallendorff.com\/belogue\/gigographie\/2025-2\/","url_meta":{"origin":44577,"position":1},"title":"2025","author":"dpc","date":"6 f\u00e9vrier 2025","format":false,"excerpt":"Black Rebel Motorcycle Club + Night Beats \u2013 L'Olympia \u2013 Paris \u2013 09\/12\/2025 Black Rebel Motorcycle Club + Night Beats \u2013 Paradiso \u2013 Amsterdam \u2013 08\/12\/2025 Black Rebel Motorcycle Club + Night Beats \u2013 Den Atelier \u2013 Luxembourg \u2013 29\/11\/2025 Jamiroquai + Cerrone \u2013 Bercy Ar\u00e9na \u2013 Paris \u2013 27\/11\/2025\u2026","rel":"","context":"Article similaire","block_context":{"text":"Article similaire","link":""},"img":{"alt_text":"","src":"","width":0,"height":0},"classes":[]},{"id":127240,"url":"https:\/\/www.wallendorff.com\/belogue\/gigographie\/2023-2\/","url_meta":{"origin":44577,"position":2},"title":"2023","author":"dpc","date":"2 f\u00e9vrier 2024","format":false,"excerpt":"Pal\u00e9o Festival \u2013 Nyon \u2013 18-23\/07\/2023 Days Off Festival \u2013 Interpol + Jehnny Beth \u2013 Philharmonie de Paris \u2013 05\/07\/2023 Les Eurock\u00e9ennes \u2013 Belfort \u2013 29\/06-02\/07\/2023 The Black Keys + Spoon + Shannon and the Clams \u2013 le Z\u00e9nith \u2013 Paris \u2013 18\/06\/2023 Gar\u00e7ons Fragiles \u2013 La Belle Maison \u2013\u2026","rel":"","context":"Article similaire","block_context":{"text":"Article similaire","link":""},"img":{"alt_text":"","src":"","width":0,"height":0},"classes":[]},{"id":13741,"url":"https:\/\/www.wallendorff.com\/belogue\/gigographie\/2006-2\/","url_meta":{"origin":44577,"position":3},"title":"2006","author":"dpc","date":"21 octobre 2011","format":false,"excerpt":"Elista + Bogue \u2013 La Boule Noire, Paris \u2013 19\/12\/2006 \u2013 2 Muse + Razorlight \u2013 Palais omnisports de Paris-Bercy, Paris \u2013 14\/12\/2006 Indochine + Asyl \u2013 Palais omnisports de Paris-Bercy, Paris \u2013 08\/12\/2006 Troy Von Balthazar \u2013 La Maroquinerie, Paris \u2013 04\/12\/2006 \u2013 2 Iron Maiden + Trivium +\u2026","rel":"","context":"Article similaire","block_context":{"text":"Article similaire","link":""},"img":{"alt_text":"","src":"","width":0,"height":0},"classes":[]},{"id":13721,"url":"https:\/\/www.wallendorff.com\/belogue\/gigographie\/2011-2\/","url_meta":{"origin":44577,"position":4},"title":"2011","author":"dpc","date":"21 octobre 2011","format":false,"excerpt":"Kasabian + Miles Kane \u2013 The O2 Arena, Londres \u2013 14\/12\/2011 K's Choice \u2013 la Cigale, Paris \u2013 13\/12\/2011 Tom Vek + Im Takt \u2013 le Nouveau Casino, Paris \u2013 09\/12\/2011 The Horrors + Cerebral Ballzy \u2013 le Bataclan, Paris \u2013 07\/12\/2011 Black Lips + Acid Baby Jesus \u2013 la\u2026","rel":"","context":"Article similaire","block_context":{"text":"Article similaire","link":""},"img":{"alt_text":"","src":"","width":0,"height":0},"classes":[]},{"id":13723,"url":"https:\/\/www.wallendorff.com\/belogue\/gigographie\/2010-2\/","url_meta":{"origin":44577,"position":5},"title":"2010","author":"dpc","date":"21 octobre 2011","format":false,"excerpt":"Elista + Hello Bye Bye + Phyltre + DJ Moule \u2013 la Fl\u00e8che d\u2019Or, Paris \u2013 10\/12\/2010 Gossip + Hercules and Love Affair + Metronomy \u2013 Palais omnisports de Paris-Bercy, Paris \u2013 09\/12\/2010 Blood Red Shoes + Wallace Vanborn \u2013 le Trabendo, Paris \u2013 07\/12\/2010 Sophie Hunger + Juliette Commagere\u2026","rel":"","context":"Article similaire","block_context":{"text":"Article similaire","link":""},"img":{"alt_text":"","src":"","width":0,"height":0},"classes":[]}],"_links":{"self":[{"href":"https:\/\/www.wallendorff.com\/belogue\/wp-json\/wp\/v2\/pages\/44577","targetHints":{"allow":["GET"]}}],"collection":[{"href":"https:\/\/www.wallendorff.com\/belogue\/wp-json\/wp\/v2\/pages"}],"about":[{"href":"https:\/\/www.wallendorff.com\/belogue\/wp-json\/wp\/v2\/types\/page"}],"author":[{"embeddable":true,"href":"https:\/\/www.wallendorff.com\/belogue\/wp-json\/wp\/v2\/users\/1"}],"replies":[{"embeddable":true,"href":"https:\/\/www.wallendorff.com\/belogue\/wp-json\/wp\/v2\/comments?post=44577"}],"version-history":[{"count":2,"href":"https:\/\/www.wallendorff.com\/belogue\/wp-json\/wp\/v2\/pages\/44577\/revisions"}],"predecessor-version":[{"id":131718,"href":"https:\/\/www.wallendorff.com\/belogue\/wp-json\/wp\/v2\/pages\/44577\/revisions\/131718"}],"up":[{"embeddable":true,"href":"https:\/\/www.wallendorff.com\/belogue\/wp-json\/wp\/v2\/pages\/12472"}],"wp:attachment":[{"href":"https:\/\/www.wallendorff.com\/belogue\/wp-json\/wp\/v2\/media?parent=44577"}],"curies":[{"name":"wp","href":"https:\/\/api.w.org\/{rel}","templated":true}]}}