{"id":37138,"date":"2018-01-31T15:32:36","date_gmt":"2018-01-31T13:32:36","guid":{"rendered":"http:\/\/www.wallendorff.com\/belogue\/?page_id=37138"},"modified":"2018-12-27T11:58:53","modified_gmt":"2018-12-27T09:58:53","slug":"2018-2","status":"publish","type":"page","link":"https:\/\/www.wallendorff.com\/belogue\/gigographie\/2018-2\/","title":{"rendered":"2018"},"content":{"rendered":"<ul>\n<li>Film Noir \/ Children of the State \/ Manuka Hive \u2013 Supersonic \u2013 Paris \u2013 18\/12\/2018<\/li>\n<li><a href=\"https:\/\/www.wallendorff.com\/belogue\/2018\/11\/29\/interpol-forest-national-bruxelles-28-novembre-2018\/\"><strong>Interpol<\/strong> <span class=\"petit\">+ Nil\u00fcfer Yanya \u2013 Forest National \u2013 Bruxelles \u2013 28\/11\/2018<\/span><\/a><\/li>\n<li><a href=\"https:\/\/www.wallendorff.com\/belogue\/2018\/11\/17\/cali-theatre-dejazet-paris-16-novembre-2018\/\"><strong>Cali<\/strong> <span class=\"petit\">chante Ferr\u00e9 \u2013 Th\u00e9\u00e2tre D\u00e9jazet \u2013 Paris \u2013 16\/11\/2018<\/span><\/a><\/li>\n<li><span class=\"petit\">Spinnup session n<sup>o<\/sup> 5&nbsp;:<\/span> Marty Went Black \/ The Dharma Jerks \/ Les Pleureuses \/ Affidavit \u2013 l&rsquo;Olympic Caf\u00e9 \u2013 Paris \u2013 15\/11\/2018<\/li>\n<li><a href=\"https:\/\/www.wallendorff.com\/belogue\/2018\/11\/30\/novembre-2018\/\"><strong>Courtney Barnett<\/strong> <span class=\"petit\">+ Laura Jean \u2013 le Casino de Paris \u2013 Paris \u2013 07\/11\/2018<\/span><\/a><\/li>\n<li><a href=\"https:\/\/www.wallendorff.com\/belogue\/2018\/11\/02\/george-ezra-ten-tonnes-la-cigale-paris-1er-novembre-2018\/\"><strong>George Ezra<\/strong> <span class=\"petit\">+ Ten Tonnes \u2013 la Cigale \u2013 Paris \u2013 01\/11\/2018<\/span><\/a><\/li>\n<li><a href=\"https:\/\/www.wallendorff.com\/belogue\/2018\/10\/25\/motorama-le-petit-bain-paris-24-octobre-2018\/\"><strong>Motorama<\/strong> <span class=\"petit\">+ R.Missing \u2013 le Petit-Bain \u2013 Paris \u2013 24\/10\/2018<\/span><\/a><\/li>\n<li><a href=\"https:\/\/www.wallendorff.com\/belogue\/2018\/10\/24\/mama-festival-paris-17-19-octobre-2018\/\"><strong>MaMA Festival<\/strong><span class=\"petit\"> \u2013 Paris \u2013 17-19\/10\/2018<\/span><\/a><\/li>\n<li><a href=\"https:\/\/www.wallendorff.com\/belogue\/2018\/10\/17\/bloc-party-middle-kids-le-zenith-paris-18-octobre-2018\/\"><strong>Bloc Party<\/strong> <span class=\"petit\">+ Middle Kids \u2013 le Z\u00e9nith \u2013 Paris \u2013 16\/10\/2018<\/span><\/a><\/li>\n<li><a href=\"https:\/\/www.wallendorff.com\/belogue\/2018\/10\/05\/miles-kane-la-cigale-paris-14-octobre-2018\/\"><strong>Miles Kane<\/strong> <span class=\"petit\">+ Juniore \u2013 la Cigale \u2013 Paris \u2013 04\/10\/2018<\/span><\/a><\/li>\n<li><a href=\"https:\/\/www.wallendorff.com\/belogue\/2018\/09\/26\/biffy-clyro-le-bataclan-paris-25-septembre-2018\/\"><strong>Biffy Clyro<\/strong> <span class=\"petit\">+ The Xcerts \u2013 le Bataclan \u2013 Paris \u2013 25\/09\/2018<\/span><\/a><\/li>\n<li><span class=\"petit\">Eldorado Music Festival&nbsp;:<\/span> <a href=\"https:\/\/www.wallendorff.com\/belogue\/2018\/09\/25\/mien-eldorado-music-festival-le-cafe-de-la-danse-paris-24-septembre-2018\"><strong>MIEN<\/strong> <span class=\"petit\"> + Delacave \u2013 le Caf\u00e9 de la Danse \u2013 Paris \u2013 24\/09\/2018<\/span><\/a><\/li>\n<li><strong>Vodkalovejoy<\/strong> <span class=\"petit\"> \u2013 Le Quartier G\u00e9n\u00e9ral \u2013 Paris \u2013 06\/09\/2018<\/span><\/li>\n<li><a href=\"https:\/\/www.wallendorff.com\/belogue\/tag\/le-cabaret-vert-2018\/\"><strong>Le Cabaret Vert<\/strong><span class=\"petit\"> \u2013 Charleville-M\u00e9zi\u00e8res \u2013 24-26\/08\/2018<\/span><\/a><\/li>\n<li><a href=\"https:\/\/www.wallendorff.com\/belogue\/2018\/08\/31\/aout-2018\/\"><strong>Vlatko Stefanovski<\/strong> <span class=\"petit\"> \u2013 Th\u00e9\u00e2tre antique \u2013 Ohrid \u2013 01\/08\/2018<\/span><\/a><\/li>\n<li><a href=\"https:\/\/www.wallendorff.com\/belogue\/tag\/paleo-festival-2018\/\"><strong>Pal\u00e9o Festival<\/strong><span class=\"petit\"> \u2013 Nyon \u2013 17-23\/07\/2018<\/span><\/a><\/li>\n<li><a href=\"https:\/\/www.wallendorff.com\/belogue\/tag\/eurockeennes-2018\/\"><strong>Les Eurock\u00e9ennes<\/strong><span class=\"petit\"> \u2013 Belfort \u2013 05-08\/07\/2018<\/span><\/a><\/li>\n<li><a href=\"https:\/\/www.wallendorff.com\/belogue\/2018\/07\/25\/downaload-festival-bretigny-sur-orge-15-17-et-18-juin-2018\/\"><strong>Download Festival<\/strong><span class=\"petit\"> \u2013 Br\u00e9tigny-sur-Orge \u2013 15, 17-18\/06\/2018<\/span><\/a><\/li>\n<li><strong>Pearl Jam<\/strong><span class=\"petit\"> \u2013 Ziggo Dome \u2013 Amsterdam \u2013 13\/06\/2018<\/span><\/li>\n<li><a href=\"https:\/\/www.wallendorff.com\/belogue\/2018\/05\/30\/phoenix-la-gaite-lyrique-paris-29-mai-2018\/\"><strong>Phoenix<\/strong>  + Giorgio Poi + R\u00e9mi Parson + Aureliano Tonet (DJ set)<span class=\"petit\"> \u2013 la Ga\u00eet\u00e9-Lyrique \u2013 Paris \u2013 29\/05\/2018<\/span><\/a><\/li>\n<li><a href=\"https:\/\/www.wallendorff.com\/belogue\/2018\/05\/22\/night-beats-le-point-ephemere-paris-21-mai-2018\/\"><strong>Night Beats<\/strong> + Warbly Jets<span class=\"petit\"> \u2013 le Point \u00c9ph\u00e9m\u00e8re \u2013 Paris \u2013 21\/05\/2018<\/span><\/a><\/li>\n<li><a href=\"https:\/\/www.wallendorff.com\/belogue\/2018\/05\/18\/soviet-suprem-lelysee-montmartre-paris-17-mai\/\"><strong>Soviet Suprem<\/strong> + A\u00c4LMA DILI<span class=\"petit\"> \u2013 l&rsquo;\u00c9lys\u00e9e-Montmartre \u2013 Paris \u2013 17\/05\/2018<\/span><\/a><\/li>\n<li><a href=\"https:\/\/www.wallendorff.com\/belogue\/2018\/05\/31\/mai-2018\/\"><strong>Cats on Trees<\/strong> + Clou <span class=\"petit\"> \u2013 la Cigale \u2013 Paris \u2013 16\/05\/2018<\/span><\/a><\/li>\n<li><a href=\"https:\/\/www.wallendorff.com\/belogue\/2018\/04\/24\/shame-hotel-lux-black-midi-la-maroquinerie-paris-23-avril-2018\/\"><strong>Shame<\/strong>  + Hotel Lux + Black Mini <span class=\"petit\"> \u2013 la Maroquinerie \u2013 Paris \u2013 23\/04\/2018<\/span><\/a><\/li>\n<li><a href=\"https:\/\/www.wallendorff.com\/belogue\/2018\/04\/04\/noel-gallaghers-high-flying-birds-lolympia-paris-3-avril-2018\/\"><strong>Noel Gallagher&rsquo;s High Flying Birds<\/strong> <span class=\"petit\"> \u2013 l&rsquo;Olympia \u2013 Paris \u2013 03\/04\/2018<\/span><\/a><\/li>\n<li><a href=\"https:\/\/www.wallendorff.com\/belogue\/2018\/03\/30\/jack-white-studio-104-maison-de-la-radio-paris-29-mars-2018\/\"><strong>Jack White<\/strong> <span class=\"petit\"> \u2013 Maison de la Radio \u2013 Paris \u2013 29\/03\/2018<\/span><\/a><\/li>\n<li><a href=\"https:\/\/www.wallendorff.com\/belogue\/2018\/04\/11\/tomy-lobo-la-boule-noire-paris-28-mars-2018\/\"><strong>Tomy Lobo<\/strong> <span class=\"petit\"> + Foams + Trente \u2013 la Boule Noire \u2013 Paris \u2013 28\/03\/2018<\/span><\/a><\/li>\n<li><span class=\"petit\">Les Femmes s&rsquo;en m\u00ealent&nbsp;:<\/span> <a href=\"https:\/\/www.wallendorff.com\/belogue\/2018\/03\/27\/findlay-les-femmes-sen-melent-le-cafe-de-la-danse-paris-26-mars-2018\/\"><strong>Findlay<\/strong> <span class=\"petit\"> + Roni Alter \u2013 le Caf\u00e9 de la Danse \u2013 Paris \u2013 26\/03\/2018<\/span><\/a><\/li>\n<li><a href=\"https:\/\/www.wallendorff.com\/belogue\/2018\/03\/25\/editors-lolympia-paris-23-mars-2018\/\"><strong>Editors<\/strong> <span class=\"petit\"> + Public Broadcasting Service \u2013 l&rsquo;Olympia \u2013 Paris \u2013 23\/03\/2018<\/span><\/a><\/li>\n<li><a href=\"https:\/\/www.wallendorff.com\/belogue\/2018\/03\/24\/shaka-ponk-bercy-arena-23-mars-2018\/\"><strong>Shaka Ponk<\/strong> <span class=\"petit\"> + Mai Lan \u2013 Bercy Ar\u00e9na \u2013 Paris \u2013 22\/03\/2018<\/span><\/a><\/li>\n<li><span class=\"petit\">Concert priv\u00e9 RTL2 \u2013 Pop Rock Station by Z\u00e9gut&nbsp;:<\/span> <a href=\"https:\/\/www.wallendorff.com\/belogue\/2018\/03\/14\/editors-pop-rock-station-hard-rock-cafe-paris\/\"><strong>Editors<\/strong> <span class=\"petit\"> \u2013 Hard Rock Caf\u00e9 \u2013 Paris \u2013 13\/03\/2018<\/span><\/a><\/li>\n<li><span class=\"petit\">Pias Nite&nbsp;:<\/span> <a href=\"https:\/\/www.wallendorff.com\/belogue\/2018\/03\/09\/the-wombats-la-maroquinerie-paris-2\/\"><strong>The Wombats<\/strong> <span class=\"petit\"> + Pendentif + Wildes \u2013 la Maroquinerie \u2013 Paris \u2013 08\/03\/2018<\/span><\/a><\/li>\n<li><a href=\"https:\/\/www.wallendorff.com\/belogue\/2018\/03\/04\/liam-gallagher-lolympia-paris-2-mars\/\"><strong>Liam Gallagher<\/strong> <span class=\"petit\"> + The Sherlocks \u2013 l&rsquo;Olympia \u2013 Paris \u2013 02\/03\/2018<\/span><\/a><\/li>\n<li><a href=\"https:\/\/www.wallendorff.com\/belogue\/2018\/05\/03\/franz-ferdinand-le-zenith-paris-27-fevrier-2018\/\"><strong>Franz Ferdinand<\/strong> <span class=\"petit\"> + The Vaccines \u2013 le Z\u00e9nith \u2013 Paris \u2013 27\/02\/2018<\/span><\/a><\/li>\n<li><a href=\"https:\/\/www.wallendorff.com\/belogue\/2018\/02\/07\/mgmt-la-cigale-paris\/\"><strong>MGMT<\/strong> <span class=\"petit\"> + Molly Nilsson \u2013 la Cigale \u2013 Paris \u2013 05\/02\/2018<\/span><\/a><\/li>\n<li><a href=\"https:\/\/www.wallendorff.com\/belogue\/2018\/01\/26\/therapie-taxi-la-maroquinerie-paris\/\"><strong>Th\u00e9rapie Taxi<\/strong> <span class=\"petit\"> + Nouvelle Fronti\u00e8re \u2013 la Maroquinerie \u2013 Paris \u2013 25\/01\/2018<\/span><\/a><\/li>\n<li><strong>Piano Club<\/strong> <span class=\"petit\"> + Onze Onze + Projections \u2013 le Supersonic \u2013 Paris \u2013 24\/01\/2018<\/span><\/li>\n<li><a href=\"https:\/\/www.wallendorff.com\/belogue\/2018\/01\/12\/alt-j-marika-hackman-bercy-arena-paris\/\"><strong>\u0394<\/strong> <span class=\"petit\"> + Marika Hackman \u2013 Bercy Ar\u00e9na \u2013 Paris \u2013 11\/01\/2018<\/span><\/a><\/li>\n<\/ul>\n","protected":false},"excerpt":{"rendered":"<p>Film Noir \/ Children of the State \/ Manuka Hive \u2013 Supersonic \u2013 Paris \u2013 18\/12\/2018 Interpol + Nil\u00fcfer Yanya \u2013 Forest National \u2013 Bruxelles \u2013 28\/11\/2018 Cali chante Ferr\u00e9 \u2013 Th\u00e9\u00e2tre D\u00e9jazet \u2013 Paris \u2013 16\/11\/2018 Spinnup session no 5&nbsp;: Marty Went Black \/ The Dharma Jerks \/ Les Pleureuses \/ Affidavit \u2013 l&rsquo;Olympic&hellip;<\/p>\n","protected":false},"author":1,"featured_media":0,"parent":12472,"menu_order":0,"comment_status":"closed","ping_status":"closed","template":"","meta":{"_acf_changed":false,"ngg_post_thumbnail":0,"jetpack_post_was_ever_published":false,"footnotes":""},"class_list":["post-37138","page","type-page","status-publish","hentry"],"acf":[],"jetpack_shortlink":"https:\/\/wp.me\/P3b35P-9F0","jetpack_sharing_enabled":true,"jetpack-related-posts":[{"id":127246,"url":"https:\/\/www.wallendorff.com\/belogue\/gigographie\/2024-2\/","url_meta":{"origin":37138,"position":0},"title":"2024","author":"dpc","date":"2 f\u00e9vrier 2024","format":false,"excerpt":"Gar\u00e7ons Fragiles \u2013 TDtF \u2013 Paris \u2013 07\/11\/2024 Heilung + Zeal and Ardor \u2013 Le Z\u00e9nith \u2013 Paris \u2013 17\/09\/2024 Pete Doherty + Delgado Jones \u2013 Le SEW \u2013 Morlaix \u2013 11\/09\/2024 Bleachers + Amy Allen \u2013 L'Olympia \u2013 Paris \u2013 02\/09\/2024 Flogging Molly + The Scratch \u2013 Le Bataclan\u2026","rel":"","context":"Article similaire","block_context":{"text":"Article similaire","link":""},"img":{"alt_text":"","src":"","width":0,"height":0},"classes":[]},{"id":131715,"url":"https:\/\/www.wallendorff.com\/belogue\/gigographie\/2025-2\/","url_meta":{"origin":37138,"position":1},"title":"2025","author":"dpc","date":"6 f\u00e9vrier 2025","format":false,"excerpt":"Black Rebel Motorcycle Club + Night Beats \u2013 L'Olympia \u2013 Paris \u2013 09\/12\/2025 Black Rebel Motorcycle Club + Night Beats \u2013 Paradiso \u2013 Amsterdam \u2013 08\/12\/2025 Black Rebel Motorcycle Club + Night Beats \u2013 Den Atelier \u2013 Luxembourg \u2013 29\/11\/2025 Jamiroquai + Cerrone \u2013 Bercy Ar\u00e9na \u2013 Paris \u2013 27\/11\/2025\u2026","rel":"","context":"Article similaire","block_context":{"text":"Article similaire","link":""},"img":{"alt_text":"","src":"","width":0,"height":0},"classes":[]},{"id":127240,"url":"https:\/\/www.wallendorff.com\/belogue\/gigographie\/2023-2\/","url_meta":{"origin":37138,"position":2},"title":"2023","author":"dpc","date":"2 f\u00e9vrier 2024","format":false,"excerpt":"Pal\u00e9o Festival \u2013 Nyon \u2013 18-23\/07\/2023 Days Off Festival \u2013 Interpol + Jehnny Beth \u2013 Philharmonie de Paris \u2013 05\/07\/2023 Les Eurock\u00e9ennes \u2013 Belfort \u2013 29\/06-02\/07\/2023 The Black Keys + Spoon + Shannon and the Clams \u2013 le Z\u00e9nith \u2013 Paris \u2013 18\/06\/2023 Gar\u00e7ons Fragiles \u2013 La Belle Maison \u2013\u2026","rel":"","context":"Article similaire","block_context":{"text":"Article similaire","link":""},"img":{"alt_text":"","src":"","width":0,"height":0},"classes":[]},{"id":13741,"url":"https:\/\/www.wallendorff.com\/belogue\/gigographie\/2006-2\/","url_meta":{"origin":37138,"position":3},"title":"2006","author":"dpc","date":"21 octobre 2011","format":false,"excerpt":"Elista + Bogue \u2013 La Boule Noire, Paris \u2013 19\/12\/2006 \u2013 2 Muse + Razorlight \u2013 Palais omnisports de Paris-Bercy, Paris \u2013 14\/12\/2006 Indochine + Asyl \u2013 Palais omnisports de Paris-Bercy, Paris \u2013 08\/12\/2006 Troy Von Balthazar \u2013 La Maroquinerie, Paris \u2013 04\/12\/2006 \u2013 2 Iron Maiden + Trivium +\u2026","rel":"","context":"Article similaire","block_context":{"text":"Article similaire","link":""},"img":{"alt_text":"","src":"","width":0,"height":0},"classes":[]},{"id":13721,"url":"https:\/\/www.wallendorff.com\/belogue\/gigographie\/2011-2\/","url_meta":{"origin":37138,"position":4},"title":"2011","author":"dpc","date":"21 octobre 2011","format":false,"excerpt":"Kasabian + Miles Kane \u2013 The O2 Arena, Londres \u2013 14\/12\/2011 K's Choice \u2013 la Cigale, Paris \u2013 13\/12\/2011 Tom Vek + Im Takt \u2013 le Nouveau Casino, Paris \u2013 09\/12\/2011 The Horrors + Cerebral Ballzy \u2013 le Bataclan, Paris \u2013 07\/12\/2011 Black Lips + Acid Baby Jesus \u2013 la\u2026","rel":"","context":"Article similaire","block_context":{"text":"Article similaire","link":""},"img":{"alt_text":"","src":"","width":0,"height":0},"classes":[]},{"id":13723,"url":"https:\/\/www.wallendorff.com\/belogue\/gigographie\/2010-2\/","url_meta":{"origin":37138,"position":5},"title":"2010","author":"dpc","date":"21 octobre 2011","format":false,"excerpt":"Elista + Hello Bye Bye + Phyltre + DJ Moule \u2013 la Fl\u00e8che d\u2019Or, Paris \u2013 10\/12\/2010 Gossip + Hercules and Love Affair + Metronomy \u2013 Palais omnisports de Paris-Bercy, Paris \u2013 09\/12\/2010 Blood Red Shoes + Wallace Vanborn \u2013 le Trabendo, Paris \u2013 07\/12\/2010 Sophie Hunger + Juliette Commagere\u2026","rel":"","context":"Article similaire","block_context":{"text":"Article similaire","link":""},"img":{"alt_text":"","src":"","width":0,"height":0},"classes":[]}],"_links":{"self":[{"href":"https:\/\/www.wallendorff.com\/belogue\/wp-json\/wp\/v2\/pages\/37138","targetHints":{"allow":["GET"]}}],"collection":[{"href":"https:\/\/www.wallendorff.com\/belogue\/wp-json\/wp\/v2\/pages"}],"about":[{"href":"https:\/\/www.wallendorff.com\/belogue\/wp-json\/wp\/v2\/types\/page"}],"author":[{"embeddable":true,"href":"https:\/\/www.wallendorff.com\/belogue\/wp-json\/wp\/v2\/users\/1"}],"replies":[{"embeddable":true,"href":"https:\/\/www.wallendorff.com\/belogue\/wp-json\/wp\/v2\/comments?post=37138"}],"version-history":[{"count":17,"href":"https:\/\/www.wallendorff.com\/belogue\/wp-json\/wp\/v2\/pages\/37138\/revisions"}],"predecessor-version":[{"id":40749,"href":"https:\/\/www.wallendorff.com\/belogue\/wp-json\/wp\/v2\/pages\/37138\/revisions\/40749"}],"up":[{"embeddable":true,"href":"https:\/\/www.wallendorff.com\/belogue\/wp-json\/wp\/v2\/pages\/12472"}],"wp:attachment":[{"href":"https:\/\/www.wallendorff.com\/belogue\/wp-json\/wp\/v2\/media?parent=37138"}],"curies":[{"name":"wp","href":"https:\/\/api.w.org\/{rel}","templated":true}]}}