{"id":33494,"date":"2017-02-01T11:34:44","date_gmt":"2017-02-01T09:34:44","guid":{"rendered":"http:\/\/www.wallendorff.com\/belogue\/?page_id=33494"},"modified":"2018-03-08T18:33:18","modified_gmt":"2018-03-08T16:33:18","slug":"2017-2","status":"publish","type":"page","link":"https:\/\/www.wallendorff.com\/belogue\/gigographie\/2017-2\/","title":{"rendered":"2017"},"content":{"rendered":"<ul>\n<li><strong>New Candys<\/strong> <span class=\"petit\"> + The Dharma Jerks + L&rsquo;Herbe du Diable &ndash; l&rsquo;Espace B &ndash; Paris &ndash; 17\/12\/2017<\/span><\/li>\n<li><a href=\"https:\/\/www.wallendorff.com\/belogue\/tag\/download-festival-2017\"><strong>Download Festival<\/strong> <span class=\"petit\">&ndash; Base a\u00e9rienne 217 &ndash; Br\u00e9tigny-sur-Orge &ndash; 09-11\/06\/2017<\/span><\/a><\/li>\n<li><a href=\"https:\/\/www.wallendorff.com\/belogue\/2017\/12\/02\/black-rebel-motorcycle-club-lelysee-montmartre-paris-22-novembre\/\"><strong>Black Rebel Motorcycle Club<\/strong> <span class=\"petit\">+ The Vacant Lot &ndash; L&rsquo;\u00c9lys\u00e9e-Montmartre &ndash; Paris &ndash; 22\/11\/2017<\/span><\/a><\/li>\n<li><a href=\"https:\/\/www.wallendorff.com\/belogue\/2017\/12\/01\/black-rebel-motorcycle-club-de-roma-anvers-21-novembre\/\"><strong>Black Rebel Motorcycle Club<\/strong> <span class=\"petit\">+ The Vacant Lot &ndash; De Roma &ndash; Anvers &ndash; 21\/11\/2017<\/span><\/a><\/li>\n<li><a href=\"https:\/\/www.wallendorff.com\/belogue\/2017\/11\/30\/black-rebel-motorcycle-club-paradiso-amsterdam-20-novembre\/\"><strong>Black Rebel Motorcycle Club<\/strong> <span class=\"petit\">+ The Vacant Lot &ndash; Paradiso &ndash; Amsterdam &ndash; 20\/11\/2017<\/span><\/a><\/li>\n<li><a href=\"https:\/\/www.wallendorff.com\/belogue\/2017\/11\/17\/asaf-avidan-pomme-lolympia-paris\/\"><strong>Asaf Avidan<\/strong> <span class=\"petit\">+ Pomme &ndash; l&rsquo;Olympia &ndash; Paris &ndash; 16\/11\/2017<\/span><\/a><\/li>\n<li><a href=\"https:\/\/www.wallendorff.com\/belogue\/2017\/11\/16\/kaleo-lolympia-paris\/\"><strong>Kaleo<\/strong> <span class=\"petit\">+ Judah and the Lion + Billy &ndash; l&rsquo;Olympia &ndash; Paris &ndash; 15\/11\/2017<\/span><\/a><\/li>\n<li><a href=\"https:\/\/www.wallendorff.com\/belogue\/2018\/01\/31\/kasabian-slaves-le-zenith-paris-11-novembre-2017\/\"><strong>Kasabian<\/strong> <span class=\"petit\">+ Slaves &ndash; le Z\u00e9nith &ndash; Paris &ndash; 11\/11\/2017<\/span><\/a><\/li>\n<li><a href=\"https:\/\/www.wallendorff.com\/belogue\/2017\/11\/10\/royal-blood-black-honey-le-zenith-paris\/\"><strong>Royal Blood<\/strong> <span class=\"petit\">+ Black Honey &ndash; le Z\u00e9nith &ndash; Paris &ndash; 09\/11\/2017<\/span><\/a><\/li>\n<li><a href=\"https:\/\/www.wallendorff.com\/belogue\/2017\/11\/09\/the-war-on-drugs-le-bataclan-paris-6-novembre\/\"><strong>The War on Drugs<\/strong> <span class=\"petit\">+ The Barr Brothers &ndash; le Bataclan &ndash; Paris &ndash; 06\/11\/2017<\/span><\/a><\/li>\n<li><a href=\"https:\/\/www.wallendorff.com\/belogue\/2017\/11\/02\/angus-julia-stone-isaac-gracie-le-zenith-paris\/\"><strong>Angus &#038; Julia Stone<\/strong> <span class=\"petit\">+ Isaac Gracie &ndash; le Z\u00e9nith &ndash; Paris &ndash; 01\/11\/2017<\/span><\/a><\/li>\n<li><a href=\"https:\/\/www.wallendorff.com\/belogue\/2017\/11\/04\/bnqt-le-cafe-de-la-danse-paris-30-octobre\/\"><strong>BNQT<\/strong> <span class=\"petit\">+ Phoebe Bridgers &ndash; le Caf\u00e9 de la Danse &ndash; Paris &ndash; 30\/10\/2017<\/span><\/a><\/li>\n<li><a href=\"https:\/\/www.wallendorff.com\/belogue\/2017\/10\/29\/slotface-mnnqns-la-boule-noire-paris\/\"><strong>Sl\u00f8tface<\/strong> <span class=\"petit\">+ MNNQNS &ndash; la Boule Noire &ndash; Paris &ndash; 27\/10\/2017<\/span><\/a><\/li>\n<li><a href=\"https:\/\/www.wallendorff.com\/belogue\/2017\/10\/26\/mama-festival-18-20-octobre\/\"><strong>MaMA Festival<\/strong> <span class=\"petit\">&ndash; Paris &ndash; 18-20\/10\/2017<\/span><\/a><\/li>\n<li><a href=\"https:\/\/www.wallendorff.com\/belogue\/tag\/le-cabaret-vert-2017\/\"><strong>Le Cabaret Vert<\/strong> <span class=\"petit\">&ndash; Charleville-M\u00e9zi\u00e8res &ndash; 24-27\/08\/2017<\/span><\/a><\/li>\n<li><a href=\"https:\/\/www.wallendorff.com\/belogue\/tag\/paleo-festival-2017\/\"><strong>Pal\u00e9o Festival<\/strong> <span class=\"petit\">&ndash; Nyon &ndash; 18-23\/07\/2017<\/span><\/a><\/li>\n<li><a href=\"https:\/\/www.wallendorff.com\/belogue\/tag\/eurockeennes-2017\"><strong>Les Eurock\u00e9ennes<\/strong> <span class=\"petit\">&ndash; Belfort &ndash; 06-09\/07\/2017<\/span><\/a><\/li>\n<li><a href=\"https:\/\/www.wallendorff.com\/belogue\/2017\/07\/05\/flogging-molly-le-bataclan-paris-2\/\"><strong>Flogging Molly<\/strong> <span class=\"petit\">+ Celkilt &ndash; le Bataclan &ndash; Paris &ndash; 04\/07\/2017<\/span><\/a><\/li>\n<li><a href=\"https:\/\/www.wallendorff.com\/belogue\/2017\/07\/04\/foo-fighters-bercy-arena-paris\/\"><strong>Foo Fighters<\/strong> <span class=\"petit\">+ Red Fang &ndash; Bercy Ar\u00e9na &ndash; Paris &ndash; 03\/07\/2017<\/span><\/a><\/li>\n<li><span class=\"petit\">10 ans de Quixote Music&nbsp;:<\/span> <strong>Les Lignes Droites<\/strong> \/ <strong>1=0<\/strong> <span class=\"petit\">&ndash; le Divan du Monde &ndash; Paris &ndash; 14\/06\/2017<\/span><\/li>\n<li><strong>Real Estate<\/strong> <span class=\"petit\">+ Spinning Coins &ndash; le Caf\u00e9 de la Danse &ndash; Paris &ndash; 14\/06\/2017<\/span><\/li>\n<li><a href=\"https:\/\/www.wallendorff.com\/belogue\/tag\/download-festival-2017\"><strong>Download Festival<\/strong> <span class=\"petit\">&ndash; Base a\u00e9rienne 217 &ndash; Br\u00e9tigny-sur-Orge &ndash; 09-11\/06\/2017<\/span><\/a><\/li>\n<li><span class=\"petit\">La Villette Sonique&nbsp;:<\/span> <strong>The Make Up<\/strong> <span class=\"petit\">+ Shadow in the Cracks &ndash; le Cabaret Sauvage &ndash; Paris &ndash; 31\/05\/2017<\/span><\/li>\n<li><a href=\"https:\/\/www.wallendorff.com\/belogue\/2017\/05\/17\/the-kooks-lolympia-paris\/\"><strong>The Kooks<\/strong> <span class=\"petit\">+ Blossoms &ndash; l&rsquo;Olympia &ndash; Paris &ndash; 16\/05\/2017<\/span><\/a><\/li>\n<li><a href=\"https:\/\/www.wallendorff.com\/belogue\/2017\/04\/27\/japandroids-la-maroquinerie-paris\/\"><strong>Japandroids<\/strong> <span class=\"petit\">+ Dasher &ndash; la Maroquinerie &ndash; Paris &ndash; 26\/04\/2017<\/span><\/a><\/li>\n<li><a href=\"https:\/\/www.wallendorff.com\/belogue\/2017\/04\/26\/isaac-delusion-lelysee-montmartre-paris\"><strong>Isaac Delusion<\/strong> <span class=\"petit\">+ Michelle Blades &ndash; l&rsquo;\u00c9lys\u00e9e-Montmartre &ndash; Paris &ndash; 25\/04\/2017<\/span><\/a><\/li>\n<li><a href=\"https:\/\/www.wallendorff.com\/belogue\/2017\/04\/25\/findlay-la-maroquinerie-paris\/\"><strong>Findlay<\/strong> <span class=\"petit\">+ Coals &ndash; la Maroquinerie &ndash; Paris &ndash; 24\/04\/2017<\/span><\/a><\/li>\n<li><strong>Frank Turner &amp; the Sleeping Souls<\/strong> <span class=\"petit\">+ Forest Pooky + Sam Duckworth &ndash; la Maroquinerie &ndash; Paris &ndash; 20\/04\/2017<\/span><\/li>\n<li><strong>Ruby<\/strong> \/ <strong>Tomy Lobo<\/strong> \/ <strong>Judy<\/strong> <span class=\"petit\">&ndash; le Bus Palladium &ndash; Paris &ndash; 07\/04\/2017<\/span><\/li>\n<li><a href=\"https:\/\/www.wallendorff.com\/belogue\/2017\/05\/31\/ed-sheeran-bercy-arena-6-avril\/\"><strong>Ed Sheeran<\/strong> <span class=\"petit\">+ Anne-Marie + Ryan McMullan &ndash; Bercy Ar\u00e9na &ndash; Paris &ndash; 06\/04\/2017<\/span><\/a><\/li>\n<li><a href=\"https:\/\/www.wallendorff.com\/belogue\/2017\/04\/01\/therapie-taxi-la-boule-noire-paris-29-mars\/\"><strong>Th\u00e9rapie Taxi<\/strong> <span class=\"petit\">+ Dani Terreur &ndash; la Boule Noire &ndash; Paris &ndash; 29\/03\/2017<\/span><\/a><\/li>\n<li><a href=\"https:\/\/www.wallendorff.com\/belogue\/2017\/05\/23\/korn-le-zenith-paris-20-mars\/\"><strong>Korn<\/strong> <span class=\"petit\">+ Heaven Shall Burn + Hellyeah &ndash; le Z\u00e9nith &ndash; Paris &ndash; 20\/03\/2017<\/span><\/a><\/li>\n<li><strong>Lloyd Cole<\/strong> <span class=\"petit\">&ndash; la Maroquinerie &ndash; Paris &ndash; 15\/03\/2017<\/span><\/li>\n<li><strong>Cali<\/strong> <span class=\"petit\">+ Annika and the Forest &ndash; le Bataclan &ndash; Paris &ndash; 13\/03\/2017<\/span><\/li>\n<li><strong>Sleigh Bells<\/strong> <span class=\"petit\">+ Paprika &ndash; le Nouveau Casino &ndash; Paris &ndash; 15\/02\/2017<\/span><\/li>\n<li><span class=\"petit\">Be Safe Party #2&nbsp;:<\/span> <strong>L&rsquo;Effondras<\/strong> \/ <strong>Laura Sauvage<\/strong> \/ <strong>T\/O<\/strong> <span class=\"petit\">&ndash; le Supersonic &ndash; Paris &ndash; 14\/02\/2017<\/span><\/li>\n<li><a href=\"https:\/\/www.wallendorff.com\/belogue\/2017\/02\/09\/the-naked-and-famous-le-trianon-paris\/\"><strong>The Naked and Famous<\/strong> <span class=\"petit\">+ Shells &ndash; le Trianon &ndash; Paris &ndash; 08\/02\/2017<\/span><\/a><\/li>\n<li><a href=\"https:\/\/www.wallendorff.com\/belogue\/2017\/02\/03\/the-flaming-lips-le-bataclan-paris\/\"><strong>The Flaming Lips<\/strong> <span class=\"petit\">+ Georgia &ndash; le Bataclan &ndash; Paris &ndash; 02\/02\/2017<\/span><\/a><\/li>\n<li><a href=\"https:\/\/www.wallendorff.com\/belogue\/2017\/01\/31\/biffy-clyro-frank-carter-the-rattlesnakes-lolympia-paris\/\"><strong>Biffy Clyro<\/strong> <span class=\"petit\">+ Frank Carter &#038; the Rattlesnakes &ndash; l&rsquo;Olympia &ndash; Paris &ndash; 30\/01\/2017<\/span><\/a><\/li>\n<li><a href=\"https:\/\/www.wallendorff.com\/belogue\/2017\/01\/29\/kaleo-le-trianon-paris-27-janvier\/\"><strong>Kaleo<\/strong> <span class=\"petit\">+ KTR6 &ndash; le Trianon &ndash; Paris &ndash; 27\/01\/2017<\/span><\/a><\/li>\n<li><span class=\"petit\">Fuck ton brunch&nbsp;:<\/span> <strong>Rach Tree<\/strong> \/ <strong>Blot<\/strong> \/ <strong>Alex Rossi<\/strong> <span class=\"petit\">&ndash; le Chair de Poule &ndash; Paris &ndash; 21\/01\/2017<\/span><\/a><\/li>\n<li><span class=\"petit\">Soir\u00e9e N\u00e9o Pop&nbsp;:<\/span> <strong>Lewis OfMan<\/strong>  \/ <strong>P\u00e9pite<\/strong> \/ <strong>Gar\u00e7on d&rsquo;Argent<\/strong> \/ <strong>The Pirouettes<\/strong> <span class=\"petit\">&ndash; la Maroquinerie &ndash; Paris &ndash; 18\/01\/2017<\/span><\/a><\/li>\n<\/ul>\n","protected":false},"excerpt":{"rendered":"<p>New Candys + The Dharma Jerks + L&rsquo;Herbe du Diable &ndash; l&rsquo;Espace B &ndash; Paris &ndash; 17\/12\/2017 Download Festival &ndash; Base a\u00e9rienne 217 &ndash; Br\u00e9tigny-sur-Orge &ndash; 09-11\/06\/2017 Black Rebel Motorcycle Club + The Vacant Lot &ndash; L&rsquo;\u00c9lys\u00e9e-Montmartre &ndash; Paris &ndash; 22\/11\/2017 Black Rebel Motorcycle Club + The Vacant Lot &ndash; De Roma &ndash; Anvers &ndash;&hellip;<\/p>\n","protected":false},"author":1,"featured_media":0,"parent":12472,"menu_order":0,"comment_status":"closed","ping_status":"closed","template":"","meta":{"_acf_changed":false,"ngg_post_thumbnail":0,"jetpack_post_was_ever_published":false,"footnotes":""},"class_list":["post-33494","page","type-page","status-publish","hentry"],"acf":[],"jetpack_shortlink":"https:\/\/wp.me\/P3b35P-8Ie","jetpack_sharing_enabled":true,"jetpack-related-posts":[{"id":131715,"url":"https:\/\/www.wallendorff.com\/belogue\/gigographie\/2025-2\/","url_meta":{"origin":33494,"position":0},"title":"2025","author":"dpc","date":"6 f\u00e9vrier 2025","format":false,"excerpt":"Black Rebel Motorcycle Club + Night Beats \u2013 L'Olympia \u2013 Paris \u2013 09\/12\/2025 Black Rebel Motorcycle Club + Night Beats \u2013 Paradiso \u2013 Amsterdam \u2013 08\/12\/2025 Black Rebel Motorcycle Club + Night Beats \u2013 Den Atelier \u2013 Luxembourg \u2013 29\/11\/2025 Jamiroquai + Cerrone \u2013 Bercy Ar\u00e9na \u2013 Paris \u2013 27\/11\/2025\u2026","rel":"","context":"Article similaire","block_context":{"text":"Article similaire","link":""},"img":{"alt_text":"","src":"","width":0,"height":0},"classes":[]},{"id":44577,"url":"https:\/\/www.wallendorff.com\/belogue\/gigographie\/2019-2\/","url_meta":{"origin":33494,"position":1},"title":"2019","author":"dpc","date":"3 janvier 2020","format":false,"excerpt":"Foule Support\u00a0 Street Press \u2013 Chair de Poule \u2013 Paris \u2013 14\/12\/2019 Feeder + Wylo \u2013 le Nouveau Casino \u2013 Paris \u2013 27\/11\/2019 Ben Kweller + Jake Troth \u2013 Bowery Ballroom \u2013 New York \u2013 08\/11\/2019 MaMA Festival \u2013 Paris \u2013 16-17\/10\/2019 Amanda Palmer \u2013 le Bataclan \u2013 Paris \u2013\u2026","rel":"","context":"Article similaire","block_context":{"text":"Article similaire","link":""},"img":{"alt_text":"","src":"","width":0,"height":0},"classes":[]},{"id":22589,"url":"https:\/\/www.wallendorff.com\/belogue\/gigographie\/2014-2\/","url_meta":{"origin":33494,"position":2},"title":"2014","author":"dpc","date":"10 mars 2014","format":false,"excerpt":"Bring the Noise Festival\u00a0: Royal Blood + Loading Data + Spark Gap \u2013 le Point \u00c9ph\u00e9m\u00e8re \u2013 Paris \u2013 18\/12\/2014 ALB + Stal \u2013 le Caf\u00e9 de la Danse \u2013 Paris \u2013 09\/12\/2014 Sharon Van Etten + Marisa Anderson \u2013 la Maroquinerie \u2013 Paris \u2013 01\/12\/2014 Emplume ton Brunch\u00a0: Alex\u2026","rel":"","context":"Article similaire","block_context":{"text":"Article similaire","link":""},"img":{"alt_text":"","src":"","width":0,"height":0},"classes":[]},{"id":20168,"url":"https:\/\/www.wallendorff.com\/belogue\/gigographie\/2013-2\/","url_meta":{"origin":33494,"position":3},"title":"2013","author":"dpc","date":"23 janvier 2013","format":false,"excerpt":"Virgin Radio Live\u00a0: Placebo + Shaka Ponk + Skip the Use + Yod\u00e9lice \u2013 le Z\u00e9nith \u2013 Paris \u2013 19\/12\/2013 Festival des Aventuriers\u00a0: Dum Dum Girls \/ Motorama \u2013 Espace G\u00e9rard Philipe \u2013 Fontenay-sous-Bois \u2013 13\/12\/2013 Festival des Aventuriers\u00a0: Tunng \/ Empire Dust \u2013 Espace G\u00e9rard Philipe \u2013 Fontenay-sous-Bois \u2013\u2026","rel":"","context":"Article similaire","block_context":{"text":"Article similaire","link":""},"img":{"alt_text":"","src":"","width":0,"height":0},"classes":[]},{"id":13723,"url":"https:\/\/www.wallendorff.com\/belogue\/gigographie\/2010-2\/","url_meta":{"origin":33494,"position":4},"title":"2010","author":"dpc","date":"21 octobre 2011","format":false,"excerpt":"Elista + Hello Bye Bye + Phyltre + DJ Moule \u2013 la Fl\u00e8che d\u2019Or, Paris \u2013 10\/12\/2010 Gossip + Hercules and Love Affair + Metronomy \u2013 Palais omnisports de Paris-Bercy, Paris \u2013 09\/12\/2010 Blood Red Shoes + Wallace Vanborn \u2013 le Trabendo, Paris \u2013 07\/12\/2010 Sophie Hunger + Juliette Commagere\u2026","rel":"","context":"Article similaire","block_context":{"text":"Article similaire","link":""},"img":{"alt_text":"","src":"","width":0,"height":0},"classes":[]},{"id":13743,"url":"https:\/\/www.wallendorff.com\/belogue\/gigographie\/2005-2\/","url_meta":{"origin":33494,"position":5},"title":"2005","author":"dpc","date":"21 octobre 2011","format":false,"excerpt":"Martha Wainwright + Teddy Thompson \u2013 Le Nouveau Casino, Paris \u2013 09\/12\/2005 Sons and Daughters + Quidam \u2013 La Boule Noire, Paris \u2013 18\/11\/2005 \u2013 2 The Warlocks + Asyl \u2013 L\u2019\u00c9lys\u00e9e-Montmartre, Paris \u2013 11\/11\/2005 \u2013 2 Eastpack Antidote Tour\u00a0: Millencolin + Flogging Molly + Randy + The Unseen \u2013\u2026","rel":"","context":"Article similaire","block_context":{"text":"Article similaire","link":""},"img":{"alt_text":"","src":"","width":0,"height":0},"classes":[]}],"_links":{"self":[{"href":"https:\/\/www.wallendorff.com\/belogue\/wp-json\/wp\/v2\/pages\/33494","targetHints":{"allow":["GET"]}}],"collection":[{"href":"https:\/\/www.wallendorff.com\/belogue\/wp-json\/wp\/v2\/pages"}],"about":[{"href":"https:\/\/www.wallendorff.com\/belogue\/wp-json\/wp\/v2\/types\/page"}],"author":[{"embeddable":true,"href":"https:\/\/www.wallendorff.com\/belogue\/wp-json\/wp\/v2\/users\/1"}],"replies":[{"embeddable":true,"href":"https:\/\/www.wallendorff.com\/belogue\/wp-json\/wp\/v2\/comments?post=33494"}],"version-history":[{"count":15,"href":"https:\/\/www.wallendorff.com\/belogue\/wp-json\/wp\/v2\/pages\/33494\/revisions"}],"predecessor-version":[{"id":37383,"href":"https:\/\/www.wallendorff.com\/belogue\/wp-json\/wp\/v2\/pages\/33494\/revisions\/37383"}],"up":[{"embeddable":true,"href":"https:\/\/www.wallendorff.com\/belogue\/wp-json\/wp\/v2\/pages\/12472"}],"wp:attachment":[{"href":"https:\/\/www.wallendorff.com\/belogue\/wp-json\/wp\/v2\/media?parent=33494"}],"curies":[{"name":"wp","href":"https:\/\/api.w.org\/{rel}","templated":true}]}}