{"id":30167,"date":"2016-01-28T15:10:43","date_gmt":"2016-01-28T13:10:43","guid":{"rendered":"http:\/\/www.wallendorff.com\/belogue\/?page_id=30167"},"modified":"2017-02-01T11:41:14","modified_gmt":"2017-02-01T09:41:14","slug":"2016-2","status":"publish","type":"page","link":"https:\/\/www.wallendorff.com\/belogue\/gigographie\/2016-2\/","title":{"rendered":"2016"},"content":{"rendered":"<ul>\n<li><strong>The Wave Pictures<\/strong> <span class=\"petit\">+ Os Noct\u00e0mbulos + Niko Yoko &ndash; l&rsquo;Espace B &ndash; Paris &ndash; 17\/12\/2016<\/span><\/li>\n<li><strong>Toy<\/strong> <span class=\"petit\">+ Half Loon + Charles Howl &ndash; le Nouveau Casino &ndash; Paris &ndash; 08\/12\/2016<\/span><\/li>\n<li><a href=\"https:\/\/www.wallendorff.com\/belogue\/2016\/12\/02\/archive-salle-pleyel-paris-29-novembre\/\"><strong>Archive<\/strong> <span class=\"petit\">+ Dr(dr)one &ndash; Salle Pleyel &ndash; Paris &ndash; 29\/11\/2016<\/span><\/a><\/li>\n<li><strong>Kaleo<\/strong> <span class=\"petit\">+ Dan Owen &ndash; la Maroquinerie &ndash; Paris &ndash; 28\/11\/2016<\/span><\/li>\n<li><a href=\"https:\/\/www.wallendorff.com\/belogue\/tag\/festival-des-inrocks-2016\/\"><strong>Les Inrocks Festival<\/strong> <span class=\"petit\">&ndash; Paris &ndash; 18-21\/11\/2016<\/span><\/a><\/li>\n<li><a href=\"https:\/\/www.wallendorff.com\/belogue\/2016\/11\/18\/francis-zegut-40-ans-de-radio-grand-studio-rtl-paris\"><strong>Francis Z\u00e9gut &ndash; 40 ans de radio<\/strong> &ndash; <span class=\"petit\">Grand Studio RTL &ndash; Paris &ndash; 17\/11\/2016<\/span><\/a><\/li>\n<li><a href=\"https:\/\/www.wallendorff.com\/belogue\/2016\/11\/17\/cyril-mokaiesh-la-boule-noire-paris\/\"><strong>Cyril Moka\u00efesh<\/strong> <span class=\"petit\">&ndash; la Boule Noire &ndash; Paris &ndash; 16\/11\/2016<\/span><\/a><\/li>\n<li><strong>The Cure<\/strong> <span class=\"petit\">+ The Twilight Sad &ndash; Bercy Ar\u00e9na &ndash; Paris &ndash; 15\/11\/2016<\/span><\/li>\n<li><a href=\"https:\/\/www.wallendorff.com\/belogue\/2016\/11\/10\/emily-jane-white-motorama-la-maroquinerie-paris\/\"><span class=\"petit\">15 ans Talitres&nbsp;:<\/span> <strong>Emily Jane White<\/strong> \/ <strong>Motorama<\/strong> &ndash; <span class=\"petit\">la Maroquinerie &ndash; Paris &ndash; 09\/11\/2016<\/span><\/a><\/li>\n<li><strong>Black Market Karma<\/strong> <span class=\"petit\">+ You Said Strange + The Dharma Jerks &ndash; Supersonic &ndash; Paris &ndash; 08\/11\/2016<\/span><\/li>\n<li><a href=\"https:\/\/www.wallendorff.com\/belogue\/2016\/11\/03\/glass-animals-lelysee-montmartre-paris\/\"><strong>Glass Animals<\/strong> <span class=\"petit\">+ S\u00e9bastien Forrester &ndash; l&rsquo;\u00c9lys\u00e9e-Montmartre &ndash; Paris &ndash; 02\/11\/2016<\/span><\/a><\/li>\n<li><a href=\"https:\/\/www.wallendorff.com\/belogue\/2016\/10\/28\/crystal-fighters-le-trabendo-paris-24-octobre\/\"><strong>Crystal Fighters<\/strong> <span class=\"petit\">&ndash; le Trabendo &ndash; Paris &ndash; 24\/10\/2016<\/span><\/a><\/li>\n<li><a href=\"https:\/\/www.wallendorff.com\/belogue\/2016\/10\/21\/empire-of-the-sun-lolympia-paris\/\"><strong>Empire of the Sun<\/strong> <span class=\"petit\">+ Employee of the Year &ndash; l&rsquo;Olympia &ndash; Paris &ndash; 20\/10\/2016<\/span><\/a><\/li>\n<li><a href=\"https:\/\/www.wallendorff.com\/belogue\/2016\/10\/20\/the-kills-lolympia-paris\/\"><strong>The Kills<\/strong> <span class=\"petit\">+ Georgia &ndash; l&rsquo;Olympia &ndash; Paris &ndash; 19\/10\/2016<\/span><\/a><\/li>\n<li><a href=\"https:\/\/www.wallendorff.com\/belogue\/2016\/10\/19\/vaudou-game-the-liminanas-le-nouveau-rendez-vous-maison-de-la-radio-paris\/\"><span class=\"petit\">Le Nouveau Rendez-Vous&nbsp;:<\/span> <strong>Vaudou Game<\/strong> \/ <strong>The Limi\u00f1anas<\/strong> &ndash; <span class=\"petit\">Maison de la Radio &ndash; Paris &ndash; 18\/10\/2016<\/span><\/a><\/li>\n<li><a href=\"https:\/\/www.wallendorff.com\/belogue\/2016\/10\/17\/red-hot-chili-peppers-bercy-arena-paris-15-octobre\/\"><strong>Red Hot Chili Peppers<\/strong> <span class=\"petit\">+ La Femme &ndash; Bercy Ar\u00e9na &ndash; Paris &ndash; 15\/10\/2016<\/span><\/a><\/li>\n<li><a href=\"https:\/\/www.wallendorff.com\/belogue\/2016\/10\/16\/mama-festival-paris-13-et-14-octobre\/\"><strong>MaMa Festival<\/strong> <span class=\"petit\">&ndash; Paris &ndash; 13-14\/10\/2016<\/span><\/a><\/li>\n<li><a href=\"https:\/\/www.wallendorff.com\/belogue\/2016\/10\/15\/wild-beasts-la-gaite-lyrique-paris\/\"><strong>Wild Beasts<\/strong> <span class=\"petit\">+ Postaal &ndash; la Ga\u00eet\u00e9-Lyrique &ndash; Paris &ndash; 13\/10\/2016<\/span><\/a><\/li>\n<li><a href=\"http:\/\/www.soul-kitchen.fr\/70260-pepite-a-mano-de-lor-entre-mains\"><span class=\"petit\">P\u00e9pite release party&nbsp;:<\/span> <strong>P\u00e9pite<\/strong> <span class=\"petit\">+ Agape + Paul Hazan &ndash; la Mano &ndash; Paris &ndash; 12\/10\/2016<\/span><\/a><\/li>\n<li><a href=\"https:\/\/www.wallendorff.com\/belogue\/2016\/10\/08\/archive-studios-ferber-paris\/\"><strong>Archive<\/strong> <span class=\"petit\">&ndash; Studios Ferber &ndash; Paris &ndash; 06\/10\/2016<\/span><\/a><\/li>\n<li><a href=\"https:\/\/www.wallendorff.com\/belogue\/2016\/10\/05\/yak-mozer-la-maroquinerie-paris\/\"><strong>Yak<\/strong> <span class=\"petit\">+ MOZER &ndash; la Maroquinerie &ndash; Paris &ndash; 04\/10\/2016<\/span><\/a><\/li>\n<li><a href=\"https:\/\/www.wallendorff.com\/belogue\/2016\/09\/30\/moi-je-le-point-ephemere-paris\/\"><strong>Moi Je<\/strong> <span class=\"petit\">+ Plage 84 + Divine All Stars &ndash; le Point \u00c9ph\u00e9m\u00e8re &ndash; Paris &ndash; 29\/09\/2016<\/span><\/a><\/li>\n<li><a href=\"https:\/\/www.wallendorff.com\/belogue\/2016\/09\/25\/griefjoy-la-gaite-lyrique-paris-23-septembre\/\"><strong>Griefjoy<\/strong> <span class=\"petit\">+ Julia Jean-Baptiste &ndash; la Ga\u00eet\u00e9 Lyrique &ndash; Paris &ndash; 23\/09\/2016<\/span><\/a><\/li>\n<li><a href=\"https:\/\/www.wallendorff.com\/belogue\/2016\/09\/23\/birth-of-joy-le-cafe-de-la-danse-paris\/\"><span class=\"petit\">Eldorado Music Festival&nbsp;:<\/span> <strong>Birth of Joy<\/strong> <span class=\"petit\">+ Bosco Rogers + Gloria &ndash; le Caf\u00e9 de la Danse &ndash; Paris &ndash; 22\/09\/2016<\/span><\/a><\/li>\n<li><a href=\"https:\/\/www.wallendorff.com\/belogue\/2016\/09\/16\/bombay-le-cafe-de-la-danse-paris\/\"><span class=\"petit\">Eldorado Music Festival&nbsp;:<\/span> <strong>Bombay<\/strong> <span class=\"petit\">+ Feels + Fant\u00f4me &ndash; le Caf\u00e9 de la Danse &ndash; Paris &ndash; 15\/09\/2016<\/span><\/a><\/li>\n<li><a href=\"https:\/\/www.wallendorff.com\/belogue\/2016\/08\/25\/local-natives-la-boule-noire-paris\/\"><strong>Loca Natives<\/strong> <span class=\"petit\">&ndash; la Boule Noire &ndash; Paris &ndash; 24\/08\/2016<\/span><\/a><\/li>\n<li><a href=\"https:\/\/www.wallendorff.com\/belogue\/tag\/paleo-festival-2016\/\"><strong>Pal\u00e9o Festival<\/strong> <span class=\"petit\"> &ndash; Nyon &ndash; 19-24\/07\/2016<\/span><\/a><\/li>\n<li><a href=\"https:\/\/www.wallendorff.com\/belogue\/2016\/07\/14\/fidlar-la-maroquinerie-paris\/\"><strong>FIDLAR<\/strong> <span class=\"petit\">+ Shame + The Videos &ndash; la Maroquinerie &ndash; Paris &ndash; 13\/07\/2016<\/span><\/a><\/li>\n<li><strong>La Ferme \u00c9lectrique<\/strong> <span class=\"petit\">&ndash; Tournan-en-Brie &ndash; 09\/07\/2016<\/span><\/li>\n<li><a href=\"https:\/\/www.wallendorff.com\/belogue\/tag\/eurockeennes-2016\/\"><strong>Les Eurock\u00e9ennes<\/strong> <span class=\"petit\"> &ndash; Belfort &ndash; 01-03\/07\/2016<\/span><\/a><\/li>\n<li><strong>Bagarre<\/strong> <span class=\"petit\">&ndash; TGV 6703 &ndash; 01\/07\/2016<\/span><\/li>\n<li><a href=\"https:\/\/www.wallendorff.com\/belogue\/2016\/05\/24\/father-john-misty-khruangbin-theatre-de-lalhambra-paris\/\"><strong>Father John Misty<\/strong> <span class=\"petit\">+ Khruangbin &ndash; Th\u00e9\u00e2tre de l&rsquo;Alhambra &ndash; Paris &ndash; 23\/05\/2016<\/span><\/a><\/li>\n<li><strong>Troy Von Balthazar<\/strong> <span class=\"petit\">+ Miles Oliver &ndash; le Supersonic &ndash; Paris &ndash; 12\/05\/2016<\/span><\/li>\n<li><a href=\"https:\/\/www.wallendorff.com\/belogue\/2016\/05\/11\/the-dandy-warhols-le-trianon-paris-2\/\"><strong>The Dandy Warhols<\/strong> <span class=\"petit\">+ Happyness &ndash; le Trianon &ndash; Paris &ndash; 10\/05\/2016<\/span><\/a><\/li>\n<li><a href=\"https:\/\/www.wallendorff.com\/belogue\/2016\/05\/04\/jake-bugg-la-fleche-dor-paris-2\/\"><strong>Jake Bugg<\/strong> <span class=\"petit\">&ndash; la Fl\u00e8che d&rsquo;Or &ndash; Paris &ndash; 03\/05\/2016<\/span><\/a><\/li>\n<li><a href=\"https:\/\/www.wallendorff.com\/belogue\/2016\/04\/26\/wolfmother-le-trianon-paris\/\"><strong>Wolfmother<\/strong> <span class=\"petit\">+ Electric Citizen &ndash; le Trianon &ndash; Paris &ndash; 25\/04\/2016<\/span><\/a><\/li>\n<li><a href=\"https:\/\/www.wallendorff.com\/belogue\/2016\/04\/21\/kadebostany-le-cafe-de-la-danse-paris\/\"><strong>Kadebostany<\/strong> <span class=\"petit\">+ Cl\u00e9ment Bazin &ndash; le Caf\u00e9 de la Danse &ndash; Paris &ndash; 20\/04\/2016<\/span><\/a><\/li>\n<li><a><strong>Rough Trade on Tour #3 w\/ Agn\u00e8s B.<\/strong> <span class=\"petit\">&ndash; le Point \u00c9ph\u00e9m\u00e8re &ndash; Paris &ndash; 16\/04\/2016<\/span><\/a><\/li>\n<li><strong>The Coral<\/strong> <span class=\"petit\">+ Blossoms &ndash; le Trianon &ndash; Paris &ndash; 06\/04\/2016<\/span><\/li>\n<li><strong>Stuck in the Sound<\/strong> <span class=\"petit\">+ DJ Pone &ndash; la Cigale &ndash; Paris &ndash; 05\/04\/2016<\/span><\/li>\n<li><a href=\"https:\/\/www.wallendorff.com\/belogue\/2016\/04\/02\/puggy-le-cafe-de-la-danse-paris-29-mars\/\"><span class=\"petit\">Session Live Ricard S.A.&nbsp;:<\/span> <strong>Puggy<\/strong> <span class=\"petit\">+ Rocky + I Am Stramgram &ndash; le Caf\u00e9 de la Danse &ndash; Paris &ndash; 29\/03\/2016<\/span><\/a><\/li>\n<li><a href=\"https:\/\/www.wallendorff.com\/belogue\/2016\/03\/18\/balinger-le-point-ephemere-paris\/\"><strong>Balinger<\/strong> <span class=\"petit\">+ Be Quiet &ndash; le Point \u00c9ph\u00e9m\u00e8re &ndash; Paris &ndash; 17\/03\/2016<\/span><\/a><\/li>\n<li><a href=\"https:\/\/www.wallendorff.com\/belogue\/2016\/03\/09\/kodaline-lolympia-paris\/\"><strong>Kodaline<\/strong> <span class=\"petit\">+ All Tvvins &ndash; l&rsquo;Olympia &ndash; Paris &ndash; 08\/03\/2016<\/span><\/a><\/li>\n<li><a href=\"https:\/\/www.wallendorff.com\/belogue\/2016\/03\/08\/the-libertines-lolympia-paris\/\"><strong>The Libertines<\/strong> <span class=\"petit\">+ Reverend and the Makers &ndash; l&rsquo;Olympia &ndash; Paris &ndash; 07\/03\/2016<\/span><\/a><\/li>\n<li><a href=\"https:\/\/www.wallendorff.com\/belogue\/2016\/03\/04\/bloc-party-oscar-le-trianon-paris\/\"><span class=\"petit\">Pias Nite&nbsp;:<\/span> <strong>Bloc Party<\/strong> <span class=\"petit\">+ Oscar &ndash; le Trianon &ndash; Paris &ndash; 03\/03\/2016<\/span><\/a><\/li>\n<li><a href=\"https:\/\/www.wallendorff.com\/belogue\/2016\/03\/31\/mars-2016\/\"><strong>Muse<\/strong> <span class=\"petit\">+ Phantogram &ndash; Bercy Ar\u00e9na &ndash; Paris &ndash; 29\/02\/2016<\/span><\/a><\/li>\n<li><strong>Aloha Orchestra<\/strong> <span class=\"petit\">+ Captain Kid &ndash; les Trois Baudets &ndash; Paris &ndash; 24\/02\/2016<\/span><\/li>\n<li><a href=\"https:\/\/www.wallendorff.com\/belogue\/2016\/02\/17\/704-et-demi\/\"><strong>Eagles of Death Metal<\/strong> <span class=\"petit\">+ White Miles &ndash; l&rsquo;Olympia &ndash; Paris &ndash; 16\/02\/2016<\/span><\/a><\/li>\n<li><a href=\"https:\/\/www.wallendorff.com\/belogue\/2016\/01\/28\/balthazar-lolympia-paris\/\"><strong>Balthazar<\/strong> <span class=\"petit\">+ Genghar &ndash; l&rsquo;Olympia &ndash; Paris &ndash; 27\/01\/2016<\/span><\/a><\/li>\n<li><a href=\"https:\/\/www.wallendorff.com\/belogue\/2016\/01\/27\/stereophonics-lolympia-paris\/\"><strong>Stereophonics<\/strong> <span class=\"petit\">+ Lucas Hamming &ndash; l&rsquo;Olympia &ndash; Paris &ndash; 26\/01\/2016<\/span><\/a><\/li>\n<\/ul>\n","protected":false},"excerpt":{"rendered":"<p>The Wave Pictures + Os Noct\u00e0mbulos + Niko Yoko &ndash; l&rsquo;Espace B &ndash; Paris &ndash; 17\/12\/2016 Toy + Half Loon + Charles Howl &ndash; le Nouveau Casino &ndash; Paris &ndash; 08\/12\/2016 Archive + Dr(dr)one &ndash; Salle Pleyel &ndash; Paris &ndash; 29\/11\/2016 Kaleo + Dan Owen &ndash; la Maroquinerie &ndash; Paris &ndash; 28\/11\/2016 Les Inrocks Festival&hellip;<\/p>\n","protected":false},"author":1,"featured_media":0,"parent":12472,"menu_order":0,"comment_status":"closed","ping_status":"closed","template":"","meta":{"_acf_changed":false,"ngg_post_thumbnail":0,"jetpack_post_was_ever_published":false,"footnotes":""},"class_list":["post-30167","page","type-page","status-publish","hentry"],"acf":[],"jetpack_shortlink":"https:\/\/wp.me\/P3b35P-7Qz","jetpack_sharing_enabled":true,"jetpack-related-posts":[{"id":127246,"url":"https:\/\/www.wallendorff.com\/belogue\/gigographie\/2024-2\/","url_meta":{"origin":30167,"position":0},"title":"2024","author":"dpc","date":"2 f\u00e9vrier 2024","format":false,"excerpt":"Gar\u00e7ons Fragiles \u2013 TDtF \u2013 Paris \u2013 07\/11\/2024 Heilung + Zeal and Ardor \u2013 Le Z\u00e9nith \u2013 Paris \u2013 17\/09\/2024 Pete Doherty + Delgado Jones \u2013 Le SEW \u2013 Morlaix \u2013 11\/09\/2024 Bleachers + Amy Allen \u2013 L'Olympia \u2013 Paris \u2013 02\/09\/2024 Flogging Molly + The Scratch \u2013 Le Bataclan\u2026","rel":"","context":"Article similaire","block_context":{"text":"Article similaire","link":""},"img":{"alt_text":"","src":"","width":0,"height":0},"classes":[]},{"id":131715,"url":"https:\/\/www.wallendorff.com\/belogue\/gigographie\/2025-2\/","url_meta":{"origin":30167,"position":1},"title":"2025","author":"dpc","date":"6 f\u00e9vrier 2025","format":false,"excerpt":"Black Rebel Motorcycle Club + Night Beats \u2013 L'Olympia \u2013 Paris \u2013 09\/12\/2025 Black Rebel Motorcycle Club + Night Beats \u2013 Paradiso \u2013 Amsterdam \u2013 08\/12\/2025 Black Rebel Motorcycle Club + Night Beats \u2013 Den Atelier \u2013 Luxembourg \u2013 29\/11\/2025 Jamiroquai + Cerrone \u2013 Bercy Ar\u00e9na \u2013 Paris \u2013 27\/11\/2025\u2026","rel":"","context":"Article similaire","block_context":{"text":"Article similaire","link":""},"img":{"alt_text":"","src":"","width":0,"height":0},"classes":[]},{"id":13741,"url":"https:\/\/www.wallendorff.com\/belogue\/gigographie\/2006-2\/","url_meta":{"origin":30167,"position":2},"title":"2006","author":"dpc","date":"21 octobre 2011","format":false,"excerpt":"Elista + Bogue \u2013 La Boule Noire, Paris \u2013 19\/12\/2006 \u2013 2 Muse + Razorlight \u2013 Palais omnisports de Paris-Bercy, Paris \u2013 14\/12\/2006 Indochine + Asyl \u2013 Palais omnisports de Paris-Bercy, Paris \u2013 08\/12\/2006 Troy Von Balthazar \u2013 La Maroquinerie, Paris \u2013 04\/12\/2006 \u2013 2 Iron Maiden + Trivium +\u2026","rel":"","context":"Article similaire","block_context":{"text":"Article similaire","link":""},"img":{"alt_text":"","src":"","width":0,"height":0},"classes":[]},{"id":13721,"url":"https:\/\/www.wallendorff.com\/belogue\/gigographie\/2011-2\/","url_meta":{"origin":30167,"position":3},"title":"2011","author":"dpc","date":"21 octobre 2011","format":false,"excerpt":"Kasabian + Miles Kane \u2013 The O2 Arena, Londres \u2013 14\/12\/2011 K's Choice \u2013 la Cigale, Paris \u2013 13\/12\/2011 Tom Vek + Im Takt \u2013 le Nouveau Casino, Paris \u2013 09\/12\/2011 The Horrors + Cerebral Ballzy \u2013 le Bataclan, Paris \u2013 07\/12\/2011 Black Lips + Acid Baby Jesus \u2013 la\u2026","rel":"","context":"Article similaire","block_context":{"text":"Article similaire","link":""},"img":{"alt_text":"","src":"","width":0,"height":0},"classes":[]},{"id":13723,"url":"https:\/\/www.wallendorff.com\/belogue\/gigographie\/2010-2\/","url_meta":{"origin":30167,"position":4},"title":"2010","author":"dpc","date":"21 octobre 2011","format":false,"excerpt":"Elista + Hello Bye Bye + Phyltre + DJ Moule \u2013 la Fl\u00e8che d\u2019Or, Paris \u2013 10\/12\/2010 Gossip + Hercules and Love Affair + Metronomy \u2013 Palais omnisports de Paris-Bercy, Paris \u2013 09\/12\/2010 Blood Red Shoes + Wallace Vanborn \u2013 le Trabendo, Paris \u2013 07\/12\/2010 Sophie Hunger + Juliette Commagere\u2026","rel":"","context":"Article similaire","block_context":{"text":"Article similaire","link":""},"img":{"alt_text":"","src":"","width":0,"height":0},"classes":[]},{"id":13739,"url":"https:\/\/www.wallendorff.com\/belogue\/gigographie\/2007-2\/","url_meta":{"origin":30167,"position":5},"title":"2007","author":"dpc","date":"21 octobre 2011","format":false,"excerpt":"BB Brunes + The Tellers \u2013 La Cigale, Paris \u2013 19\/12\/2007\u2013 2 The Tellers \u2013 La Boule Noire, Paris \u2013 11\/12\/2007 \u2013 2 The Coral \u2013 L\u2019\u00c9lys\u00e9e-Montmartre, Paris \u2013 06\/12\/2007 \u2013 2 The D\u00f8 \u2013 La Maroquinerie, Paris \u2013 04\/12\/2007 \u2013 2 Flexa Lyndo \u2013 La Fl\u00e8che d\u2019Or, Paris \u2013\u2026","rel":"","context":"Article similaire","block_context":{"text":"Article similaire","link":""},"img":{"alt_text":"","src":"","width":0,"height":0},"classes":[]}],"_links":{"self":[{"href":"https:\/\/www.wallendorff.com\/belogue\/wp-json\/wp\/v2\/pages\/30167","targetHints":{"allow":["GET"]}}],"collection":[{"href":"https:\/\/www.wallendorff.com\/belogue\/wp-json\/wp\/v2\/pages"}],"about":[{"href":"https:\/\/www.wallendorff.com\/belogue\/wp-json\/wp\/v2\/types\/page"}],"author":[{"embeddable":true,"href":"https:\/\/www.wallendorff.com\/belogue\/wp-json\/wp\/v2\/users\/1"}],"replies":[{"embeddable":true,"href":"https:\/\/www.wallendorff.com\/belogue\/wp-json\/wp\/v2\/comments?post=30167"}],"version-history":[{"count":42,"href":"https:\/\/www.wallendorff.com\/belogue\/wp-json\/wp\/v2\/pages\/30167\/revisions"}],"predecessor-version":[{"id":33502,"href":"https:\/\/www.wallendorff.com\/belogue\/wp-json\/wp\/v2\/pages\/30167\/revisions\/33502"}],"up":[{"embeddable":true,"href":"https:\/\/www.wallendorff.com\/belogue\/wp-json\/wp\/v2\/pages\/12472"}],"wp:attachment":[{"href":"https:\/\/www.wallendorff.com\/belogue\/wp-json\/wp\/v2\/media?parent=30167"}],"curies":[{"name":"wp","href":"https:\/\/api.w.org\/{rel}","templated":true}]}}