{"id":23802,"date":"2015-01-20T13:02:20","date_gmt":"2015-01-20T11:02:20","guid":{"rendered":"http:\/\/www.wallendorff.com\/?page_id=23802"},"modified":"2016-02-23T15:12:58","modified_gmt":"2016-02-23T13:12:58","slug":"2015-2","status":"publish","type":"page","link":"https:\/\/www.wallendorff.com\/belogue\/gigographie\/2015-2\/","title":{"rendered":"2015"},"content":{"rendered":"<ul>\n<li><a href=\"https:\/\/www.wallendorff.com\/belogue\/2016\/02\/23\/indochine-le-trianon-paris-9-decembre-2015\/\"><span class=\"petit\">Concert tr\u00e8s tr\u00e8s priv\u00e9 RTL2&nbsp;:<\/span> <strong>Indochine<\/strong> <span class=\"petit\">&ndash; le Trianon &ndash; Paris &ndash; 09\/12\/2015<\/span><\/a><\/li>\n<li><strike><strong>FIDLAR<\/strong> <span class=\"petit\"> + Bully &ndash; le Trianon &ndash; Paris &ndash; 19\/11\/2015<\/span><\/strike><\/li>\n<li><strike><strong>Foo Fighters<\/strong> <span class=\"petit\"> + Trombone Shorty &#038; Orleans Avenue &ndash; Palais omnisport de Paris-Bercy &ndash; Paris &ndash; 16\/11\/2015<\/span><\/strike><\/li>\n<li><strike><span class=\"petit\">Festival des Inrocks&nbsp;:<\/span> <strong>John Grant<\/strong> <span class=\"petit\"> + Flo Morrissey + Max Jury + C Duncan + Barns Courtney &ndash; la Cigale &ndash; Paris &ndash; 15\/11\/2015<\/span><\/strike><\/li>\n<li><a href=\"https:\/\/www.wallendorff.com\/belogue\/2015\/11\/16\/704\/\"><strong>Eagles of Death Metal<\/strong> <span class=\"petit\">+ White Miles &ndash; le Bataclan &ndash; Paris &ndash; 13\/11\/2015<\/span><\/a><\/li>\n<li><a href=\"https:\/\/www.wallendorff.com\/belogue\/2015\/11\/08\/garbage-le-zenith-paris\/\"><strong>Garbage<\/strong> <span class=\"petit\">+ Dutch Uncles &ndash; le Z\u00e9nith &ndash; Paris &ndash; 07\/11\/2015<\/span><\/a><\/li>\n<li><a href=\"https:\/\/www.wallendorff.com\/belogue\/2015\/10\/29\/editors-le-trianon-paris\/\"><strong>Editors<\/strong> <span class=\"petit\">+ The Twilight Sad &ndash; le Trianon &ndash; Paris &ndash; 28\/10\/2015<\/span><\/a><\/li>\n<li><a href=\"https:\/\/www.wallendorff.com\/belogue\/2015\/10\/29\/metz-la-maroquinerie-paris\/\"><strong>METZ<\/strong> <span class=\"petit\">+ Crows &ndash; la Maroquinerie &ndash; Paris &ndash; 27\/10\/2015<\/span><\/a><\/li>\n<li><a href=\"https:\/\/www.wallendorff.com\/belogue\/2015\/10\/27\/motorama-le-cafe-de-la-danse-paris\/\"><strong>Motorama<\/strong> <span class=\"petit\">+ Thousand &ndash; le Caf\u00e9 de la Danse &ndash; Paris &ndash; 26\/10\/2015<\/span><\/a><\/li>\n<li><strong>Boy<\/strong> <span class=\"petit\"> + Josin &ndash; le Caf\u00e9 de la Danse &ndash; Paris &ndash; 21\/10\/2015<\/span><\/li>\n<li><a href=\"https:\/\/www.wallendorff.com\/belogue\/tag\/mama-event-2015\/\"><strong>MaMA Event<\/strong> <span class=\"petit\"> &ndash; Paris &ndash; 14-16\/10\/2015<\/span><\/a><\/li>\n<li><strong>Only Real<\/strong> <span class=\"petit\"> + Casablanca Drivers &ndash; le Caf\u00e9 de la Danse &ndash; Paris &ndash; 29\/09\/2015<\/span><\/li>\n<li><a href=\"https:\/\/www.wallendorff.com\/belogue\/2015\/09\/28\/the-apartments-la-gaite-lyrique-paris-23-septembre\/\"><span class=\"petit\">Soir\u00e9e Classix Nouveaux n<sup>o<\/sup> 3&nbsp;:<\/span> <strong>The Apartments<\/strong> <span class=\"petit\"> + 49 Swimming Pools &ndash; la Ga\u00eet\u00e9 Lyrique &ndash; Paris &ndash; 23\/09\/2015<\/span><\/a><\/li>\n<li><strong>Hooton Tennis Club<\/strong> <span class=\"petit\"> + Happynness &ndash; la M\u00e9canique Ondulatoire &ndash; Paris &ndash; 22\/09\/2015<\/span><\/li>\n<li><a href=\"https:\/\/www.wallendorff.com\/belogue\/tag\/rock-en-seine-2015\/\"><strong>Rock en Seine<\/strong> <span class=\"petit\"> &ndash; Domaine National de Saint-Cloud &ndash; 28-30\/08\/2015<\/span><\/a><\/li>\n<li><a href=\"https:\/\/www.wallendorff.com\/belogue\/tag\/paleo-festival-2015\/\"><strong>Pal\u00e9o Festival<\/strong> <span class=\"petit\"> &ndash; Nyon &ndash; 20-26\/07\/2015<\/span><\/a><\/li>\n<li><a href=\"https:\/\/www.wallendorff.com\/belogue\/tag\/eurockeennes-2015\/\"><strong>Les Eurock&eacute;ennes<\/strong> <span class=\"petit\"> &ndash; Belfort &ndash; 03-05\/07\/2015<\/span><\/a><\/li>\n<li><a href=\"https:\/\/www.wallendorff.com\/belogue\/2015\/06\/26\/oui-fm-festival-jour-3\/\"><span class=\"petit\">O\u00fci FM Festival&nbsp;:<\/span> <strong>Cali<\/strong> <span class=\"petit\"> + Les Innocents + Mina Tindle + Bikini Machine &ndash; place de la R\u00e9publique &ndash; Paris &ndash; 25\/06\/2015<\/span><\/a><\/li>\n<li><a href=\"https:\/\/www.wallendorff.com\/belogue\/2015\/06\/25\/oui-fm-festival-jour-2\/\"><span class=\"petit\">O\u00fci FM Festival&nbsp;:<\/span> <strong>Gaz Coombes<\/strong> <span class=\"petit\"> + The Strypes + Talisco + Fuzeta &ndash; place de la R\u00e9publique &ndash; Paris &ndash; 24\/06\/2015<\/span><\/a><\/li>\n<li><a href=\"https:\/\/www.wallendorff.com\/belogue\/2015\/06\/24\/oui-fm-festival-jour-1\/\"><span class=\"petit\">O\u00fci FM Festival&nbsp;:<\/span> <strong>Noel Gallagher&rsquo;s High Flying Birds<\/strong> <span class=\"petit\"> + Temples + Drenge + Radio Elvis &ndash; place de la R\u00e9publique &ndash; Paris &ndash; 23\/06\/2015<\/span><\/a><\/li>\n<li><strong>FIDLAR<\/strong> <span class=\"petit\"> + 51 Black Super &ndash; le Trabendo &ndash; Paris &ndash; 16\/06\/2015<\/span><\/li>\n<li><a href=\"https:\/\/www.wallendorff.com\/belogue\/2015\/06\/16\/daniel-romano-and-the-trilliums-rocky-votolato-le-point-ephemere-paris\/\"><span class=\"petit\">Fargo Social Club n<sup>o<\/sup> 22&nbsp;:<\/span> <strong>Daniel Romano and the Trilliums<\/strong> <span class=\"petit\"> + Rocky Voltato &ndash; le Point \u00c9ph\u00e9m\u00e8re &ndash; Paris &ndash; 15\/06\/2015<\/span><\/a><\/li>\n<li><a href=\"https:\/\/www.wallendorff.com\/belogue\/2015\/06\/10\/eagles-of-death-metal-dolomite-minor-le-trianon-paris\/\"><strong>Eagles of Death Metal<\/strong> <span class=\"petit\">+ Dolomite Minor &ndash; le Trianon &ndash; Paris &ndash; 09\/06\/2015<\/span><\/a><\/li>\n<li><a href=\"http:\/\/www.soul-kitchen.fr\/57164-photos-inigo-montoya-fleche-dor-paris-08-06-2015\"><span class=\"petit\">Soir\u00e9e Day 1&nbsp;:<\/span> <strong>Aym\u00e9<\/strong> <span class=\"petit\"> + I\u00f1igo Montoya + Bloom &ndash; la Fl\u00e8che d&rsquo;Or &ndash; Paris &ndash; 08\/06\/2015<\/span><\/a><\/li>\n<li><a href=\"https:\/\/www.wallendorff.com\/belogue\/2015\/05\/29\/cali-le-zenith-paris-27-mai\/\"><strong>Cali<\/strong> <span class=\"petit\">+ Arno Santamaria &ndash; le Z\u00e9nith &ndash; Paris &ndash; 27\/05\/2015<\/span><\/a><\/li>\n<li><a href=\"https:\/\/www.wallendorff.com\/belogue\/2015\/05\/07\/im-from-barcelona-nico-and-the-red-shoes-la-maroquinerie-paris\/\"><strong>I&rsquo;m from Barcelona<\/strong> <span class=\"petit\">+ Nico and the Red Shoes &ndash; la Maroquinerie &ndash; Paris &ndash; 06\/05\/2015<\/span><\/a><\/li>\n<li><a href=\"https:\/\/www.wallendorff.com\/belogue\/2015\/04\/22\/circa-waves-la-fleche-dor-paris\/\"><strong>Circa Waves<\/strong> <span class=\"petit\">+ Sundara Karma + Tazieff &ndash; la Fl\u00e8che d&rsquo;Or &ndash; Paris &ndash; 21\/04\/2015<\/span><\/a><\/li>\n<li><a href=\"https:\/\/www.wallendorff.com\/belogue\/2015\/03\/26\/courtney-barnett-sallie-ford-le-divan-du-monde-paris\/\"><span class=\"petit\">F\u00eate souterraine&nbsp;:<\/span> <strong>Savon Tranchand<\/strong> \/ <strong>Les Lignes Droites<\/strong> \/ <strong>Weli No\u00ebl<\/strong> <span class=\"petit\">&ndash; l&rsquo;International &ndash; Paris &ndash; 20\/04\/2015<\/span><\/a><\/li>\n<li><stroke><strong>Charlie Winston<\/strong> <span class=\"petit\"> + Malo&rsquo; &ndash; la Cigale &ndash; Paris &ndash; 01\/04\/2015<\/span><\/a><\/stroke><\/li>\n<li><a href=\"https:\/\/www.wallendorff.com\/belogue\/2015\/03\/26\/courtney-barnett-sallie-ford-le-divan-du-monde-paris\/\"><span class=\"petit\">Les Femmes s&rsquo;en M\u00ealent&nbsp;:<\/span> <strong>Sallie Ford<\/strong> \/ <strong>Courtney Barnett<\/strong> <span class=\"petit\">&ndash; le Divan du Monde &ndash; Paris &ndash; 25\/03\/2015<\/span><\/a><\/li>\n<li><a href=\"https:\/\/www.wallendorff.com\/belogue\/2015\/03\/08\/metz-the-bodies-le-point-ephemere-paris\"><strong>METZ<\/strong> <span class=\"petit\"> + The Bodies &ndash; le Point \u00c9ph\u00e9m\u00e8re &ndash; Paris &ndash; 05\/03\/2015<\/span><\/a><\/li>\n<li><a href=\"https:\/\/www.wallendorff.com\/belogue\/2015\/02\/19\/balinger-3somesisters-la-fleche-dor-paris-16-fevrier\/\"><span class=\"petit\">Soir\u00e9e Day 1&nbsp;:<\/span> <strong>Balinger<\/strong> <span class=\"petit\"> + 3sOmEsiStERs + O &ndash; la Fl\u00e8che d&rsquo;Or &ndash; Paris &ndash; 16\/02\/2015<\/span><\/a><\/li>\n<li><a href=\"https:\/\/www.wallendorff.com\/belogue\/2015\/02\/13\/george-ezra-le-bataclan-paris\/\"><strong>George Ezra<\/strong> <span class=\"petit\"> + Raleigh Ritchie &ndash; le Bataclan &ndash; Paris &ndash; 12\/02\/2015<\/span><\/a><\/li>\n<li><a href=\"https:\/\/www.wallendorff.com\/belogue\/2015\/02\/04\/motorama-le-nouveau-casino-paris\/\"><strong>Motorama<\/strong> <span class=\"petit\"> + Dead Sea &ndash; le Nouveau Casino &ndash; Paris &ndash; 03\/02\/2015<\/span><\/a><\/li>\n<li><a href=\"https:\/\/www.wallendorff.com\/belogue\/2015\/01\/29\/interpol-lolympia-paris-27-janvier\/\"><strong>Interpol<\/strong> <span class=\"petit\"> + Health &ndash; l&rsquo;Olympia &ndash; Paris &ndash; 27\/01\/2015<\/span><\/a><\/li>\n<li><a href=\"https:\/\/www.wallendorff.com\/belogue\/2015\/02\/02\/mademoiselle-k-la-cigale-paris-26-janvier\/\"><strong>Mademoiselle K<\/strong> <span class=\"petit\"> + Suzanne Combo &ndash; la Cigale &ndash; Paris &ndash; 26\/01\/2015<\/span><\/a><\/li>\n<li><a href=\"https:\/\/www.wallendorff.com\/belogue\/2015\/01\/22\/creative-live-session-le-yoyo-paris-20-janvier\"><span class=\"petit\">Creative Live Session&nbsp;:<\/span> <strong>Charlie Winston<\/strong> <span class=\"petit\"> + ALB + Josef Salvat &ndash; le YOYO &ndash; Paris &ndash; 20\/01\/2015<\/span><\/a><\/li>\n<li><a href=\"https:\/\/www.wallendorff.com\/belogue\/2015\/01\/20\/les-lignes-droites-les-trois-baudets-paris\/\"><span class=\"petit\">Soir\u00e9e Klaxon&nbsp;:<\/span> <strong>Les Lignes Droites<\/strong> <span class=\"petit\"> + Fiona Walden + Sydney Vallette &ndash; les Trois Baudets &ndash; Paris &ndash; 19\/01\/2015<\/span><\/a><\/li>\n<li><strong>Les Lignes Droites<\/strong> <span class=\"petit\"> + Alma Forrer + Joseph Fisher &ndash; le Pop&rsquo;in &ndash; Paris &ndash; 12\/01\/2015<\/span><\/li>\n<\/ul>\n","protected":false},"excerpt":{"rendered":"<p>Concert tr\u00e8s tr\u00e8s priv\u00e9 RTL2&nbsp;: Indochine &ndash; le Trianon &ndash; Paris &ndash; 09\/12\/2015 FIDLAR + Bully &ndash; le Trianon &ndash; Paris &ndash; 19\/11\/2015 Foo Fighters + Trombone Shorty &#038; Orleans Avenue &ndash; Palais omnisport de Paris-Bercy &ndash; Paris &ndash; 16\/11\/2015 Festival des Inrocks&nbsp;: John Grant + Flo Morrissey + Max Jury + C Duncan +&hellip;<\/p>\n","protected":false},"author":1,"featured_media":0,"parent":12472,"menu_order":0,"comment_status":"closed","ping_status":"closed","template":"","meta":{"_acf_changed":false,"ngg_post_thumbnail":0,"jetpack_post_was_ever_published":false,"footnotes":""},"class_list":["post-23802","page","type-page","status-publish","hentry"],"acf":[],"jetpack_shortlink":"https:\/\/wp.me\/P3b35P-6bU","jetpack_sharing_enabled":true,"jetpack-related-posts":[{"id":127246,"url":"https:\/\/www.wallendorff.com\/belogue\/gigographie\/2024-2\/","url_meta":{"origin":23802,"position":0},"title":"2024","author":"dpc","date":"2 f\u00e9vrier 2024","format":false,"excerpt":"Gar\u00e7ons Fragiles \u2013 TDtF \u2013 Paris \u2013 07\/11\/2024 Heilung + Zeal and Ardor \u2013 Le Z\u00e9nith \u2013 Paris \u2013 17\/09\/2024 Pete Doherty + Delgado Jones \u2013 Le SEW \u2013 Morlaix \u2013 11\/09\/2024 Bleachers + Amy Allen \u2013 L'Olympia \u2013 Paris \u2013 02\/09\/2024 Flogging Molly + The Scratch \u2013 Le Bataclan\u2026","rel":"","context":"Article similaire","block_context":{"text":"Article similaire","link":""},"img":{"alt_text":"","src":"","width":0,"height":0},"classes":[]},{"id":20168,"url":"https:\/\/www.wallendorff.com\/belogue\/gigographie\/2013-2\/","url_meta":{"origin":23802,"position":1},"title":"2013","author":"dpc","date":"23 janvier 2013","format":false,"excerpt":"Virgin Radio Live\u00a0: Placebo + Shaka Ponk + Skip the Use + Yod\u00e9lice \u2013 le Z\u00e9nith \u2013 Paris \u2013 19\/12\/2013 Festival des Aventuriers\u00a0: Dum Dum Girls \/ Motorama \u2013 Espace G\u00e9rard Philipe \u2013 Fontenay-sous-Bois \u2013 13\/12\/2013 Festival des Aventuriers\u00a0: Tunng \/ Empire Dust \u2013 Espace G\u00e9rard Philipe \u2013 Fontenay-sous-Bois \u2013\u2026","rel":"","context":"Article similaire","block_context":{"text":"Article similaire","link":""},"img":{"alt_text":"","src":"","width":0,"height":0},"classes":[]},{"id":22589,"url":"https:\/\/www.wallendorff.com\/belogue\/gigographie\/2014-2\/","url_meta":{"origin":23802,"position":2},"title":"2014","author":"dpc","date":"10 mars 2014","format":false,"excerpt":"Bring the Noise Festival\u00a0: Royal Blood + Loading Data + Spark Gap \u2013 le Point \u00c9ph\u00e9m\u00e8re \u2013 Paris \u2013 18\/12\/2014 ALB + Stal \u2013 le Caf\u00e9 de la Danse \u2013 Paris \u2013 09\/12\/2014 Sharon Van Etten + Marisa Anderson \u2013 la Maroquinerie \u2013 Paris \u2013 01\/12\/2014 Emplume ton Brunch\u00a0: Alex\u2026","rel":"","context":"Article similaire","block_context":{"text":"Article similaire","link":""},"img":{"alt_text":"","src":"","width":0,"height":0},"classes":[]},{"id":15406,"url":"https:\/\/www.wallendorff.com\/belogue\/gigographie\/2012-2\/","url_meta":{"origin":23802,"position":3},"title":"2012","author":"dpc","date":"17 janvier 2012","format":false,"excerpt":"Two Gallants + To Kill a King \u2013 le Nouveau Casino \u2013 Paris \u2013 11\/12\/2012 The Raveonettes + Holy Esque \u2013 le Trabendo \u2013 Paris \u2013 07\/12\/2012 Mark Lanegan + Creature with the Atom Brain \u2013 le Trabendo \u2013 Paris \u2013 05\/12\/2012 The Dandy Warhols + The Blue Angel Lounge\u2026","rel":"","context":"Article similaire","block_context":{"text":"Article similaire","link":""},"img":{"alt_text":"","src":"","width":0,"height":0},"classes":[]},{"id":30167,"url":"https:\/\/www.wallendorff.com\/belogue\/gigographie\/2016-2\/","url_meta":{"origin":23802,"position":4},"title":"2016","author":"dpc","date":"28 janvier 2016","format":false,"excerpt":"The Wave Pictures + Os Noct\u00e0mbulos + Niko Yoko \u2013 l'Espace B \u2013 Paris \u2013 17\/12\/2016 Toy + Half Loon + Charles Howl \u2013 le Nouveau Casino \u2013 Paris \u2013 08\/12\/2016 Archive + Dr(dr)one \u2013 Salle Pleyel \u2013 Paris \u2013 29\/11\/2016 Kaleo + Dan Owen \u2013 la Maroquinerie \u2013 Paris\u2026","rel":"","context":"Article similaire","block_context":{"text":"Article similaire","link":""},"img":{"alt_text":"","src":"","width":0,"height":0},"classes":[]},{"id":131715,"url":"https:\/\/www.wallendorff.com\/belogue\/gigographie\/2025-2\/","url_meta":{"origin":23802,"position":5},"title":"2025","author":"dpc","date":"6 f\u00e9vrier 2025","format":false,"excerpt":"Black Rebel Motorcycle Club + Night Beats \u2013 L'Olympia \u2013 Paris \u2013 09\/12\/2025 Black Rebel Motorcycle Club + Night Beats \u2013 Paradiso \u2013 Amsterdam \u2013 08\/12\/2025 Black Rebel Motorcycle Club + Night Beats \u2013 Den Atelier \u2013 Luxembourg \u2013 29\/11\/2025 Jamiroquai + Cerrone \u2013 Bercy Ar\u00e9na \u2013 Paris \u2013 27\/11\/2025\u2026","rel":"","context":"Article similaire","block_context":{"text":"Article similaire","link":""},"img":{"alt_text":"","src":"","width":0,"height":0},"classes":[]}],"_links":{"self":[{"href":"https:\/\/www.wallendorff.com\/belogue\/wp-json\/wp\/v2\/pages\/23802","targetHints":{"allow":["GET"]}}],"collection":[{"href":"https:\/\/www.wallendorff.com\/belogue\/wp-json\/wp\/v2\/pages"}],"about":[{"href":"https:\/\/www.wallendorff.com\/belogue\/wp-json\/wp\/v2\/types\/page"}],"author":[{"embeddable":true,"href":"https:\/\/www.wallendorff.com\/belogue\/wp-json\/wp\/v2\/users\/1"}],"replies":[{"embeddable":true,"href":"https:\/\/www.wallendorff.com\/belogue\/wp-json\/wp\/v2\/comments?post=23802"}],"version-history":[{"count":36,"href":"https:\/\/www.wallendorff.com\/belogue\/wp-json\/wp\/v2\/pages\/23802\/revisions"}],"predecessor-version":[{"id":30313,"href":"https:\/\/www.wallendorff.com\/belogue\/wp-json\/wp\/v2\/pages\/23802\/revisions\/30313"}],"up":[{"embeddable":true,"href":"https:\/\/www.wallendorff.com\/belogue\/wp-json\/wp\/v2\/pages\/12472"}],"wp:attachment":[{"href":"https:\/\/www.wallendorff.com\/belogue\/wp-json\/wp\/v2\/media?parent=23802"}],"curies":[{"name":"wp","href":"https:\/\/api.w.org\/{rel}","templated":true}]}}