{"id":22589,"date":"2014-03-10T16:30:31","date_gmt":"2014-03-10T14:30:31","guid":{"rendered":"http:\/\/www.wallendorff.com\/?page_id=22589"},"modified":"2014-12-19T17:03:58","modified_gmt":"2014-12-19T15:03:58","slug":"2014-2","status":"publish","type":"page","link":"https:\/\/www.wallendorff.com\/belogue\/gigographie\/2014-2\/","title":{"rendered":"2014"},"content":{"rendered":"<ul>\n<li><a href=\"https:\/\/www.wallendorff.com\/belogue\/2014\/12\/19\/royal-blood-bring-the-noise-festival-le-point-ephemere-paris\/\"><span class=\"petit\">Bring the Noise Festival&nbsp;:<\/span> <strong>Royal Blood<\/strong> <span class=\"petit\"> + Loading Data + Spark Gap &ndash; le Point \u00c9ph\u00e9m\u00e8re &ndash; Paris &ndash; 18\/12\/2014<\/span><\/a><\/li>\n<li><a href=\"https:\/\/www.wallendorff.com\/belogue\/2014\/12\/10\/alb-le-cafe-de-la-danse-paris\/\"><strong>ALB<\/strong> <span class=\"petit\">+ Stal &ndash; le Caf\u00e9 de la Danse &ndash; Paris &ndash; 09\/12\/2014<\/span><\/a><\/li>\n<li><a href=\"https:\/\/www.wallendorff.com\/belogue\/2014\/12\/02\/sharon-van-etten-la-maroquinerie-paris\/\"><strong>Sharon Van Etten<\/strong> <span class=\"petit\">+ Marisa Anderson &ndash; la Maroquinerie &ndash; Paris &ndash; 01\/12\/2014<\/span><\/a><\/li>\n<li><span class=\"petit\">Emplume ton Brunch&nbsp;:<\/span> <strong>Alex Rossi<\/strong> \/ <strong>Niki Demiller<\/strong> \/ <strong>Batist<\/strong> \/ <strong>Les Lignes Droites<\/strong> <span class=\"petit\">&ndash; le Chair de Poule &ndash; Paris &ndash; 29\/11\/2014<\/span><\/li>\n<li><a href=\"https:\/\/www.wallendorff.com\/belogue\/2014\/11\/28\/fink-le-trianon-paris\/\"><strong>Fink<\/strong> <span class=\"petit\">+ Douglas Dare &ndash; le Trianon &ndash; Paris &ndash; 26\/11\/2014<\/span><\/a><\/li>\n<li><strong>The Ting Tings<\/strong> <span class=\"petit\"> &ndash; la Fl\u00e8che d&rsquo;Or &ndash; Paris &ndash; 21\/11\/2014<\/span><\/a><\/li>\n<li><a href=\"https:\/\/www.wallendorff.com\/belogue\/2014\/11\/21\/white-lung-le-point-ephemere-paris\/\"><strong>White Lung<\/strong> <span class=\"petit\">+ Headwar &ndash; le Point \u00c9ph\u00e9m\u00e8re &ndash; Paris &ndash; 20\/11\/2014<\/span><\/a><\/li>\n<li><span class=\"petit\">Soir\u00e9e DAY 1 n<sup>o<\/sup> 3&nbsp;:<\/span> <strong>VKNG<\/strong> <span class=\"petit\">+ Joy + Louves &ndash; la Fl\u00e8che d&rsquo;Or &ndash; Paris &ndash; 17\/11\/2014<\/span><\/li>\n<li><a href=\"https:\/\/www.wallendorff.com\/belogue\/2014\/11\/17\/linkin-park-bercy-arena-paris\/\"><strong>Linkin Park<\/strong> <span class=\"petit\">+ Of Mice and Men &ndash; Bercy Ar\u00e9na &ndash; Paris &ndash; 16\/11\/2014<\/span><\/a><\/li>\n<li><a href=\"https:\/\/www.wallendorff.com\/belogue\/2014\/11\/15\/the-rambling-wheels-montreux-jazz-cafe-paris\/\"><strong>The Rambling Wheels<\/strong> <span class=\"petit\">&ndash; Montreux Jazz Caf\u00e9 &ndash; Paris &ndash; 13\/11\/2014<\/span><\/a><\/li>\n<li><strike><strong>Counting Crows<\/strong> <span class=\"petit\">&ndash; le Bataclan &ndash; Paris &ndash; 13\/11\/2014<\/span><\/strike><\/li>\n<li><strong>Damien Rice<\/strong> <span class=\"petit\">+ Broken Twin &ndash; les Folies Berg\u00e8re &ndash; Paris &ndash; 05\/11\/2014<\/span><\/li>\n<li><a href=\"https:\/\/www.wallendorff.com\/belogue\/2014\/11\/06\/polar-the-animen-anna-aaron-les-trois-baudets-paris\/\"><strong>Polar<\/strong> <span class=\"petit\">+ The Animen + Anna Aaron &ndash; les Trois Baudets &ndash; Paris &ndash; 04\/11\/2014<\/span><\/a><\/li>\n<li><strong>Fractures<\/strong> <span class=\"petit\">+ Jeremie Whistler &ndash; le Popup du Label &ndash; Paris &ndash; 03\/11\/2014<\/span><\/li>\n<li><a href=\"https:\/\/www.wallendorff.com\/belogue\/2014\/10\/31\/kill-it-kid-les-etoiles-paris\/\"><strong>Kill It Kid<\/strong> <span class=\"petit\">&ndash; les &Eacute;toiles &ndash; Paris &ndash; 30\/10\/2014<\/span><\/a><\/li>\n<li><a href=\"https:\/\/www.wallendorff.com\/belogue\/2014\/10\/30\/the-asteroids-galaxy-tour-le-divan-du-monde-paris\/\"><strong>The Asteroids Galaxy Tour<\/strong> <span class=\"petit\">&ndash; le Divan du Monde &ndash; Paris &ndash; 29\/10\/2014<\/span><\/a><\/li>\n<li><a href=\"https:\/\/www.wallendorff.com\/belogue\/2014\/10\/21\/bastian-baker-la-maroquinerie-paris\/\"><strong>Bastian Baker<\/strong> <span class=\"petit\">&ndash; la Maroquinerie &ndash; Paris &ndash; 20\/10\/2014<\/span><\/a><\/li>\n<li><a href=\"https:\/\/www.wallendorff.com\/belogue\/2014\/10\/18\/ez3kiel-l-u-x-pegase-the-shady-brothers-mama-event-la-cigale-paris\/\"><span class=\"petit\">MaMA Event&nbsp;:<\/span> <strong>EZ3kiel &ndash; L.U.X.<\/strong> <span class=\"petit\"> + P\u00e9gase + The Shady Brothers &ndash; la Cigale &ndash; Paris &ndash; 17\/10\/2014<\/span><\/a><\/li>\n<li><a href=\"https:\/\/www.wallendorff.com\/belogue\/2014\/09\/26\/kodaline-nour-harkati-la-cigale-paris-%C3%97-rafoule-6\/\"><strong>Kodaline<\/strong> <span class=\"petit\"> + Nour Harkati &ndash; la Cigale &ndash; Paris &ndash; 25\/09\/2014<\/span><\/a><\/li>\n<li><strike><strong>Lana Del Rey<\/strong> <span class=\"petit\"> &ndash; Le Trianon &ndash; Paris &ndash; 25\/08\/2014<\/span><\/a><\/strike><\/li>\n<li><a href=\"https:\/\/www.wallendorff.com\/belogue\/tag\/rock-en-seine-2014\/\"><strong>Rock en Seine<\/strong> <span class=\"petit\">&ndash; Domaine national de Saint-Cloud &ndash; 22-24\/08\/2014<\/span><\/a><\/li>\n<li><a href=\"https:\/\/www.wallendorff.com\/belogue\/tag\/paleo-festival-2014\/\"><strong>Pal\u00e9o Festival<\/strong> <span class=\"petit\">&ndash; Nyon &ndash; 22-27\/07\/2014<\/span><\/a><\/li>\n<li><a href=\"https:\/\/www.wallendorff.com\/belogue\/2014\/09\/25\/festival-soirs-dete-paris-8-juillet\/\"><span class=\"petit\">Soirs d&rsquo;\u00e9t\u00e9&nbsp;:<\/span> <strong>The John Butler Trio<\/strong> <span class=\"petit\">+ Kodaline + Eugene McGuinness + Nick Mulvey &ndash; Place de la R\u00e9publique &ndash; Paris &ndash; 08\/07\/2014<\/span><\/a><\/li>\n<li><a href=\"https:\/\/www.wallendorff.com\/belogue\/tag\/eurockeennes-2014\/\"><strong>Les Eurock\u00e9ennes<\/strong> <span class=\"petit\">&ndash; Belfort &ndash; 04-06\/07\/2014<\/span><\/a><\/li>\n<li><a href=\"https:\/\/www.wallendorff.com\/belogue\/tag\/le-rock-dans-tous-ses-etats-2014-2\/\"><strong>Le Rock dans tous ses \u00c9tats<\/strong> <span class=\"petit\">&ndash; Hippodrome d&rsquo;\u00c9vreux &ndash; \u00c9vreux &ndash; 27-28\/06\/2014<\/span><\/a><\/li>\n<li><a href=\"https:\/\/www.wallendorff.com\/belogue\/2014\/06\/26\/interpol-theatre-de-lalhambra-paris-24-juin\/\"><strong>Interpol<\/strong> <span class=\"petit\">+ Childhood &ndash; Th\u00e9\u00e2tre de l&rsquo;Alhambra &ndash; Paris &ndash; 24\/06\/2014<\/span><\/a><\/li>\n<li><span class=\"petit\">Moshi Moshi Night&nbsp;:<\/span> <strong>Tom Vek<\/strong> <span class=\"petit\">+ Teleman &ndash; La Fl\u00e8che d&rsquo;Or &ndash; Paris &ndash; 12\/06\/2014<\/span><\/li>\n<li><a href=\"https:\/\/www.wallendorff.com\/belogue\/2014\/06\/07\/archie-bronson-outfit-le-nouveau-casino-paris\/\"><strong>Archie Bronson Outfit<\/strong> <span class=\"petit\">+ Get Your Gun &ndash; Le Nouveau Casino &ndash; Paris &ndash; 06\/06\/2014<\/span><\/a><\/li>\n<li><a href=\"https:\/\/www.wallendorff.com\/belogue\/2014\/06\/04\/arcade-fire-le-zenith-paris\"><strong>Arcade Fire<\/strong> <span class=\"petit\">+ Antibalas &ndash; le Z\u00e9nith &ndash; Paris &ndash; 03\/06\/2014<\/span><\/a><\/li>\n<li><strong>EMA<\/strong> <span class=\"petit\">+ Colleen Green &ndash; Le Point \u00c9ph\u00e9m\u00e8re &ndash; Paris &ndash; 02\/06\/2014<\/span><\/a><\/li>\n<li><a href=\"https:\/\/www.wallendorff.com\/belogue\/2014\/05\/28\/applause-le-badaboum-paris-23-mai\/\"><strong>Applause<\/strong> <span class=\"petit\">+ Head on Television + Santore &ndash; Le Badaboum &ndash; Paris &ndash; 23\/05\/2014<\/span><\/a><\/li>\n<li><a href=\"https:\/\/www.wallendorff.com\/belogue\/2014\/05\/19\/the-horrors-la-gaite-lyrique-paris-15-mai\/\"><strong>The Horrors<\/strong> <span class=\"petit\">+ The Proper Ornaments &ndash; La Ga\u00eet\u00e9 Lyrique &ndash; Paris &ndash; 15\/05\/2014<\/span><\/a><\/li>\n<li><strong>Klaxon<\/strong> <span class=\"petit\">+ Get a Room &ndash; La Maroquinerie &ndash; Paris &ndash; 12\/05\/2014<\/span><\/a><\/li>\n<li><strong>Coming Soon<\/strong> <span class=\"petit\">+ The Pirouettes + Judah Warsky &ndash; Le Centquatre &ndash; Paris &ndash; 06\/05\/2014<\/span><\/a><\/li>\n<li><a href=\"https:\/\/www.wallendorff.com\/belogue\/2014\/05\/21\/kasabian-le-bataclan-paris-30-avril\/\"><strong>Kasabian<\/strong> <span class=\"petit\">+ Martin C. &ndash; Le Bataclan &ndash; Paris &ndash; 30\/04\/2014<\/span><\/a><\/li>\n<li><a href=\"https:\/\/www.wallendorff.com\/belogue\/2014\/04\/26\/augustines-le-cafe-de-la-danse-paris\/\"><span class=\"petit\">Clap Your Hands Festival&nbsp;:<\/span> <strong>Augustines<\/strong> <span class=\"petit\">+ Agua Roja &ndash; Le Caf\u00e9 de la Danse &ndash; Paris &ndash; 25\/04\/2014<\/span><\/a><\/li>\n<li><a href=\"https:\/\/www.wallendorff.com\/belogue\/2014\/04\/23\/kaiser-chiefs-la-fleche-dor-paris\/\"><strong>Kaiser Chiefs<\/strong> <span class=\"petit\">&ndash; La Fl&egrave;che d&rsquo;Or &ndash; Paris &ndash; 22\/04\/2014<\/span><\/a><\/li>\n<li><strong>Fauxve<\/strong> <span class=\"petit\">+ Grand Blanc &ndash; Le Bataclan &ndash; Paris &ndash; 10\/04\/2014<\/span><\/li>\n<li><a href=\"https:\/\/www.wallendorff.com\/belogue\/2014\/04\/09\/skip-the-use-le-trianon-paris-7-avril\/\"><strong>Skip the Use<\/strong> <span class=\"petit\">+ Kid Noize &ndash; Le Trianon &ndash; Paris &ndash; 07\/04\/2014<\/span><\/a><\/li>\n<li><strong>The Men<\/strong> <span class=\"petit\">+ Sable Noir &ndash; La Fl\u00e8che d&rsquo;Or &ndash; Paris &ndash; 26\/03\/2014<\/span><\/li>\n<li><a href=\"https:\/\/www.wallendorff.com\/belogue\/2014\/03\/27\/von-pariahs-la-maroquinerie-paris-21-mars\/\"><strong>Von Pariahs<\/strong> <span class=\"petit\">+ Bed Rugs &ndash; La Maroquinerie &ndash; Paris &ndash; 21\/03\/2014<\/span><\/a><\/li>\n<li><a href=\"https:\/\/www.wallendorff.com\/belogue\/2014\/03\/20\/blood-red-shoes-la-gaite-lyrique-paris\/\"><strong>Blood Red Shoes<\/strong> <span class=\"petit\">+ Slaves &ndash; La Ga\u00eet\u00e9 Lyrique &ndash; Paris &ndash; 19\/03\/2014<\/span><\/a><\/li>\n<li><a href=\"https:\/\/www.wallendorff.com\/belogue\/2014\/03\/18\/editors-la-cigale-paris-2\/\"><strong>Editors<\/strong> <span class=\"petit\">+ Dry the River &ndash; La Cigale &ndash; Paris &ndash; 17\/03\/2014<\/span><\/a><\/li>\n<li><a href=\"https:\/\/www.wallendorff.com\/belogue\/2014\/03\/10\/motorama-le-cafe-de-la-danse-paris-06-mars\/\"><strong>Motorama<\/strong> <span class=\"petit\">+ That Summer &ndash; Le Caf&eacute; de de la Danse &ndash; Paris &ndash; 06\/03\/2014<\/span><\/a><\/li>\n<li><a href=\"https:\/\/www.wallendorff.com\/belogue\/2014\/03\/03\/haim-le-trianon-paris-1er-mars\/\"><strong>Haim<\/strong> <span class=\"petit\">+ Jungle &ndash; Le Trianon &ndash; Paris &ndash; 01\/03\/2014<\/span><\/a><\/li>\n<li><strong>Black Rebel Motorcycle Club<\/strong> <span class=\"petit\">+ Dead Combo &ndash; Le Trianon &ndash; Paris &ndash; 24\/02\/2014<\/span><\/li>\n<li><strong>Black Rebel Motorcycle Club<\/strong> <span class=\"petit\">+ Dead Combo &ndash; Le Botanique &ndash; Bruxelles &ndash; 21\/02\/2014<\/span><\/li>\n<li><a href=\"https:\/\/www.wallendorff.com\/belogue\/2014\/04\/04\/black-rebel-motorcycle-club-la-laiterie-strasbourg-15-fevrier\/\"><span class=\"petit\">Festival des Nuits de l&rsquo;Alligator&nbsp;:<\/span> <strong>Black Rebel Motorcycle Club<\/strong> <span class=\"petit\">+ Kid Karate + Dead Combo &ndash; La Laiterie &ndash; Strasbourg &ndash; 15\/02\/2014<\/span><\/a><\/li>\n<li><a href=\"https:\/\/www.wallendorff.com\/belogue\/2014\/01\/24\/yodelice-la-cigale-paris-21-janvier\/\"><strong>Yod&eacute;lice<\/strong> <span class=\"petit\">+ JAIN &ndash; La Cigale  &ndash; Paris &ndash; 21\/01\/2014<\/span><\/a><\/li>\n<\/ul>\n","protected":false},"excerpt":{"rendered":"<p>Bring the Noise Festival&nbsp;: Royal Blood + Loading Data + Spark Gap &ndash; le Point \u00c9ph\u00e9m\u00e8re &ndash; Paris &ndash; 18\/12\/2014 ALB + Stal &ndash; le Caf\u00e9 de la Danse &ndash; Paris &ndash; 09\/12\/2014 Sharon Van Etten + Marisa Anderson &ndash; la Maroquinerie &ndash; Paris &ndash; 01\/12\/2014 Emplume ton Brunch&nbsp;: Alex Rossi \/ Niki Demiller \/&hellip;<\/p>\n","protected":false},"author":1,"featured_media":0,"parent":12472,"menu_order":0,"comment_status":"closed","ping_status":"closed","template":"","meta":{"_acf_changed":false,"ngg_post_thumbnail":0,"jetpack_post_was_ever_published":false,"footnotes":""},"class_list":["post-22589","page","type-page","status-publish","hentry"],"acf":[],"jetpack_shortlink":"https:\/\/wp.me\/P3b35P-5Sl","jetpack_sharing_enabled":true,"jetpack-related-posts":[{"id":127246,"url":"https:\/\/www.wallendorff.com\/belogue\/gigographie\/2024-2\/","url_meta":{"origin":22589,"position":0},"title":"2024","author":"dpc","date":"2 f\u00e9vrier 2024","format":false,"excerpt":"Gar\u00e7ons Fragiles \u2013 TDtF \u2013 Paris \u2013 07\/11\/2024 Heilung + Zeal and Ardor \u2013 Le Z\u00e9nith \u2013 Paris \u2013 17\/09\/2024 Pete Doherty + Delgado Jones \u2013 Le SEW \u2013 Morlaix \u2013 11\/09\/2024 Bleachers + Amy Allen \u2013 L'Olympia \u2013 Paris \u2013 02\/09\/2024 Flogging Molly + The Scratch \u2013 Le Bataclan\u2026","rel":"","context":"Article similaire","block_context":{"text":"Article similaire","link":""},"img":{"alt_text":"","src":"","width":0,"height":0},"classes":[]},{"id":131715,"url":"https:\/\/www.wallendorff.com\/belogue\/gigographie\/2025-2\/","url_meta":{"origin":22589,"position":1},"title":"2025","author":"dpc","date":"6 f\u00e9vrier 2025","format":false,"excerpt":"Black Rebel Motorcycle Club + Night Beats \u2013 L'Olympia \u2013 Paris \u2013 09\/12\/2025 Black Rebel Motorcycle Club + Night Beats \u2013 Paradiso \u2013 Amsterdam \u2013 08\/12\/2025 Black Rebel Motorcycle Club + Night Beats \u2013 Den Atelier \u2013 Luxembourg \u2013 29\/11\/2025 Jamiroquai + Cerrone \u2013 Bercy Ar\u00e9na \u2013 Paris \u2013 27\/11\/2025\u2026","rel":"","context":"Article similaire","block_context":{"text":"Article similaire","link":""},"img":{"alt_text":"","src":"","width":0,"height":0},"classes":[]},{"id":127240,"url":"https:\/\/www.wallendorff.com\/belogue\/gigographie\/2023-2\/","url_meta":{"origin":22589,"position":2},"title":"2023","author":"dpc","date":"2 f\u00e9vrier 2024","format":false,"excerpt":"Pal\u00e9o Festival \u2013 Nyon \u2013 18-23\/07\/2023 Days Off Festival \u2013 Interpol + Jehnny Beth \u2013 Philharmonie de Paris \u2013 05\/07\/2023 Les Eurock\u00e9ennes \u2013 Belfort \u2013 29\/06-02\/07\/2023 The Black Keys + Spoon + Shannon and the Clams \u2013 le Z\u00e9nith \u2013 Paris \u2013 18\/06\/2023 Gar\u00e7ons Fragiles \u2013 La Belle Maison \u2013\u2026","rel":"","context":"Article similaire","block_context":{"text":"Article similaire","link":""},"img":{"alt_text":"","src":"","width":0,"height":0},"classes":[]},{"id":13741,"url":"https:\/\/www.wallendorff.com\/belogue\/gigographie\/2006-2\/","url_meta":{"origin":22589,"position":3},"title":"2006","author":"dpc","date":"21 octobre 2011","format":false,"excerpt":"Elista + Bogue \u2013 La Boule Noire, Paris \u2013 19\/12\/2006 \u2013 2 Muse + Razorlight \u2013 Palais omnisports de Paris-Bercy, Paris \u2013 14\/12\/2006 Indochine + Asyl \u2013 Palais omnisports de Paris-Bercy, Paris \u2013 08\/12\/2006 Troy Von Balthazar \u2013 La Maroquinerie, Paris \u2013 04\/12\/2006 \u2013 2 Iron Maiden + Trivium +\u2026","rel":"","context":"Article similaire","block_context":{"text":"Article similaire","link":""},"img":{"alt_text":"","src":"","width":0,"height":0},"classes":[]},{"id":13721,"url":"https:\/\/www.wallendorff.com\/belogue\/gigographie\/2011-2\/","url_meta":{"origin":22589,"position":4},"title":"2011","author":"dpc","date":"21 octobre 2011","format":false,"excerpt":"Kasabian + Miles Kane \u2013 The O2 Arena, Londres \u2013 14\/12\/2011 K's Choice \u2013 la Cigale, Paris \u2013 13\/12\/2011 Tom Vek + Im Takt \u2013 le Nouveau Casino, Paris \u2013 09\/12\/2011 The Horrors + Cerebral Ballzy \u2013 le Bataclan, Paris \u2013 07\/12\/2011 Black Lips + Acid Baby Jesus \u2013 la\u2026","rel":"","context":"Article similaire","block_context":{"text":"Article similaire","link":""},"img":{"alt_text":"","src":"","width":0,"height":0},"classes":[]},{"id":13723,"url":"https:\/\/www.wallendorff.com\/belogue\/gigographie\/2010-2\/","url_meta":{"origin":22589,"position":5},"title":"2010","author":"dpc","date":"21 octobre 2011","format":false,"excerpt":"Elista + Hello Bye Bye + Phyltre + DJ Moule \u2013 la Fl\u00e8che d\u2019Or, Paris \u2013 10\/12\/2010 Gossip + Hercules and Love Affair + Metronomy \u2013 Palais omnisports de Paris-Bercy, Paris \u2013 09\/12\/2010 Blood Red Shoes + Wallace Vanborn \u2013 le Trabendo, Paris \u2013 07\/12\/2010 Sophie Hunger + Juliette Commagere\u2026","rel":"","context":"Article similaire","block_context":{"text":"Article similaire","link":""},"img":{"alt_text":"","src":"","width":0,"height":0},"classes":[]}],"_links":{"self":[{"href":"https:\/\/www.wallendorff.com\/belogue\/wp-json\/wp\/v2\/pages\/22589","targetHints":{"allow":["GET"]}}],"collection":[{"href":"https:\/\/www.wallendorff.com\/belogue\/wp-json\/wp\/v2\/pages"}],"about":[{"href":"https:\/\/www.wallendorff.com\/belogue\/wp-json\/wp\/v2\/types\/page"}],"author":[{"embeddable":true,"href":"https:\/\/www.wallendorff.com\/belogue\/wp-json\/wp\/v2\/users\/1"}],"replies":[{"embeddable":true,"href":"https:\/\/www.wallendorff.com\/belogue\/wp-json\/wp\/v2\/comments?post=22589"}],"version-history":[{"count":47,"href":"https:\/\/www.wallendorff.com\/belogue\/wp-json\/wp\/v2\/pages\/22589\/revisions"}],"predecessor-version":[{"id":22657,"href":"https:\/\/www.wallendorff.com\/belogue\/wp-json\/wp\/v2\/pages\/22589\/revisions\/22657"}],"up":[{"embeddable":true,"href":"https:\/\/www.wallendorff.com\/belogue\/wp-json\/wp\/v2\/pages\/12472"}],"wp:attachment":[{"href":"https:\/\/www.wallendorff.com\/belogue\/wp-json\/wp\/v2\/media?parent=22589"}],"curies":[{"name":"wp","href":"https:\/\/api.w.org\/{rel}","templated":true}]}}