{"id":20168,"date":"2013-01-23T12:03:54","date_gmt":"2013-01-23T10:03:54","guid":{"rendered":"http:\/\/www.wallendorff.com\/?page_id=20168"},"modified":"2015-06-17T16:16:36","modified_gmt":"2015-06-17T14:16:36","slug":"2013-2","status":"publish","type":"page","link":"https:\/\/www.wallendorff.com\/belogue\/gigographie\/2013-2\/","title":{"rendered":"2013"},"content":{"rendered":"<ul>\n<li><span class=\"petit\">Virgin Radio Live&nbsp;:<\/span> <a href=\"https:\/\/www.wallendorff.com\/belogue\/2013\/12\/23\/virgin-radio-live-le-zenith-paris-19-decembre\/\"><strong>Placebo<\/strong> <span class=\"petit\">+ Shaka Ponk + Skip the Use + Yod&eacute;lice &ndash; le Z&eacute;nith &ndash; Paris &ndash; 19\/12\/2013<\/span><\/a><\/li>\n<li><span class=\"petit\">Festival des Aventuriers&nbsp;:<\/span> <a href=\"#\"><strong>Dum Dum Girls<\/strong> \/ <strong>Motorama<\/strong> <span class=\"petit\">&ndash; Espace G&eacute;rard Philipe &ndash; Fontenay-sous-Bois &ndash; 13\/12\/2013<\/span><\/a><\/li>\n<li><span class=\"petit\">Festival des Aventuriers&nbsp;:<\/span> <a href=\"#\"><strong>Tunng<\/strong> \/ <strong>Empire Dust<\/strong> <span class=\"petit\">&ndash; Espace G&eacute;rard Philipe &ndash; Fontenay-sous-Bois &ndash; 11\/12\/2013<\/span><\/a><\/li>\n<li><a href=\"https:\/\/www.wallendorff.com\/belogue\/2013\/12\/16\/placebo-toy-palais-omnisports-de-paris-bercy-paris-10-decembre\/\"><strong>Placebo<\/strong> <span class=\"petit\">+ Toy &ndash; Palais omnisports de Paris-Bercy &ndash; Paris &ndash; 10\/12\/2013<\/span><\/a><\/li>\n<li><strong>Anoraak<\/strong> <span class=\"petit\">+ Noir C&oelig;ur &ndash; Le Nouveau Casino &ndash; Paris &ndash; 05\/12\/2013<\/span><\/a><\/li>\n<li><a href=\"https:\/\/www.wallendorff.com\/belogue\/2013\/12\/02\/in-the-valley-below-le-trianon-paris\/\"><strong>White Lies<\/strong> <span class=\"petit\">+ In the Valley Below &ndash; Le Trianon &ndash; Paris &ndash; 01\/12\/2013<\/span><\/a><\/li>\n<li><strong>Biffy Clyro<\/strong> <span class=\"petit\">+ Arcane Roots &ndash; Le Trianon &ndash; Paris &ndash; 30\/11\/2013<\/span><\/li>\n<li><strong>Bastille<\/strong> <span class=\"petit\">+ To Kill a King &ndash; Le Bataclan &ndash; Paris &ndash; 26\/11\/2013<\/span><\/li>\n<li><a href=\"https:\/\/www.wallendorff.com\/belogue\/2013\/11\/22\/jake-bugg-honey-honey-lolympia-paris\/\"><strong>Jake Bugg<\/strong> <span class=\"petit\">+ Honeyhoney &ndash; L&rsquo;Olympia &ndash; Paris &ndash; 21\/11\/2013<\/span><\/a><\/li>\n<li><a href=\"https:\/\/www.wallendorff.com\/belogue\/2013\/11\/20\/the-naked-and-famous-le-trabendo-paris-14-novembre\/\"><strong>The Naked and Famous<\/strong> <span class=\"petit\">+ Sauvage &ndash; Le Trabendo &ndash; Paris &ndash; 14\/11\/2013<\/span><\/a><\/li>\n<li><strong>Radical Face<\/strong> <span class=\"petit\">+ Rickolus &ndash; Le Point &Eacute;ph&eacute;m&egrave;re &ndash; Paris &ndash; 13\/11\/2013<\/span><\/a><\/li>\n<li><span class=\"petit\">Festival des Inrocks&nbsp;:<\/span> <a href=\"https:\/\/www.wallendorff.com\/belogue\/2013\/11\/17\/foals-breton-festival-des-inrocks-le-zenith-paris-12-novembre\/\"><strong>Foals<\/strong> <span class=\"petit\">+ Breton + Everything Everything &ndash; Le Z&eacute;nith &ndash; Paris &ndash; 12\/11\/2013<\/span><\/a><\/li>\n<li><span class=\"petit\">Festival des Inrocks&nbsp;:<\/span> <a href=\"https:\/\/www.wallendorff.com\/belogue\/2013\/11\/16\/suede-temples-festival-des-inrocks-la-cigale-paris-11-novembre\/\"><strong>Suede<\/strong> <span class=\"petit\">+ Temples + Teleman &ndash; La Cigale &ndash; Paris &ndash; 11\/11\/2013<\/span><\/a><\/li>\n<li><span class=\"petit\">Festival des Inrocks&nbsp;:<\/span> <a href=\"https:\/\/www.wallendorff.com\/belogue\/2013\/11\/15\/findlay-festival-des-inrocks-la-boule-noire-paris-10-novembre\/\"><strong>Drenge<\/strong> <span class=\"petit\">+ Casual Sex + Findlay &ndash; La Boule Noire &ndash; Paris &ndash; 10\/11\/2013<\/span><\/a><\/li>\n<li><span class=\"petit\">Festival des Inrocks&nbsp;:<\/span> <a href=\"https:\/\/www.wallendorff.com\/belogue\/2013\/11\/14\/valerie-june-jacco-gardner-london-grammar-festival-des-inrocks-la-cigale-paris-9-novembre\/\"><strong>Valerie June<\/strong> <span class=\"petit\">+ Jacco Gardner + London Grammar + Lucius + We Are Match &ndash; La Cigale &ndash; Paris &ndash; 09\/11\/2013<\/span><\/a><\/li>\n<li><strong>Miles Kane<\/strong> <span class=\"petit\">+ Eugene McGuinness &ndash; L&rsquo;Olympia &ndash; Paris &ndash; 30\/10\/2013<\/span><\/a><\/li>\n<li><span class=\"petit\">Converse Pitchfork Preview<\/span> <a href=\"https:\/\/www.wallendorff.com\/belogue\/2013\/10\/31\/octobre-2013\/\"><strong>Jagwar Ma<\/strong> <span class=\"petit\">&ndash; Merci &ndash; Paris &ndash; 29\/10\/2013<\/span><\/a><\/li>\n<li><a href=\"https:\/\/www.wallendorff.com\/belogue\/2013\/11\/05\/crystal-fighters-le-bataclan-paris-29-octobre\/\"><strong>Crystal Fighters<\/strong> <span class=\"petit\"> &ndash; Le Bataclan &ndash; Paris &ndash; 29\/10\/2013<\/span><\/a><\/li>\n<li><a href=\"https:\/\/www.wallendorff.com\/belogue\/2013\/10\/30\/brns-la-maroquinerie-paris-28-octobre\/\"><strong>BRNS<\/strong> <span class=\"petit\">+ Gomina &ndash; La Maroquinerie &ndash; Paris &ndash; 28\/10\/2013<\/span><\/a><\/li>\n<li><a href=\"https:\/\/www.wallendorff.com\/belogue\/2013\/10\/28\/bombay-show-pig-the-rumour-said-fire-la-fleche-dor-paris-22-octobre\/\"><strong>Bombay Show Pig<\/strong> <span class=\"petit\">+ The Rumour Said Fire + Old Mountain Station &ndash; La Fl&egrave;che d&rsquo;Or &ndash; Paris &ndash; 22\/10\/2013<\/span><\/a><\/li>\n<li><a href=\"https:\/\/www.wallendorff.com\/belogue\/2013\/10\/23\/editors-le-trianon-paris-21-octobre\/\"><strong>Editors<\/strong> <span class=\"petit\">+ Balthazar &ndash; Le Trianon &ndash; Paris &ndash; 21\/10\/2013<\/span><\/a><\/li>\n<li><span class=\"petit\">MaMa Festival&nbsp;:<\/span> <a href=\"https:\/\/www.wallendorff.com\/belogue\/2013\/10\/22\/archive-la-cigale-paris-18-octobre\/\"><strong>Archive<\/strong> <span class=\"petit\">+ Daan + Robi &ndash; La Cigale &ndash; Paris &ndash; 18\/10\/2013<\/span><\/a><\/li>\n<li><span class=\"petit\">MaMa Festival&nbsp;:<\/span> <strong>Moriarty<\/strong> <span class=\"petit\">+ Mama Rosin + Christine Salem &ndash; La Cigale &ndash; Paris &ndash; 16\/10\/2013<\/span><\/li>\n<li><a href=\"https:\/\/www.wallendorff.com\/belogue\/2013\/10\/08\/tunng-la-maroquinerie-paris\"><strong>Tunng<\/strong> <span class=\"petit\">+ Pinkunoizu &ndash; la Maroquinerie &ndash; Paris &ndash; 07\/10\/2013<\/span><\/a><\/li>\n<li><strong>Mme Ex<\/strong> <span class=\"petit\"> + Sylvia Hanschneckenb&uuml;hl &ndash; le Gibus Caf&eacute; &ndash; Paris &ndash; 28\/09\/2013<\/span><\/a><\/li>\n<li><a href=\"https:\/\/www.wallendorff.com\/belogue\/2013\/09\/24\/the-black-angels-le-trianon-paris\/\"><strong>The Black Angels<\/strong> <span class=\"petit\">+ Elephant Stone &ndash; le Trianon &ndash; Paris &ndash; 23\/09\/2013<\/span><\/a><\/li>\n<li><strong>Motorama<\/strong> <span class=\"petit\"> + The Revival Hour &ndash; Petit-Bain &ndash; Paris &ndash; 19\/09\/2013<\/span><\/a><\/li>\n<li><a href=\"https:\/\/www.wallendorff.com\/belogue\/2013\/09\/19\/portugal-the-man-le-nouveau-casino-paris\/\"><strong>Portugal. The Man<\/strong> <span class=\"petit\">+ Okta Logue &ndash; le Nouveau Casino Paris &ndash; 17\/09\/2013<\/span><\/a><\/li>\n<li><a href=\"https:\/\/www.wallendorff.com\/belogue\/tag\/rock-en-seine-2013\/\"><strong>Rock en Seine<\/strong> <span class=\"petit\">&ndash; Domaine National de Saint-Cloud &ndash; 23-25\/08\/2013<\/span><\/a><\/li>\n<li><span class=\"petit\">Too much class for the record industry:<\/span> <strong>Burnside Eleven<\/strong> <span class=\"petit\"> + Sylvia Hanschneckenb&uuml;hl &ndash; L&rsquo;International &ndash; Paris &ndash; 13\/08\/2013<\/span><\/li>\n<li><a href=\"https:\/\/www.wallendorff.com\/belogue\/tag\/paleo-festival-2013\/\"><strong>Pal&eacute;o Festival<\/strong> <span class=\"petit\">&ndash; Nyon &ndash; 23-28\/07\/2013<\/span><\/a><\/li>\n<li><span class=\"petit\">Festival Fnac Live&nbsp;:<\/span> <a href=\"https:\/\/www.wallendorff.com\/belogue\/2013\/07\/22\/festival-fnac-live-paris-18-juillet\/\"><strong>Oxmo Puccino<\/strong> <span class=\"petit\">+ Miles Kane + Palma Violets &ndash; Paris &ndash; 18\/07\/2013<\/span><\/a><\/li>\n<li><span class=\"petit\">Soirs d&rsquo;&eacute;t&eacute; &agrave; la mairie du III<sup>e<\/sup> Ou&iuml; FM&nbsp;:<\/span> <strong>Babyshambles<\/strong> <span class=\"petit\">+ Jake Bugg + Puggy &ndash; Place de la R&eacute;publique &ndash; Paris &ndash; 08\/07\/2013<\/span><\/a><\/li>\n<li><a href=\"https:\/\/www.wallendorff.com\/belogue\/tag\/eurockeennes-2013\/\"><strong>Les Eurock&eacute;nnes<\/strong> <span class=\"petit\">&ndash; Belfort &ndash; 04-07\/07\/2013<\/span><\/a><\/li>\n<li><a href=\"https:\/\/www.wallendorff.com\/belogue\/2013\/06\/24\/muse-stade-de-france-saint-denis-21-juin\/\"><strong>Muse<\/strong> <span class=\"petit\">+ Paramore + fun. &ndash; Stade de France &ndash; Saint-Denis &ndash; 21\/06\/2013<\/span><\/a><\/li>\n<li><a href=\"https:\/\/www.wallendorff.com\/belogue\/2013\/06\/17\/depeche-mode-stade-de-france-saint-denis-15-juin\/\"><strong>Depeche Mode<\/strong> <span class=\"petit\">+ Douglas McCarthy &ndash; Stade de France &ndash; Saint-Denis &ndash; 15\/06\/2013<\/span><\/a><\/li>\n<li><strong>Crystal Castles<\/strong> <span class=\"petit\">+ Mount Analogue &ndash; l&rsquo;Olimpia &ndash; Paris &ndash; 13\/06\/2013<\/span><\/li>\n<li><a href=\"https:\/\/www.wallendorff.com\/belogue\/2013\/06\/10\/city-and-colour-le-cafe-de-la-danse-paris-7-juin\/\"><strong>City and Colour<\/strong> <span class=\"petit\">+ Twin Forks &ndash; le Caf&eacute; de la Danse &ndash; Paris &ndash; 07\/06\/2013<\/span><\/a><\/li>\n<li><a href=\"https:\/\/www.wallendorff.com\/belogue\/2013\/06\/04\/haim-le-nouveau-casino-paris-2-juin\/\"><strong>Haim<\/strong> <span class=\"petit\">+ Air Bag One &ndash; le Nouveau Casino &ndash; Paris &ndash; 02\/06\/2013<\/span><\/a><\/li>\n<li><span class=\"petit\">Casa Bacardi Live&nbsp;:<\/span> <a href=\"https:\/\/www.wallendorff.com\/belogue\/2013\/06\/03\/kasabian-casa-bacardi-live-milan-30-mai\/\"><strong>Kasabian<\/strong> <span class=\"petit\">+ Garden of Alibis &ndash; Piazza del Duomo &ndash; Milan &ndash; 30\/05\/2013<\/span><\/a><\/li>\n<li><span class=\"petit\">Rock City Festival&nbsp;:<\/span> <a href=\"https:\/\/www.wallendorff.com\/belogue\/2013\/05\/28\/fargo-rock-city-festival-le-trianon-paris\/\"><strong>Steve Earle &amp; the Dukes<\/strong> \/ <strong>Sallie Ford &amp; the Sound Outside<\/strong> \/ <strong>Two Gallants<\/strong> <span class=\"petit\">&ndash; Le Trianon &ndash; Paris &ndash; 27\/05\/2013<\/span><\/a><\/li>\n<li><span class=\"petit\">Villette Sonique 2013&nbsp;:<\/span> <a href=\"https:\/\/www.wallendorff.com\/belogue\/2013\/05\/27\/the-flaming-lips-villette-sonique-grande-halle-de-la-villette-paris-24-mai\/\"><strong>The Flaming Lips<\/strong> <span class=\"petit\">+ Unknown Mortal Orchestra + Cr\u00e2ne Angels &ndash; Grande Halle de la Villette &ndash; Paris &ndash; 24\/05\/2013<\/span><\/a><\/li>\n<li><a href=\"https:\/\/www.wallendorff.com\/belogue\/2013\/05\/24\/miles-kane-la-maroquinerie-paris-22-mai\/\"><strong>Miles Kane<\/strong> <span class=\"petit\">+ Mother of Two &ndash; La Maroquinerie &ndash; Paris &ndash; 22\/05\/2013<\/span><\/a><\/li>\n<li><a href=\"https:\/\/www.wallendorff.com\/belogue\/2013\/05\/22\/crystal-fighters-la-machine-du-moulin-rouge-paris\/\"><strong>Crystal Fighters<\/strong> <span class=\"petit\">+ No Ceremony &ndash; La Machine du Moulin Rouge &ndash; Paris &ndash; 21\/05\/2013<\/span><\/a><\/li>\n<li><a href=\"https:\/\/www.wallendorff.com\/belogue\/2013\/05\/15\/junip-barbarossa-le-trabendo-paris\/\"><strong>Junip<\/strong> <span class=\"petit\">+ Barbarossa &ndash; Le Trabendo &ndash; Paris &ndash; 14\/05\/2013<\/span><\/a><\/li>\n<li><a href=\"https:\/\/www.wallendorff.com\/belogue\/2013\/05\/14\/the-raveonettes-la-maroquinerie-paris-12-mai\/\"><strong>The Raveonettes<\/strong> <span class=\"petit\">+ Big Surf &ndash; La Maroquinerie &ndash; Paris &ndash; 12\/05\/2013<\/span><\/a><\/li>\n<li><strong>Ellie Goulding<\/strong> <span class=\"petit\">+ Charlie XCX + Matthew Koma &ndash; Le Bataclan &ndash; Paris &ndash; 02\/05\/2013<\/span><\/li>\n<\/ul>\n<ul>\n<p><a href=\"https:\/\/www.wallendorff.com\/belogue\/2013\/05\/13\/the-first-ten-years\/\"><span class=\"gros\">10 ans de passes photo<\/span> <span class=\"petit\"> &ndash; 25\/04\/2013<\/span><\/a><\/p>\n<\/ul>\n<ul>\n<li><a href=\"https:\/\/www.wallendorff.com\/belogue\/2013\/06\/05\/previously-unreleased-91\/\"><strong>Cold War Kids<\/strong> <span class=\"petit\">+ Milo Greene &ndash; Le Bataclan &ndash; Paris &ndash; 24\/04\/2013<\/span><\/a><\/li>\n<li><span class=\"petit\">Rough Trade on Tour&nbsp;:<\/span> <a href=\"https:\/\/www.wallendorff.com\/belogue\/2013\/05\/03\/rough-trade-on-tour-temples-charlie-boyer-and-the-voyeurs-la-maroquinerie-paris-20-avril\/\"><strong>Toy<\/strong> <span class=\"petit\">+ Stealing Sheep + Temples + Charlie Boyer and the Voyeurs &ndash; La Maroquinerie &ndash; Paris &ndash; 20\/04\/2013<\/span><\/a><\/li>\n<li><a href=\"https:\/\/www.wallendorff.com\/belogue\/2013\/04\/19\/and-you-will-know-us-by-the-trail-of-dead-la-maroquinerie-paris-17-avril\/\"><strong>&#8230;And You Will Know Us By the Trail of Dead<\/strong> <span class=\"petit\">+ Turbowolf + The coathangers &ndash; La Maroquinerie &ndash; Paris &ndash; 17\/04\/2013<\/span><\/a><\/li>\n<li><a href=\"https:\/\/www.wallendorff.com\/belogue\/2013\/04\/04\/shout-out-louds-le-cafe-de-la-danse-paris\/\"><strong>Shout Out Louds<\/strong> <span class=\"petit\">+ Ben Ellis &ndash; Le Caf\u00e9 de la Danse &ndash; Paris &ndash; 03\/04\/2013<\/span><\/a><\/li>\n<li><a href=\"https:\/\/www.wallendorff.com\/belogue\/2013\/04\/05\/black-rebel-motorcycle-club-lancienne-belgique-bruxelles-1er-avril\/\"><strong>Black Rebel Motorcycle Club<\/strong> <span class=\"petit\">+ Transfer &ndash; L&rsquo;Ancienne Belgique &ndash; Bruxelles &ndash; 01\/04\/2013<\/span><\/a><\/li>\n<li><strong>Sylvia Hanschneckenb\u00fchl<\/strong> <span class=\"petit\"> &ndash; Pigalle Country Club &ndash; Paris &ndash; 29\/03\/2013<\/span><\/li>\n<li><a href=\"https:\/\/www.wallendorff.com\/belogue\/2013\/03\/27\/mumford-sons-mystery-jets-le-trianon-paris\/\"><strong>Mumford &amp; Sons<\/strong> <span class=\"petit\">+ Mystery Jets + Half Moon Run &ndash; Le Trianon &ndash; Paris &ndash; 26\/03\/2013<\/span><\/a><\/li>\n<li><a href=\"https:\/\/www.wallendorff.com\/belogue\/2013\/03\/19\/black-rebel-motorcycle-club-le-trianon-paris-15-16-mars\/\"><strong>Black Rebel Motorcycle Club<\/strong> <span class=\"petit\">+ Transfer &ndash; Le Trianon &ndash; Paris &ndash; 16\/03\/2013<\/span><\/a><\/li>\n<li><a href=\"https:\/\/www.wallendorff.com\/belogue\/2013\/03\/19\/black-rebel-motorcycle-club-le-trianon-paris-15-16-mars\/\"><strong>Black Rebel Motorcycle Club<\/strong> <span class=\"petit\">+ Transfer &ndash; Le Trianon &ndash; Paris &ndash; 15\/03\/2013<\/span><\/a><\/li>\n<li><a href=\"https:\/\/www.wallendorff.com\/belogue\/2013\/03\/17\/the-men-le-point-ephemere-paris-14-mars\/\"><strong>The Men<\/strong> <span class=\"petit\">+ The Burning Jacks &ndash; Le Point \u00c9ph\u00e9m\u00e8re &ndash; Paris &ndash; 14\/03\/2013<\/span><\/a><\/li>\n<li><a href=\"https:\/\/www.wallendorff.com\/belogue\/2013\/03\/13\/of-monsters-and-men-le-trianon-paris\/\"><strong>Of Monsters and Men<\/strong> <span class=\"petit\">+ Mugison &ndash; Le Trianon &ndash; Paris &ndash; 12\/03\/2013<\/span><\/a><\/li>\n<li><strong>Cali<\/strong> <span class=\"petit\">+ Anouk A\u00efata &ndash; Casino de Paris &ndash; Paris &ndash; 25\/02\/2013<\/span><\/li>\n<li><a href=\"https:\/\/www.wallendorff.com\/belogue\/2013\/02\/21\/bloc-party-the-joy-formidable-le-zenith-paris\/\"><strong>Bloc Party<\/strong> <span class=\"petit\">+ The Joy Formidable &ndash; Le Z\u00e9nith &ndash; Paris &ndash; 20\/02\/2013<\/span><\/a><\/li>\n<li><span class=\"petit\">Fireworks! Festival&nbsp;:<\/span> <a href=\"https:\/\/www.wallendorff.com\/belogue\/2013\/02\/18\/indians-le-point-ephemere-paris-13-fevrier\/\"><strong>Indians<\/strong> <span class=\"petit\">+ Glass Animals &ndash; Le Point \u00c9ph\u00e9m\u00e8re &ndash; Paris &ndash; 13\/02\/2013<\/span><\/a><\/li>\n<li><a href=\"https:\/\/www.wallendorff.com\/belogue\/2013\/02\/13\/the-joy-formidable-la-maroquinerie-paris\/\"><strong>The Joy Formidable<\/strong> <span class=\"petit\">+ We Are Animals &ndash; La Maroquinerie &ndash; Paris &ndash; 12\/02\/2013<\/span><\/a><\/li>\n<li><a href=\"https:\/\/www.wallendorff.com\/belogue\/2013\/02\/12\/paul-banks-darko-lalhambra-paris\/\"><strong>Paul Banks<\/strong> <span class=\"petit\">+ Darko &ndash; Th\u00e9\u00e2tre de l&rsquo;Alhambra &ndash; Paris &ndash; 11\/02\/2013<\/span><\/a><\/li>\n<li><span class=\"petit\">Soir\u00e9e Mind Your Head&nbsp;:<\/span> <a href=\"https:\/\/www.wallendorff.com\/belogue\/2013\/02\/08\/metz-le-point-ephemere-paris\/\"><strong>METZ<\/strong> <span class=\"petit\">+ Moller Plesset + Plaisir &ndash; Le Point \u00c9ph\u00e9m\u00e8re &ndash; Paris &ndash; 07\/02\/2013<\/span><\/a><\/li>\n<li><strong>Maissiat<\/strong> <span class=\"petit\">&ndash; L&rsquo;H&ocirc;tel &ndash; Paris &ndash; 04\/02\/2013<\/span><\/li>\n<li><a href=\"https:\/\/www.wallendorff.com\/belogue\/2013\/01\/30\/sophie-hunger-la-cigale-paris\/\"><strong>Sophie Hunger<\/strong> <span class=\"petit\">+ Benjamin Cl\u00e9mentine &ndash; La Cigale  &ndash; Paris &ndash; 29\/01\/2013<\/span><\/a><\/li>\n<li><span class=\"petit\">Bouge ton Blog avec Chronik Music&nbsp;:<\/span> <strong>Yes S Club<\/strong> <span class=\"petit\">+ Balinger &ndash; L&rsquo;international &ndash; Paris &ndash; 22\/01\/2013<\/span><\/li>\n<\/ul>\n","protected":false},"excerpt":{"rendered":"<p>Virgin Radio Live&nbsp;: Placebo + Shaka Ponk + Skip the Use + Yod&eacute;lice &ndash; le Z&eacute;nith &ndash; Paris &ndash; 19\/12\/2013 Festival des Aventuriers&nbsp;: Dum Dum Girls \/ Motorama &ndash; Espace G&eacute;rard Philipe &ndash; Fontenay-sous-Bois &ndash; 13\/12\/2013 Festival des Aventuriers&nbsp;: Tunng \/ Empire Dust &ndash; Espace G&eacute;rard Philipe &ndash; Fontenay-sous-Bois &ndash; 11\/12\/2013 Placebo + Toy &ndash;&hellip;<\/p>\n","protected":false},"author":1,"featured_media":0,"parent":12472,"menu_order":0,"comment_status":"closed","ping_status":"closed","template":"","meta":{"_acf_changed":false,"ngg_post_thumbnail":0,"jetpack_post_was_ever_published":false,"footnotes":""},"class_list":["post-20168","page","type-page","status-publish","hentry"],"acf":[],"jetpack_shortlink":"https:\/\/wp.me\/P3b35P-5fi","jetpack_sharing_enabled":false,"jetpack-related-posts":[{"id":13741,"url":"https:\/\/www.wallendorff.com\/belogue\/gigographie\/2006-2\/","url_meta":{"origin":20168,"position":0},"title":"2006","author":"dpc","date":"21 octobre 2011","format":false,"excerpt":"Elista + Bogue \u2013 La Boule Noire, Paris \u2013 19\/12\/2006 \u2013 2 Muse + Razorlight \u2013 Palais omnisports de Paris-Bercy, Paris \u2013 14\/12\/2006 Indochine + Asyl \u2013 Palais omnisports de Paris-Bercy, Paris \u2013 08\/12\/2006 Troy Von Balthazar \u2013 La Maroquinerie, Paris \u2013 04\/12\/2006 \u2013 2 Iron Maiden + Trivium +\u2026","rel":"","context":"Article similaire","block_context":{"text":"Article similaire","link":""},"img":{"alt_text":"","src":"","width":0,"height":0},"classes":[]},{"id":13747,"url":"https:\/\/www.wallendorff.com\/belogue\/gigographie\/2003-2\/","url_meta":{"origin":20168,"position":1},"title":"2003","author":"dpc","date":"21 octobre 2011","format":false,"excerpt":"Tarmac + Dahlia + Foggy Bottom \u2013 Terville \u2013 18\/12\/2003 Grandaddy \/ The Electric Soft Parade + OMR \u2013 L\u2019\u00c9lys\u00e9e-Montmartre, Paris \u2013 01\/12\/2003 Tom McRae + Dorval \u2013 L\u2019After Club, Amn\u00e9ville \u2013 15\/11\/2003 Muse + Cave in \u2013 Le Z\u00e9nith, Nancy \u2013 03\/11\/2003 Placebo + Skin \u2013 Le Galaxie, Amn\u00e9ville\u2026","rel":"","context":"Article similaire","block_context":{"text":"Article similaire","link":""},"img":{"alt_text":"","src":"","width":0,"height":0},"classes":[]},{"id":127246,"url":"https:\/\/www.wallendorff.com\/belogue\/gigographie\/2024-2\/","url_meta":{"origin":20168,"position":2},"title":"2024","author":"dpc","date":"2 f\u00e9vrier 2024","format":false,"excerpt":"Gar\u00e7ons Fragiles \u2013 TDtF \u2013 Paris \u2013 07\/11\/2024 Heilung + Zeal and Ardor \u2013 Le Z\u00e9nith \u2013 Paris \u2013 17\/09\/2024 Pete Doherty + Delgado Jones \u2013 Le SEW \u2013 Morlaix \u2013 11\/09\/2024 Bleachers + Amy Allen \u2013 L'Olympia \u2013 Paris \u2013 02\/09\/2024 Flogging Molly + The Scratch \u2013 Le Bataclan\u2026","rel":"","context":"Article similaire","block_context":{"text":"Article similaire","link":""},"img":{"alt_text":"","src":"","width":0,"height":0},"classes":[]},{"id":37144,"url":"https:\/\/www.wallendorff.com\/belogue\/artistes-a-z\/artistes-k-z\/","url_meta":{"origin":20168,"position":3},"title":"Artistes K \u2013 Z","author":"dpc","date":"31 janvier 2018","format":false,"excerpt":"K Kadebostany Le Caf\u00e9 de la Danse, Paris \u2013 20\/04\/2016 Pal\u00e9o Festival, Nyon \u2013 25\/07\/2013 Kaiser Chiefs La Fl\u00e8che d\u2019Or, Paris \u2013 22\/04\/2014 Main Square Festival, Arras \u2013 02\/07\/2011 Kalash Les Eurock\u00e9ennes, Belfort \u2013 04\/07\/2025 Kaleo Pal\u00e9o Festival, Nyon \u2013 17\/07\/2018 L'Olympia, Paris \u2013 15\/11\/2017 Le Trianon, Paris \u2013 27\/01\/2017\u2026","rel":"","context":"Article similaire","block_context":{"text":"Article similaire","link":""},"img":{"alt_text":"","src":"","width":0,"height":0},"classes":[]},{"id":37142,"url":"https:\/\/www.wallendorff.com\/belogue\/artistes-a-z\/artistes-a-j\/","url_meta":{"origin":20168,"position":4},"title":"Artistes A \u2013 J","author":"dpc","date":"31 janvier 2018","format":false,"excerpt":"A Aaron Le Z\u00e9nith, Paris \u2013 26\/11\/2021 Pal\u00e9o Festival, Nyon \u2013 19\/07\/2016 La Cigale, Paris \u2013 14\/10\/2015 Aaron, Anna Les Trois Baudets, Paris \u2013 04\/11\/2014 Centre Culturel Suisse, Paris \u2013 14\/03\/2012 Acid Arab Les Eurock\u00e9ennes en r\u00e9sidence secondaire, Belfort \u2013 20\/07\/2021 Ad\u00e9 Les Eurock\u00e9ennes, Belfort \u2013 29\/06\/2023 Adieu Gary Cooper\u2026","rel":"","context":"Article similaire","block_context":{"text":"Article similaire","link":""},"img":{"alt_text":"","src":"","width":0,"height":0},"classes":[]},{"id":127240,"url":"https:\/\/www.wallendorff.com\/belogue\/gigographie\/2023-2\/","url_meta":{"origin":20168,"position":5},"title":"2023","author":"dpc","date":"2 f\u00e9vrier 2024","format":false,"excerpt":"Pal\u00e9o Festival \u2013 Nyon \u2013 18-23\/07\/2023 Days Off Festival \u2013 Interpol + Jehnny Beth \u2013 Philharmonie de Paris \u2013 05\/07\/2023 Les Eurock\u00e9ennes \u2013 Belfort \u2013 29\/06-02\/07\/2023 The Black Keys + Spoon + Shannon and the Clams \u2013 le Z\u00e9nith \u2013 Paris \u2013 18\/06\/2023 Gar\u00e7ons Fragiles \u2013 La Belle Maison \u2013\u2026","rel":"","context":"Article similaire","block_context":{"text":"Article similaire","link":""},"img":{"alt_text":"","src":"","width":0,"height":0},"classes":[]}],"_links":{"self":[{"href":"https:\/\/www.wallendorff.com\/belogue\/wp-json\/wp\/v2\/pages\/20168","targetHints":{"allow":["GET"]}}],"collection":[{"href":"https:\/\/www.wallendorff.com\/belogue\/wp-json\/wp\/v2\/pages"}],"about":[{"href":"https:\/\/www.wallendorff.com\/belogue\/wp-json\/wp\/v2\/types\/page"}],"author":[{"embeddable":true,"href":"https:\/\/www.wallendorff.com\/belogue\/wp-json\/wp\/v2\/users\/1"}],"replies":[{"embeddable":true,"href":"https:\/\/www.wallendorff.com\/belogue\/wp-json\/wp\/v2\/comments?post=20168"}],"version-history":[{"count":74,"href":"https:\/\/www.wallendorff.com\/belogue\/wp-json\/wp\/v2\/pages\/20168\/revisions"}],"predecessor-version":[{"id":27548,"href":"https:\/\/www.wallendorff.com\/belogue\/wp-json\/wp\/v2\/pages\/20168\/revisions\/27548"}],"up":[{"embeddable":true,"href":"https:\/\/www.wallendorff.com\/belogue\/wp-json\/wp\/v2\/pages\/12472"}],"wp:attachment":[{"href":"https:\/\/www.wallendorff.com\/belogue\/wp-json\/wp\/v2\/media?parent=20168"}],"curies":[{"name":"wp","href":"https:\/\/api.w.org\/{rel}","templated":true}]}}