{"id":15406,"date":"2012-01-17T12:47:32","date_gmt":"2012-01-17T10:47:32","guid":{"rendered":"http:\/\/www.po-L.com\/belogue\/?page_id=15406"},"modified":"2013-01-23T12:07:12","modified_gmt":"2013-01-23T10:07:12","slug":"2012-2","status":"publish","type":"page","link":"https:\/\/www.wallendorff.com\/belogue\/gigographie\/2012-2\/","title":{"rendered":"2012"},"content":{"rendered":"<ul>\n<li><a href=\"https:\/\/www.wallendorff.com\/belogue\/2012\/12\/15\/two-gallants-le-nouveau-casino-paris-11-decembre\/\"><strong>Two Gallants<\/strong> <span class=\"petit\">+ To Kill a King &ndash; le Nouveau Casino &ndash; Paris &ndash; 11\/12\/2012<\/span><\/a><\/li>\n<li><a href=\"https:\/\/www.wallendorff.com\/belogue\/2012\/12\/08\/the-raveonettes-le-trabendo-paris\/\"><strong>The Raveonettes<\/strong> <span class=\"petit\">+ Holy Esque &ndash; le Trabendo &ndash; Paris &ndash; 07\/12\/2012<\/span><\/a><\/li>\n<li><a href=\"https:\/\/www.wallendorff.com\/belogue\/2012\/12\/06\/mark-lanegan-le-trabendo-paris\/\"><strong>Mark Lanegan<\/strong> <span class=\"petit\">+ Creature with the Atom Brain &ndash; le Trabendo &ndash; Paris &ndash; 05\/12\/2012<\/span><\/a><\/li>\n<li><a href=\"https:\/\/www.wallendorff.com\/belogue\/2012\/11\/30\/the-dandy-warhols-le-trianon-paris\/\"><strong>The Dandy Warhols<\/strong> <span class=\"petit\">+ The Blue Angel Lounge &ndash; le Trianon &ndash; Paris &ndash; 29\/11\/2012<\/span><\/a><\/li>\n<li><strong>Darwin Deez<\/strong> <span class=\"petit\">+ D&rsquo;Austerlitz &ndash; la Boule Noire &ndash; Paris &ndash; 29\/11\/2012<\/span><\/li>\n<li><a href=\"https:\/\/www.wallendorff.com\/belogue\/2012\/11\/29\/jake-bugg-la-fleche-dor-paris\/\"><strong>Jake Bugg<\/strong> <span class=\"petit\">+ Jake Savoretti &ndash; la Fl&egrave;che d&rsquo;Or &ndash; Paris &ndash; 28\/11\/2012<\/span><\/a><\/li>\n<li><a href=\"https:\/\/www.wallendorff.com\/belogue\/2012\/11\/27\/biffy-clyro-triggerfinger-le-divan-du-monde-paris\/\"><span class=\"petit\">Bring the Noise Festival&nbsp;:<\/span> <strong>Biffy Clyro<\/strong> <span class=\"petit\">+ Triggerfinger &ndash; le Divan du Monde &ndash; Paris &ndash; 26\/11\/2012<\/span><\/a><\/li>\n<li><a href=\"https:\/\/www.wallendorff.com\/belogue\/2012\/11\/26\/bat-for-lashes-le-trianon-paris\/\"><strong>Bat for Lashes<\/strong> <span class=\"petit\">+ Race Horses &ndash; Le Trianon &ndash; Paris &ndash; 25\/11\/2012<\/span><\/a><\/li>\n<li><a href=\"https:\/\/www.wallendorff.com\/belogue\/2012\/11\/24\/the-bewitched-hands-le-trianon-paris\/\"><strong>The Bewitched Hands<\/strong> <span class=\"petit\">+ ALB &ndash; Le Trianon &ndash; Paris &ndash; 23\/11\/2012<\/span><\/a><\/li>\n<li><a href=\"https:\/\/www.wallendorff.com\/belogue\/2012\/11\/22\/mystery-jets-oh-othello-la-fleche-dor-paris\/\"><strong>Mystery Jets<\/strong> <span class=\"petit\">+ Oh Othello &ndash; La Fl&egrave;che d&rsquo;Or &ndash; Paris &ndash; 21\/11\/2012<\/span><\/a><\/li>\n<li><a href=\"https:\/\/www.wallendorff.com\/belogue\/2012\/11\/20\/gaz-coombes-le-cafe-de-la-danse-paris\/\"><strong>Gaz Coombes<\/strong> <span class=\"petit\">+ The Rodeo &ndash; Le Caf&eacute; de la Danse &ndash; Paris &ndash; 19\/11\/2012<\/span><\/a><\/li>\n<li><a href=\"https:\/\/www.wallendorff.com\/belogue\/2012\/11\/16\/two-door-cinema-club-alt-j-le-zenith-paris\/\"><strong>Two Door Cinema Club<\/strong> <span class=\"petit\">+ &Delta; &ndash; Le Z&eacute;nith &ndash; Paris &ndash; 15\/11\/2012<\/span><\/a><\/li>\n<li><strong>Villagers<\/strong> <span class=\"petit\">+ Rob Cunningham &ndash; Le Point &Eacute;ph&eacute;m&egrave;re &ndash; Paris &ndash; 07\/11\/2012<\/span><\/li>\n<li><a href=\"https:\/\/www.wallendorff.com\/belogue\/2012\/11\/07\/gossip-austra-le-zenith-paris\/\"><strong>Gossip<\/strong> <span class=\"petit\">+ Austra &ndash; Le Z&eacute;nith &ndash; Paris &ndash; 06\/11\/2012<\/a><\/li>\n<li><a href=\"http:\/\/www.po-L.com\/belogue\/2012\/10\/26\/metz-le-nouveau-casino-paris\/\"><strong>METZ<\/strong> <span class=\"petit\">+ Pierre Martin &ndash; Le Nouveau Casino &ndash; Paris &ndash; 25\/10\/2012<\/a><\/li>\n<li><strong>Two Gallants<\/strong> <span class=\"petit\"> &ndash; Boutique Fargo &ndash; Paris &ndash; 23\/10\/2012<\/span><\/a><\/li>\n<li><a href=\"https:\/\/www.wallendorff.com\/belogue\/2012\/10\/23\/nada-surf-le-trabendo-paris-2\/\"><strong>Nada Surf<\/strong> <span class=\"petit\">+ Ezra Furman &ndash; Le Trabendo &ndash; Paris &ndash; 22\/10\/2012<\/a><\/li>\n<li><a href=\"https:\/\/www.wallendorff.com\/belogue\/2012\/10\/19\/muse-the-joy-formidable-palais-omnisports-de-paris-bercy\/\"><strong>Muse<\/strong> <span class=\"petit\">+ The Joy Formidable &ndash; Palais omnisports de Paris-Bercy &ndash; Paris &ndash; 18\/10\/2012<\/a><\/li>\n<li><a href=\"https:\/\/www.wallendorff.com\/belogue\/2012\/10\/12\/dionysos-lolympia-paris-11-octobre\/\"><strong>Dionysos<\/strong> <span class=\"petit\">+ 69 &ndash; l&rsquo;Olympia &ndash; Paris &ndash; 11\/10\/2012<\/a><\/li>\n<li><span class=\"petit\">Festival d&rsquo;\u00cele-de-France&nbsp;:<\/span> <strong>Zita Swoon<\/strong> <span class=\"petit\">+ Limousine &ndash; La Ga\u00eet\u00e9 Lyrique &ndash; Paris &ndash; 05\/10\/2012<\/span><\/li>\n<li><a href=\"https:\/\/www.wallendorff.com\/belogue\/2012\/10\/02\/sharon-van-etten-le-cafe-de-la-danse-paris\/\"><span class=\"petit\">Festival Ladyfest&nbsp;:<\/span> <strong>Sharon Van Etten<\/strong> <span class=\"petit\">+ Fiodor Dream Dog &ndash; Le Caf\u00e9 de la Danse &ndash; Paris &ndash; 01\/10\/2012<\/span><\/a><\/li>\n<li><a href=\"https:\/\/www.wallendorff.com\/belogue\/2012\/09\/28\/boy-la-maroquinerie-paris\/\"><strong>Boy<\/strong> <span class=\"petit\">+ \u00c9l\u00e9phant &ndash; La Maroquinerie &ndash; Paris &ndash; 27\/09\/2012<\/a><\/li>\n<li><a href=\"https:\/\/www.wallendorff.com\/belogue\/2012\/09\/21\/torche-le-divan-du-monde-paris\/\"><strong>Torche<\/strong> <span class=\"petit\">+ Aside from a Day &ndash; Le divan du Monde &ndash; Paris &ndash; 20\/09\/2012<\/a><\/li>\n<li><span class=\"petit\">Noise vs. J&rsquo;irai verser du nuoc-m\u00e2m sur tes tripes #3&nbsp;:<\/span> <strong>The Men<\/strong> <span class=\"petit\">+ Crash Normal + Amen Dunes + Lonely Walk &ndash; Le Trabendo &ndash; Paris &ndash; 14\/09\/2012<\/span><\/a><\/li>\n<li><strong>Jesse Tabish<\/strong> (Other Lives) <span class=\"petit\"> &ndash; Boutique Fargo &ndash; Paris &ndash; 01\/09\/2012<\/span><\/a><\/li>\n<li><a href=\"https:\/\/www.wallendorff.com\/belogue\/tag\/rock-en-seine-2012\/\"><strong>Rock en Seine<\/strong> <span class=\"petit\">&ndash; Saint-Cloud &#8211; 24-26\/08\/2012<\/span><\/a><\/li>\n<li><a href=\"https:\/\/www.wallendorff.com\/belogue\/tag\/paleo-festival-2012\/\"><strong>Pal&eacute;o Festival<\/strong> <span class=\"petit\">&ndash; Nyon &#8211; 17-21\/07\/2012<\/span><\/a><\/li>\n<li><span class=\"petit\">Festi\u2019Meuse&nbsp;:<\/span> <strong>La Grande Sophie<\/strong> <span class=\"petit\">+ Mustang \u2013 Givet \u2013 14\/07\/2012<\/span><\/li>\n<li><a href=\"https:\/\/www.wallendorff.com\/belogue\/2012\/07\/12\/les-deferlantes-argeles-sur-mer-7-10-juillet\/\"><strong>Les D&eacute;ferlantes<\/strong> <span class=\"petit\">&ndash; Argel&egrave;s-sur-Mer &#8211; 07-10\/07\/2012<\/span><\/a><\/li>\n<li><a href=\"https:\/\/www.wallendorff.com\/belogue\/2012\/09\/06\/previously-unreleased-90\/\"><strong>Metric<\/strong> <span class=\"petit\">+ Concorde &ndash; Le Trianon &ndash; Paris &ndash; 03\/07\/2012<\/span><\/a><\/li>\n<li><strong>Jack White<\/strong> <span class=\"petit\">+ This Is the Kit &ndash; L&rsquo;Olympia &ndash; Paris &ndash; 02\/07\/2012<\/span><\/a><\/li>\n<li><a href=\"https:\/\/www.wallendorff.com\/belogue\/tag\/main-square-festival-2012\/\"><strong>Main Square Festival<\/strong> <span class=\"petit\"> &ndash; Arras &ndash; 29\/06-01\/07\/2012<\/span><\/a><\/li>\n<li><a href=\"https:\/\/www.wallendorff.com\/belogue\/2012\/06\/19\/boy-le-cafe-de-la-danse-paris\/\"><strong>Boy<\/strong> <span class=\"petit\"> + Margaux Avril &ndash; le Caf\u00e9 de la Danse &ndash; Paris &ndash; 18\/06\/2012<\/span><\/a><\/li>\n<li><span class=\"petit\">The NIP! #25&nbsp;: <\/span><strong>Balinger<\/strong> <span class=\"petit\">+ Lartigo + Lena Deluxe &ndash; L&rsquo;International &ndash; Paris &ndash; 14\/06\/2012<\/span><\/a><\/li>\n<li><a href=\"https:\/\/www.wallendorff.com\/belogue\/2012\/06\/14\/king-charles-marion-corrales-la-maroquinerie-paris-08-juin\/\"><strong>King Charles<\/strong> <span class=\"petit\"> + Marion Corral\u00e8s &ndash; la Maroquinerie &ndash; Paris &ndash; 08\/06\/2012<\/span><\/a><\/li>\n<li><strong>Superpoze<\/strong> <span class=\"petit\">+ O Safari + Franz Is Dead &ndash; L&rsquo;International &ndash; Paris &ndash; 30\/05\/2012<\/span><\/a><\/li>\n<li><a href=\"https:\/\/www.wallendorff.com\/belogue\/2012\/05\/21\/brendan-benson-le-nouveau-casino-paris-16-mai\/\"><strong>Brendan Benson<\/strong> <span class=\"petit\"> + Young Hines &ndash; le Nouveau Casino &ndash; Paris &ndash; 16\/05\/2012<\/span><\/a><\/li>\n<li><a href=\"https:\/\/www.wallendorff.com\/belogue\/2012\/05\/15\/gossip-la-cigale-paris\/\"><strong>Gossip<\/strong> <span class=\"petit\"> + Kiddy Smile &ndash; la Cigale &ndash; Paris &ndash; 14\/05\/2012<\/span><\/a><\/li>\n<li><a href=\"https:\/\/www.wallendorff.com\/belogue\/2012\/05\/05\/foster-the-people-le-bataclan-paris\/\"><strong>Foster the People<\/strong> <span class=\"petit\"> + Mini Mansions &ndash; Le Bataclan &ndash; Paris &ndash; 04\/05\/2012<\/span><\/a><\/li>\n<li><strong>Kalamazoo<\/strong> <span class=\"petit\"> + Sea of Bees &ndash; L&rsquo;International &ndash; Paris &ndash; 01\/05\/2012<\/span><\/li>\n<li><a href=\"https:\/\/www.wallendorff.com\/belogue\/2012\/04\/30\/the-dandy-warhols-lolympia-paris\/\"><strong>The Dandy Warhols<\/strong> <span class=\"petit\"> + AK\/DK &ndash; L&rsquo;Olympia &ndash; Paris &ndash; 29\/04\/2012<\/span><\/a><\/li>\n<li><a href=\"https:\/\/www.wallendorff.com\/belogue\/2012\/04\/25\/of-monsters-and-men-le-nouveau-casino-paris\/\"><strong>Of Monsters and Men<\/strong> <span class=\"petit\"> + Elle King &ndash; Le Nouveau Casino &ndash; Paris &ndash; 24\/04\/2012<\/span><\/a><\/li>\n<li><a href=\"https:\/\/www.wallendorff.com\/belogue\/2012\/04\/17\/the-asteroids-galaxy-tour-le-trianon-paris\/\"><strong>The Asteroids Galaxy Tour<\/strong> <span class=\"petit\"> + The Ritch Kids &ndash; Le Trianon &ndash; Paris &ndash; 16\/04\/2012<\/span><\/a><\/li>\n<li><strong><a href=\"https:\/\/www.wallendorff.com\/belogue\/2012\/04\/13\/501-concerts-plus-tard\/\">501 concerts plus tard<\/a><\/strong>.<\/li>\n<li><a href=\"https:\/\/www.wallendorff.com\/belogue\/2012\/04\/16\/the-black-box-revelation-le-nouveau-casino-paris\/\"><strong>The Black Box Revelation<\/strong> <span class=\"petit\"> + Von Pariahs &ndash; Le Nouveau Casino &ndash; Paris &ndash; 12\/04\/2012<\/span><\/a><\/li>\n<li><a href=\"https:\/\/www.wallendorff.com\/belogue\/2012\/04\/12\/blood-red-shoes-theatre-de-lalhambra-paris\/\"><strong>Blood Red Shoes<\/strong> <span class=\"petit\"> + Wallace Vanborn &ndash; Th\u00e9\u00e2tre de l&rsquo;Alhambra &ndash; Paris &ndash; 11\/04\/2012<\/span><\/a><\/li>\n<li><a href=\"https:\/\/www.wallendorff.com\/belogue\/2012\/03\/28\/florence-and-the-machine-spector-casino-de-paris-paris\/\"><strong>Florence and the Machine<\/strong> <span class=\"petit\"> + Spector &ndash; Casino de Paris &ndash; Paris &ndash; 27\/03\/2012<\/span><\/a><\/li>\n<li><a href=\"https:\/\/www.wallendorff.com\/belogue\/2012\/03\/27\/alex-winston-la-maroquinerie-paris\/\"><strong>Alex Winston<\/strong> <span class=\"petit\">&ndash; la Maroquinerie &ndash; Paris &ndash; 26\/03\/2012<\/span><\/a><\/li>\n<li><strong>Boy<\/strong> <span class=\"petit\">&ndash; Silencio Club &ndash; Paris &ndash; 22\/03\/2012<\/span><\/a><\/li>\n<li><a href=\"https:\/\/www.wallendorff.com\/belogue\/2012\/03\/19\/the-jezabels-great-mountain-fire-le-point-ephemere-paris-16-mars\/\"><strong>The Jezabels<\/strong> <span class=\"petit\"> + Great Mountain Fire + Fionn Reagan &ndash; le Point \u00c9ph\u00e9m\u00e8re &ndash; Paris &ndash; 16\/03\/2012<\/span><\/a><\/li>\n<li><a href=\"https:\/\/www.wallendorff.com\/belogue\/2012\/03\/15\/anna-aaron-wsg-howard-hughes-centre-culturel-suisse-paris\/\"><strong>Anna Aaron<\/strong> <span class=\"petit\"> wsg Howard Hughes &ndash; Centre Culturel Suisse &ndash; Paris &ndash; 14\/03\/2012<\/span><\/a><\/li>\n<li><a href=\"https:\/\/www.wallendorff.com\/belogue\/2012\/03\/14\/the-big-pink-isaac-delusion-le-point-ephemere-paris\/\"><strong>The Big Pink<\/strong> <span class=\"petit\"> + Isaac Delusion + Soft Crayon &ndash; le Point \u00c9ph\u00e9m\u00e8re &ndash; Paris &ndash; 13\/03\/2012<\/span><\/a><\/li>\n<li><a href=\"https:\/\/www.wallendorff.com\/belogue\/2012\/03\/08\/le-prince-miiaou-mesparrow-la-maroquinerie-paris\/\"><strong>Le Prince Miiaou<\/strong> <span class=\"petit\"> + Mesparrow &ndash; la Maroquinerie &ndash; Paris &ndash; 07\/03\/2012<\/span><\/a><\/li>\n<li><a href=\"https:\/\/www.wallendorff.com\/belogue\/2012\/03\/06\/sleigh-bells-charli-xcx-la-machine-du-moulin-rouge-paris\/\"><strong>Sleigh Bells<\/strong> <span class=\"petit\"> + Charli XCX &ndash; la Machine du Moulin Rouge &ndash; Paris &ndash; 05\/03\/2012<\/span><\/a><\/li>\n<li><a href=\"https:\/\/www.wallendorff.com\/belogue\/2012\/02\/28\/adam-cohen-adam-wood-le-divan-du-monde-paris\/\"><strong>Adam Cohen<\/strong> <span class=\"petit\"> + Adam Wood &ndash; le Divan du Monde &ndash; Paris &ndash; 27\/02\/2012<\/span><\/a><\/li>\n<li><span class=\"petit\">Les Nuits de l&rsquo;Alligator&nbsp;: <\/span><strong>The War on Drugs<\/strong> <span class=\"petit\"> + Cloud Control + Pterodactyl &ndash; la Maroquinerie &ndash; Paris &ndash; 21\/02\/2012<\/span><\/a><\/li>\n<li><a href=\"https:\/\/www.wallendorff.com\/belogue\/2012\/02\/10\/kill-it-kid-la-fleche-dor-paris\/\"><strong>Kill It Kid<\/strong> <span class=\"petit\"> + O.D.y.L &ndash; la Fl\u00e8che d&rsquo;Or &ndash; Paris &ndash; 09\/02\/2012<\/span><\/a><\/li>\n<li><span class=\"petit\">Pias Nites #10&nbsp;: <\/span><a href=\"https:\/\/www.wallendorff.com\/belogue\/2012\/01\/27\/band-of-skulls-stoned-popes-annette-et-mathi-la-fleche-dor-paris\/\"><strong>Band of Skulls<\/strong> <span class=\"petit\"> + Stoned Popes + Annette et Mathi &ndash; la Fl\u00e8che d&rsquo;Or &ndash; Paris &ndash; 26\/01\/2012<\/span><\/a><\/li>\n<li><a href=\"https:\/\/www.wallendorff.com\/belogue\/2012\/01\/17\/we-were-promised-jetpacks-crackity-flynn-le-point-ephemere-paris\/\"><strong>We Were Promised Jetpacks<\/strong> <span class=\"petit\"> + Crackity Flynn &ndash; le Point \u00c9ph\u00e9m\u00e8re &ndash; Paris &ndash; 16\/01\/2012<\/span><\/a><\/li>\n<\/ul>\n","protected":false},"excerpt":{"rendered":"<p>Two Gallants + To Kill a King &ndash; le Nouveau Casino &ndash; Paris &ndash; 11\/12\/2012 The Raveonettes + Holy Esque &ndash; le Trabendo &ndash; Paris &ndash; 07\/12\/2012 Mark Lanegan + Creature with the Atom Brain &ndash; le Trabendo &ndash; Paris &ndash; 05\/12\/2012 The Dandy Warhols + The Blue Angel Lounge &ndash; le Trianon &ndash; Paris&hellip;<\/p>\n","protected":false},"author":1,"featured_media":0,"parent":12472,"menu_order":0,"comment_status":"closed","ping_status":"closed","template":"","meta":{"_acf_changed":false,"ngg_post_thumbnail":0,"jetpack_post_was_ever_published":false,"footnotes":""},"class_list":["post-15406","page","type-page","status-publish","hentry"],"acf":[],"jetpack_shortlink":"https:\/\/wp.me\/P3b35P-40u","jetpack_sharing_enabled":false,"jetpack-related-posts":[{"id":13737,"url":"https:\/\/www.wallendorff.com\/belogue\/gigographie\/2008-2\/","url_meta":{"origin":15406,"position":0},"title":"2008","author":"dpc","date":"21 octobre 2011","format":false,"excerpt":"Astonvilla + Subway \u2013 Le Bataclan, Paris \u2013 18\/12\/2008 The Black Angels + Molly\u2019s \u2013 L\u2019\u00c9lys\u00e9e-Montmartre, Paris \u2013 08\/12\/2008 Julien Dor\u00e9 \u2013 L\u2019\u00c9lys\u00e9e-Montmartre, Paris \u2013 04\/12\/2008 Isobel Campbell & Mark Lanegan + Marie-Flore \u2013 Le Trabendo, Paris \u2013 03\/12\/2008 Blood Red Shoes + Peggy Sue \u2013 Le Trabendo, Paris \u2013\u2026","rel":"","context":"Article similaire","block_context":{"text":"Article similaire","link":""},"img":{"alt_text":"","src":"","width":0,"height":0},"classes":[]},{"id":13741,"url":"https:\/\/www.wallendorff.com\/belogue\/gigographie\/2006-2\/","url_meta":{"origin":15406,"position":1},"title":"2006","author":"dpc","date":"21 octobre 2011","format":false,"excerpt":"Elista + Bogue \u2013 La Boule Noire, Paris \u2013 19\/12\/2006 \u2013 2 Muse + Razorlight \u2013 Palais omnisports de Paris-Bercy, Paris \u2013 14\/12\/2006 Indochine + Asyl \u2013 Palais omnisports de Paris-Bercy, Paris \u2013 08\/12\/2006 Troy Von Balthazar \u2013 La Maroquinerie, Paris \u2013 04\/12\/2006 \u2013 2 Iron Maiden + Trivium +\u2026","rel":"","context":"Article similaire","block_context":{"text":"Article similaire","link":""},"img":{"alt_text":"","src":"","width":0,"height":0},"classes":[]},{"id":13739,"url":"https:\/\/www.wallendorff.com\/belogue\/gigographie\/2007-2\/","url_meta":{"origin":15406,"position":2},"title":"2007","author":"dpc","date":"21 octobre 2011","format":false,"excerpt":"BB Brunes + The Tellers \u2013 La Cigale, Paris \u2013 19\/12\/2007\u2013 2 The Tellers \u2013 La Boule Noire, Paris \u2013 11\/12\/2007 \u2013 2 The Coral \u2013 L\u2019\u00c9lys\u00e9e-Montmartre, Paris \u2013 06\/12\/2007 \u2013 2 The D\u00f8 \u2013 La Maroquinerie, Paris \u2013 04\/12\/2007 \u2013 2 Flexa Lyndo \u2013 La Fl\u00e8che d\u2019Or, Paris \u2013\u2026","rel":"","context":"Article similaire","block_context":{"text":"Article similaire","link":""},"img":{"alt_text":"","src":"","width":0,"height":0},"classes":[]},{"id":13723,"url":"https:\/\/www.wallendorff.com\/belogue\/gigographie\/2010-2\/","url_meta":{"origin":15406,"position":3},"title":"2010","author":"dpc","date":"21 octobre 2011","format":false,"excerpt":"Elista + Hello Bye Bye + Phyltre + DJ Moule \u2013 la Fl\u00e8che d\u2019Or, Paris \u2013 10\/12\/2010 Gossip + Hercules and Love Affair + Metronomy \u2013 Palais omnisports de Paris-Bercy, Paris \u2013 09\/12\/2010 Blood Red Shoes + Wallace Vanborn \u2013 le Trabendo, Paris \u2013 07\/12\/2010 Sophie Hunger + Juliette Commagere\u2026","rel":"","context":"Article similaire","block_context":{"text":"Article similaire","link":""},"img":{"alt_text":"","src":"","width":0,"height":0},"classes":[]},{"id":44577,"url":"https:\/\/www.wallendorff.com\/belogue\/gigographie\/2019-2\/","url_meta":{"origin":15406,"position":4},"title":"2019","author":"dpc","date":"3 janvier 2020","format":false,"excerpt":"Foule Support\u00a0 Street Press \u2013 Chair de Poule \u2013 Paris \u2013 14\/12\/2019 Feeder + Wylo \u2013 le Nouveau Casino \u2013 Paris \u2013 27\/11\/2019 Ben Kweller + Jake Troth \u2013 Bowery Ballroom \u2013 New York \u2013 08\/11\/2019 MaMA Festival \u2013 Paris \u2013 16-17\/10\/2019 Amanda Palmer \u2013 le Bataclan \u2013 Paris \u2013\u2026","rel":"","context":"Article similaire","block_context":{"text":"Article similaire","link":""},"img":{"alt_text":"","src":"","width":0,"height":0},"classes":[]},{"id":127246,"url":"https:\/\/www.wallendorff.com\/belogue\/gigographie\/2024-2\/","url_meta":{"origin":15406,"position":5},"title":"2024","author":"dpc","date":"2 f\u00e9vrier 2024","format":false,"excerpt":"Gar\u00e7ons Fragiles \u2013 TDtF \u2013 Paris \u2013 07\/11\/2024 Heilung + Zeal and Ardor \u2013 Le Z\u00e9nith \u2013 Paris \u2013 17\/09\/2024 Pete Doherty + Delgado Jones \u2013 Le SEW \u2013 Morlaix \u2013 11\/09\/2024 Bleachers + Amy Allen \u2013 L'Olympia \u2013 Paris \u2013 02\/09\/2024 Flogging Molly + The Scratch \u2013 Le Bataclan\u2026","rel":"","context":"Article similaire","block_context":{"text":"Article similaire","link":""},"img":{"alt_text":"","src":"","width":0,"height":0},"classes":[]}],"_links":{"self":[{"href":"https:\/\/www.wallendorff.com\/belogue\/wp-json\/wp\/v2\/pages\/15406","targetHints":{"allow":["GET"]}}],"collection":[{"href":"https:\/\/www.wallendorff.com\/belogue\/wp-json\/wp\/v2\/pages"}],"about":[{"href":"https:\/\/www.wallendorff.com\/belogue\/wp-json\/wp\/v2\/types\/page"}],"author":[{"embeddable":true,"href":"https:\/\/www.wallendorff.com\/belogue\/wp-json\/wp\/v2\/users\/1"}],"replies":[{"embeddable":true,"href":"https:\/\/www.wallendorff.com\/belogue\/wp-json\/wp\/v2\/comments?post=15406"}],"version-history":[{"count":70,"href":"https:\/\/www.wallendorff.com\/belogue\/wp-json\/wp\/v2\/pages\/15406\/revisions"}],"predecessor-version":[{"id":20173,"href":"https:\/\/www.wallendorff.com\/belogue\/wp-json\/wp\/v2\/pages\/15406\/revisions\/20173"}],"up":[{"embeddable":true,"href":"https:\/\/www.wallendorff.com\/belogue\/wp-json\/wp\/v2\/pages\/12472"}],"wp:attachment":[{"href":"https:\/\/www.wallendorff.com\/belogue\/wp-json\/wp\/v2\/media?parent=15406"}],"curies":[{"name":"wp","href":"https:\/\/api.w.org\/{rel}","templated":true}]}}