{"id":13755,"date":"2011-10-21T10:13:55","date_gmt":"2011-10-21T08:13:55","guid":{"rendered":"http:\/\/www.po-L.com\/belogue\/?page_id=13755"},"modified":"2011-10-21T10:13:55","modified_gmt":"2011-10-21T08:13:55","slug":"1993-2","status":"publish","type":"page","link":"https:\/\/www.wallendorff.com\/belogue\/gigographie\/1993-2\/","title":{"rendered":"1993"},"content":{"rendered":"<ul>\n<li><strong>Deep Purple<\/strong><span class=\"petit\"> &ndash; Le Z&eacute;nith, Paris &ndash; 19\/10\/1993<\/span><\/li>\n<\/ul>\n","protected":false},"excerpt":{"rendered":"<p>Deep Purple &ndash; Le Z&eacute;nith, Paris &ndash; 19\/10\/1993<\/p>\n","protected":false},"author":1,"featured_media":0,"parent":12472,"menu_order":0,"comment_status":"closed","ping_status":"closed","template":"","meta":{"_acf_changed":false,"ngg_post_thumbnail":0,"jetpack_post_was_ever_published":false,"footnotes":""},"class_list":["post-13755","page","type-page","status-publish","hentry"],"acf":[],"jetpack_shortlink":"https:\/\/wp.me\/P3b35P-3zR","jetpack_sharing_enabled":false,"jetpack-related-posts":[{"id":13743,"url":"https:\/\/www.wallendorff.com\/belogue\/gigographie\/2005-2\/","url_meta":{"origin":13755,"position":0},"title":"2005","author":"dpc","date":"21 octobre 2011","format":false,"excerpt":"Martha Wainwright + Teddy Thompson \u2013 Le Nouveau Casino, Paris \u2013 09\/12\/2005 Sons and Daughters + Quidam \u2013 La Boule Noire, Paris \u2013 18\/11\/2005 \u2013 2 The Warlocks + Asyl \u2013 L\u2019\u00c9lys\u00e9e-Montmartre, Paris \u2013 11\/11\/2005 \u2013 2 Eastpack Antidote Tour\u00a0: Millencolin + Flogging Molly + Randy + The Unseen \u2013\u2026","rel":"","context":"Article similaire","block_context":{"text":"Article similaire","link":""},"img":{"alt_text":"","src":"","width":0,"height":0},"classes":[]},{"id":13739,"url":"https:\/\/www.wallendorff.com\/belogue\/gigographie\/2007-2\/","url_meta":{"origin":13755,"position":1},"title":"2007","author":"dpc","date":"21 octobre 2011","format":false,"excerpt":"BB Brunes + The Tellers \u2013 La Cigale, Paris \u2013 19\/12\/2007\u2013 2 The Tellers \u2013 La Boule Noire, Paris \u2013 11\/12\/2007 \u2013 2 The Coral \u2013 L\u2019\u00c9lys\u00e9e-Montmartre, Paris \u2013 06\/12\/2007 \u2013 2 The D\u00f8 \u2013 La Maroquinerie, Paris \u2013 04\/12\/2007 \u2013 2 Flexa Lyndo \u2013 La Fl\u00e8che d\u2019Or, Paris \u2013\u2026","rel":"","context":"Article similaire","block_context":{"text":"Article similaire","link":""},"img":{"alt_text":"","src":"","width":0,"height":0},"classes":[]},{"id":37142,"url":"https:\/\/www.wallendorff.com\/belogue\/artistes-a-z\/artistes-a-j\/","url_meta":{"origin":13755,"position":2},"title":"Artistes A \u2013 J","author":"dpc","date":"31 janvier 2018","format":false,"excerpt":"A Aaron Le Z\u00e9nith, Paris \u2013 26\/11\/2021 Pal\u00e9o Festival, Nyon \u2013 19\/07\/2016 La Cigale, Paris \u2013 14\/10\/2015 Aaron, Anna Les Trois Baudets, Paris \u2013 04\/11\/2014 Centre Culturel Suisse, Paris \u2013 14\/03\/2012 Acid Arab Les Eurock\u00e9ennes en r\u00e9sidence secondaire, Belfort \u2013 20\/07\/2021 Ad\u00e9 Les Eurock\u00e9ennes, Belfort \u2013 29\/06\/2023 Adieu Gary Cooper\u2026","rel":"","context":"Article similaire","block_context":{"text":"Article similaire","link":""},"img":{"alt_text":"","src":"","width":0,"height":0},"classes":[]},{"id":13741,"url":"https:\/\/www.wallendorff.com\/belogue\/gigographie\/2006-2\/","url_meta":{"origin":13755,"position":3},"title":"2006","author":"dpc","date":"21 octobre 2011","format":false,"excerpt":"Elista + Bogue \u2013 La Boule Noire, Paris \u2013 19\/12\/2006 \u2013 2 Muse + Razorlight \u2013 Palais omnisports de Paris-Bercy, Paris \u2013 14\/12\/2006 Indochine + Asyl \u2013 Palais omnisports de Paris-Bercy, Paris \u2013 08\/12\/2006 Troy Von Balthazar \u2013 La Maroquinerie, Paris \u2013 04\/12\/2006 \u2013 2 Iron Maiden + Trivium +\u2026","rel":"","context":"Article similaire","block_context":{"text":"Article similaire","link":""},"img":{"alt_text":"","src":"","width":0,"height":0},"classes":[]},{"id":50107,"url":"https:\/\/www.wallendorff.com\/belogue\/gigographie\/2021-2\/","url_meta":{"origin":13755,"position":4},"title":"2021","author":"dpc","date":"27 novembre 2021","format":false,"excerpt":"Fnac live : Curtis Harding \/ Cat Power \/ Sofiane Pamart \u2013 Th\u00e9\u00e2tre du Ch\u00e2telet \u2013 Paris \u2013 06\/12\/2021 AaRON + Adam Naas \u2013 le Z\u00e9nith \u2013 Paris \u2013 26\/11\/2021 MaMa Festival \u2013 Paris \u2013 13-14\/10\/2021 Festival Face B \u2013 Charleville-M\u00e9zi\u00e8res \u2013 26-29\/08\/2021 Le Cabaret Vert \u2013 Charleville-M\u00e9zi\u00e8res \u2013 19-22\/08\/2021\u2026","rel":"","context":"Article similaire","block_context":{"text":"Article similaire","link":""},"img":{"alt_text":"","src":"","width":0,"height":0},"classes":[]},{"id":53744,"url":"https:\/\/www.wallendorff.com\/belogue\/gigographie\/2022-2\/","url_meta":{"origin":13755,"position":5},"title":"2022","author":"dpc","date":"27 novembre 2022","format":false,"excerpt":"Cali + Kessada \u2013 la Machine du Moulin Rouge \u2013 Paris \u2013 21\/11\/2022 Warhaus \u2013 le Point \u00c9ph\u00e9m\u00e8re \u2013 Paris \u2013 18\/11\/2022 Muse + Bandit Bandit \u2013 Salle Pleyel \u2013 Paris \u2013 25\/10\/2022 Kasabian + DMA's \u2013 l'Olympia \u2013 Paris \u2013 14\/10\/2022 Arcade Fire \u2013 Bercy Ar\u00e9na \u2013 Paris \u2013\u2026","rel":"","context":"Article similaire","block_context":{"text":"Article similaire","link":""},"img":{"alt_text":"","src":"","width":0,"height":0},"classes":[]}],"_links":{"self":[{"href":"https:\/\/www.wallendorff.com\/belogue\/wp-json\/wp\/v2\/pages\/13755","targetHints":{"allow":["GET"]}}],"collection":[{"href":"https:\/\/www.wallendorff.com\/belogue\/wp-json\/wp\/v2\/pages"}],"about":[{"href":"https:\/\/www.wallendorff.com\/belogue\/wp-json\/wp\/v2\/types\/page"}],"author":[{"embeddable":true,"href":"https:\/\/www.wallendorff.com\/belogue\/wp-json\/wp\/v2\/users\/1"}],"replies":[{"embeddable":true,"href":"https:\/\/www.wallendorff.com\/belogue\/wp-json\/wp\/v2\/comments?post=13755"}],"version-history":[{"count":1,"href":"https:\/\/www.wallendorff.com\/belogue\/wp-json\/wp\/v2\/pages\/13755\/revisions"}],"predecessor-version":[{"id":13756,"href":"https:\/\/www.wallendorff.com\/belogue\/wp-json\/wp\/v2\/pages\/13755\/revisions\/13756"}],"up":[{"embeddable":true,"href":"https:\/\/www.wallendorff.com\/belogue\/wp-json\/wp\/v2\/pages\/12472"}],"wp:attachment":[{"href":"https:\/\/www.wallendorff.com\/belogue\/wp-json\/wp\/v2\/media?parent=13755"}],"curies":[{"name":"wp","href":"https:\/\/api.w.org\/{rel}","templated":true}]}}