{"id":13723,"date":"2011-10-21T09:59:52","date_gmt":"2011-10-21T07:59:52","guid":{"rendered":"http:\/\/www.po-L.com\/belogue\/?page_id=13723"},"modified":"2011-10-21T10:05:45","modified_gmt":"2011-10-21T08:05:45","slug":"2010-2","status":"publish","type":"page","link":"https:\/\/www.wallendorff.com\/belogue\/gigographie\/2010-2\/","title":{"rendered":"2010"},"content":{"rendered":"<ul>\n<li><a href=\"https:\/\/www.wallendorff.com\/belogue\/2010\/12\/12\/elista-la-fleche-dor-paris-10-decembre\/\"  ><strong>Elista<\/strong> <span class=\"petit\"> + Hello Bye Bye + Phyltre + DJ Moule &ndash; la Fl\u00e8che d&#8217;Or, Paris &ndash; 10\/12\/2010<\/span><\/a><\/li>\n<li><a href=\"https:\/\/www.wallendorff.com\/belogue\/2010\/12\/10\/gossip-palais-omnisport-de-paris-bercy-paris\/\"  ><strong>Gossip<\/strong> <span class=\"petit\"> + Hercules and Love Affair + Metronomy &ndash; Palais omnisports de Paris-Bercy, Paris &ndash; 09\/12\/2010<\/span><\/a><\/li>\n<li><a href=\"https:\/\/www.wallendorff.com\/belogue\/2010\/12\/08\/blood-red-shoes-wallace-vanborn-le-trabendo-paris\/\"  ><strong>Blood Red Shoes<\/strong> <span class=\"petit\"> + Wallace Vanborn &ndash; le Trabendo, Paris &ndash; 07\/12\/2010<\/span><\/a><\/li>\n<li><a href=\"https:\/\/www.wallendorff.com\/belogue\/2010\/12\/07\/sophie-hunger-theatre-de-latelier-paris\/\"  ><strong>Sophie Hunger<\/strong> <span class=\"petit\"> + Juliette Commagere &ndash; Th\u00e9\u00e2tre de l&#8217;Atelier, Paris &ndash; 06\/12\/2010<\/span><\/a><\/li>\n<li><a href=\"https:\/\/www.wallendorff.com\/belogue\/2010\/12\/04\/ilis-le-divan-du-monde-paris\/\"  ><strong>iLiS<\/strong> <span class=\"petit\"> + Blue Box + Hors-la-Loi &ndash; le Divan du Monde, Paris &ndash; 03\/12\/2010<\/span><\/a><\/li>\n<li><a href=\"https:\/\/www.wallendorff.com\/belogue\/2010\/12\/02\/black-rebel-motorcycle-club-lelysee-montmartre-paris\/\"   ><strong>Black Rebel Motorcycle Club<\/strong> <span class=\"petit\"> + The Good and the Bad &ndash; l&#8217;\u00c9lys\u00e9e-Montmartre, Paris &ndash; 01\/12\/2010<\/span><\/a><\/li>\n<li><a href=\"https:\/\/www.wallendorff.com\/belogue\/2010\/11\/30\/electric-six-jackdaw4-le-trabendo-paris\/\"   ><strong>Electric Six<\/strong> <span class=\"petit\"> + Jackdaw4 &ndash; le Trabendo, Paris &ndash; 29\/11\/2010<\/span><\/a><\/li>\n<li><a href=\"https:\/\/www.wallendorff.com\/belogue\/2010\/11\/24\/the-national-lolympia-paris\/\"   ><strong>The National<\/strong> <span class=\"petit\"> + Phosphorescent &ndash; l&#8217;Olympia, Paris &ndash; 23\/11\/2010<\/span><\/a><\/li>\n<li><a href=\"https:\/\/www.wallendorff.com\/belogue\/2010\/11\/18\/edwyn-collins-the-kinbeats-le-nouveau-casino-paris\/\"   ><strong>Edwyn Collins<\/strong> <span class=\"petit\"> + The Kinbeats &ndash; le Nouveau Casino, Paris &ndash; 17\/11\/2010<\/span><\/a><\/li>\n<li><a href=\"https:\/\/www.wallendorff.com\/belogue\/2011\/03\/07\/avenged-sevenfold-le-zenith-paris-14-novembre-2010\/\" ><strong>Avenged Sevenfold<\/strong> <span class=\"petit\">+ AqME &ndash; le Z\u00e9nith, Paris &ndash; 14\/11\/2010<\/span><\/a><\/li>\n<li><strong>Narrow Terrence<\/strong> <span class=\"petit\">&ndash; l&#8217;International, Paris &ndash; 11\/11\/2010<\/span><\/a><\/li>\n<li><a href=\"https:\/\/www.wallendorff.com\/belogue\/2010\/11\/10\/the-black-keys-the-walkmen-le-bataclan-paris\/\"   ><strong>The Black Keys<\/strong> <span class=\"petit\"> + The Walkmen &ndash; le Bataclan, Paris &ndash; 09\/11\/2010<\/span><\/a><\/li>\n<li><a href=\"https:\/\/www.wallendorff.com\/belogue\/2010\/10\/27\/grinderman-cite-de-la-musique-paris\/\"   ><strong>Grinderman<\/strong> <span class=\"petit\"> + Anna Calvi &ndash; Cit\u00e9 de la Musique, Paris &ndash; 26\/10\/2010<\/span><\/a><\/li>\n<li><a href=\"https:\/\/www.wallendorff.com\/belogue\/2010\/10\/26\/linkin-park-pop-bercy-paris\/\"   ><strong>Linkin Park<\/strong> <span class=\"petit\"> + The Futureheads &ndash; Palais Omnisports de Bercy, Paris &ndash; 25\/10\/2010<\/span><\/a><\/li>\n<li><a href=\"https:\/\/www.wallendorff.com\/belogue\/2010\/10\/25\/i-am-kloot-la-maroquinerie-paris-2\/\"   ><strong>I Am Kloot<\/strong> <span class=\"petit\"> + Katel &ndash; La Maroquinerie, Paris &ndash; 24\/10\/2010<\/span><\/a><\/li>\n<li><a href=\"https:\/\/www.wallendorff.com\/belogue\/2010\/10\/16\/the-like-yoav-le-nouveau-casino-paris\/\"   ><strong>The Like<\/strong> <span class=\"petit\"> + Yoav + Zach Miskin &ndash; Le Nouveau Casino, Paris &ndash; 15\/10\/2010<\/span><\/a><\/li>\n<li><a href=\"https:\/\/www.wallendorff.com\/belogue\/2010\/10\/15\/love-amongst-ruin-lys-glow-la-fleche-dor-paris\/\"   ><strong>Love Amongst Ruin<\/strong> <span class=\"petit\"> + LYS + Glow &ndash; La Fl\u00e8che d&#8217;Or, Paris &ndash; 14\/10\/2010<\/span><\/a><\/li>\n<li><a href=\"https:\/\/www.wallendorff.com\/belogue\/2010\/10\/14\/shout-out-louds-baden-baden-la-maroquinerie\/\"   ><strong>Shout Out Louds<\/strong> <span class=\"petit\"> + Baden Baden &ndash; La Maroquinerie, Paris &ndash; 13\/10\/2010<\/span><\/a><\/li>\n<li><a href=\"https:\/\/www.wallendorff.com\/belogue\/2010\/10\/12\/the-wombats-le-point-ephemere-paris\/\"   ><strong>The Wombats<\/strong> <span class=\"petit\">&ndash; Le Point \u00c9ph\u00e9m\u00e8re, Paris &ndash; 11\/10\/2010<\/span><\/a><\/li>\n<li><a href=\"https:\/\/www.wallendorff.com\/belogue\/2010\/09\/29\/olof-arnalds-salon-musical-saint-eustache-paris\/\"   ><strong>\u00d3l\u00f6f Arnalds<\/strong> <span class=\"petit\">&ndash; Salon musical Saint-Eustache, Paris &ndash; 28\/09\/2010<\/span><\/a><\/li>\n<li><strong>Band of Skulls<\/strong> <span class=\"petit\">+ The Good Ones &ndash; La Fl\u00e8che d&#8217;Or, Paris &ndash; 22\/09\/2010<\/span><\/a><\/li>\n<li><a href=\"https:\/\/www.wallendorff.com\/belogue\/2010\/09\/22\/sad-day-for-puppets-the-yolks-la-boule-noire-paris\/\"   ><strong>Sad Day for Puppets<\/strong> <span class=\"petit\">+ The Yolks &ndash; La Boule Noire, Paris &ndash; 21\/09\/2010<\/span><\/a><\/li>\n<li><a href=\"https:\/\/www.wallendorff.com\/belogue\/2010\/09\/19\/woodpigeon-la-fleche-dor-paris\/\"   ><strong>Plants &amp; Animals<\/strong> <span class=\"petit\">+ Yeti Lane + Woodpigeon &ndash; La Fl\u00e8che d&#8217;Or, Paris &ndash; 18\/09\/2010<\/span><\/a><\/li>\n<li><a href=\"https:\/\/www.wallendorff.com\/belogue\/2010\/09\/18\/interpol-le-trabendo-paris\/\"   ><strong>Interpol<\/strong> <span class=\"petit\"> &ndash; Le Trabendo, Paris &ndash; 17\/09\/2010<\/span><\/a><\/li>\n<li><a href=\"https:\/\/www.wallendorff.com\/belogue\/2010\/09\/14\/klaxons-baby-monster-la-cigale-paris\/\"   ><strong>Klaxons<\/strong> <span class=\"petit\">+ Baby Monster &ndash; La Cigale, Paris &ndash; 13\/09\/2010<\/span><\/a><\/li>\n<li><a href=\"https:\/\/www.wallendorff.com\/belogue\/2010\/09\/12\/isobel-campbell-mark-lanegan-damien-jurado-willy-mason-le-cafe-de-la-danse-paris\/\"   ><strong>Isobel Campbell &amp; Mark Lanegan<\/strong> <span class=\"petit\">+ Damien Jurado + Willy Mason &ndash; Le Caf\u00e9 de la Danse, Paris &ndash; 11\/09\/2010<\/span><\/a><\/li>\n<li><a href=\"https:\/\/www.wallendorff.com\/belogue\/2010\/09\/09\/skunk-anansie-le-nouveau-casino-paris\/\"   ><strong>Skunk Anansie<\/strong> <span class=\"petit\">&ndash; Le Nouveau Casino, Paris &ndash; 08\/09\/2010<\/span><\/a><\/li>\n<li><a href=\"https:\/\/www.wallendorff.com\/belogue\/2010\/08\/19\/harlem-la-plage-du-glazart-paris\/\"   ><strong>Harlem<\/strong> <span class=\"petit\">+ Sheraff &ndash; La plage du Glaz&#8217;Art, Paris &ndash; 18\/08\/2010<\/span><\/a><\/li>\n<li><a href=\"https:\/\/www.wallendorff.com\/belogue\/2010\/07\/21\/nada-surf-la-maroquinerie-paris\/\"   ><strong>Nada Surf<\/strong> <span class=\"petit\">+ Toy Fight &ndash; La Maroquinerie, Paris &ndash; 20\/07\/2010<\/span><\/a><\/li>\n<li><a href=\"https:\/\/www.wallendorff.com\/belogue\/tag\/main-square-festival-2010\/\"   ><strong>Main Square Festival<\/strong> <span class=\"petit\">&ndash; Arras &ndash; 02-04\/07\/2010<\/span><\/a><\/li>\n<li><a href=\"https:\/\/www.wallendorff.com\/belogue\/2010\/07\/01\/the-dead-weather-le-bataclan-paris\/\"   ><strong>The Dead Weather<\/strong> <span class=\"petit\">+ The Cavaliers &ndash; Le Bataclan, Paris &ndash; 30\/06\/2010<\/span><\/a><\/li>\n<li><a href=\"https:\/\/www.wallendorff.com\/belogue\/2010\/06\/24\/ash-alberta-cross-james-yuill-la-maroquinerie-paris\/\"   ><strong>Ash<\/strong> <span class=\"petit\">+ Alberta Cross + James Yuill &ndash; La Maroquinerie, Paris &ndash; 23\/06\/2010<\/span><\/a><\/li>\n<li><a href=\"https:\/\/www.wallendorff.com\/belogue\/2010\/06\/17\/florence-and-the-machine-koudlam-lolympia-paris\/\"   ><strong>Florence and the Machine<\/strong> <span class=\"petit\">+ Koudlam &ndash; L&#8217;Olympia, Paris &ndash; 16\/06\/2010<\/span><\/a><\/li>\n<li><a href=\"https:\/\/www.wallendorff.com\/belogue\/2010\/06\/15\/the-hold-steady-i-love-ufo-la-fleche-dor-paris\/\"   ><strong>The Hold Steady<\/strong> <span class=\"petit\">+ I Love UFO &ndash; La Fl\u00e8che d&#8217;Or, Paris &ndash; 14\/06\/2010<\/span><\/a><\/li>\n<li><a href=\"https:\/\/www.wallendorff.com\/belogue\/2010\/06\/13\/muse-stade-de-france-saint-denis-11-12-juin\/\"   ><strong>Muse<\/strong> <span class=\"petit\">+ Kasabian + White Lies + Devotchka &ndash; Stade de France, Saint-Denis &ndash; 12\/06\/2010<\/span><\/a><\/li>\n<li><a href=\"https:\/\/www.wallendorff.com\/belogue\/2010\/06\/13\/muse-stade-de-france-saint-denis-11-12-juin\/\"   ><strong>Muse<\/strong> <span class=\"petit\">+ Editors + The Big Pink + I Am Arrows &ndash; Stade de France, Saint-Denis &ndash; 11\/06\/2010<\/span><\/a><\/li>\n<li><a href=\"https:\/\/www.wallendorff.com\/belogue\/2010\/06\/09\/rpa-united-nations-of-sound-le-trabendo-paris\/\"   ><strong>RPA &amp; United Nations of Sound<\/strong> <span class=\"petit\"> &ndash; Le Trabendo, Paris &ndash; 08\/06\/2010<\/span><\/a><\/li>\n<li><a href=\"https:\/\/www.wallendorff.com\/belogue\/2010\/06\/06\/menomena-junip-la-fleche-dor-paris\/\"   ><strong>Menomena<\/strong> <span class=\"petit\">+ Junip &ndash; La Fl\u00e8che d&#8217;Or, Paris &ndash; 05\/06\/2010<\/span><\/a><\/li>\n<li><strong>Turbo Fruit<\/strong> <span class=\"petit\">+ Vismets &ndash; Le Point \u00c9ph\u00e9m\u00e8re, Paris &ndash; 04\/06\/2010<\/span><\/a><\/li>\n<li><a href=\"https:\/\/www.wallendorff.com\/belogue\/2010\/06\/02\/kate-nash-la-cigale-paris\/\"   ><strong>Kate Nash<\/strong> <span class=\"petit\">+ The Sister Lovers &ndash; La Cigale, Paris &ndash; 01\/06\/2010<\/span><\/a><\/li>\n<li><a href=\"https:\/\/www.wallendorff.com\/belogue\/2010\/06\/01\/wolf-parade-joensuu-1685-le-nouveau-casino-paris\/\"   ><strong>Wolf Parade<\/strong> <span class=\"petit\">+ Joensuu 1685 &ndash; Le Nouveau Casino, Paris &ndash; 31\/05\/2010<\/span><\/a><\/li>\n<li><a href=\"https:\/\/www.wallendorff.com\/belogue\/2010\/05\/27\/and-the-wind-cries-mary\/\"   ><strong>Gossip<\/strong> <span class=\"petit\">+ 10lec6 &ndash; Le Z\u00e9nith, Paris &ndash; 26\/05\/2010<\/span><\/a><\/li>\n<li><a href=\"https:\/\/www.wallendorff.com\/belogue\/2010\/05\/29\/ted-leo-and-the-pharmacists-real-estate-tweak-bird-le-cafe-de-la-danse-paris-26-mai\/\"   ><strong>Ted Leo and the Pharmacists<\/strong> <span class=\"petit\"> + Real Estate + Tweak Bird &ndash; Le Caf\u00e9 de la Danse, Paris &ndash; 26\/05\/2010<\/span><\/a><\/li>\n<li><a href=\"https:\/\/www.wallendorff.com\/belogue\/2010\/05\/26\/gossip-le-zenith-paris\/\"   ><strong>Gossip<\/strong> <span class=\"petit\"> + 10lec6 &ndash; Le Z\u00e9nith, Paris &ndash; 25\/05\/2010<\/span><\/a><\/li>\n<li><a href=\"https:\/\/www.wallendorff.com\/belogue\/2010\/05\/19\/avi-buffalo-boogers-le-reservoir-paris\/\"   ><strong>Avi Buffalo<\/strong> <span class=\"petit\"> + Boogers &ndash; Le R\u00e9servoir, Paris &ndash; 18\/05\/2010<\/span><\/a><\/li>\n<li><a href=\"https:\/\/www.wallendorff.com\/belogue\/2010\/05\/17\/unkle-lelysee-montmartre-paris\/\"   ><strong>UNKLE<\/strong> <span class=\"petit\"> + I Come from Pop &ndash; L&#8217;\u00c9lys\u00e9e-Montmartre, Paris &ndash; 17\/05\/2010<\/span><\/a><\/li>\n<li><a href=\"https:\/\/www.wallendorff.com\/belogue\/2010\/05\/13\/black-rebel-motorcycle-club-le-bataclan-paris\/\"   ><strong>Black Rebel Motorcycle Club<\/strong> <span class=\"petit\"> + Zaza &ndash; Le Bataclan, Paris &ndash; 12\/05\/2010<\/span><\/a><\/li>\n<li><a href=\"https:\/\/www.wallendorff.com\/belogue\/2010\/05\/12\/my-little-cheap-dictaphone-le-cafe-de-la-danse-paris\/\"   ><strong>My Little Cheap Dictaphone<\/strong> <span class=\"petit\">&ndash; Le Caf\u00e9 de la Danse, Paris &ndash; 11\/05\/2010<\/span><\/a><\/li>\n<li><a href=\"https:\/\/www.wallendorff.com\/belogue\/2010\/04\/30\/editors-i-like-trains-lolympia-paris\/\"   ><strong>Editors<\/strong> <span class=\"petit\"> + I Like Trains + Airship &ndash; L&#8217;Olympia, Paris &ndash; 29\/04\/2010<\/span><\/a><\/li>\n<li><a href=\"https:\/\/www.wallendorff.com\/belogue\/2010\/04\/29\/nada-surf-le-trabendo-paris\/\"   ><strong>Nada Surf<\/strong> <span class=\"petit\"> + The Rodeo &ndash; Le Trabendo, Paris &ndash; 28\/04\/2010<\/span><\/a><\/li>\n<li><a href=\"https:\/\/www.wallendorff.com\/belogue\/2010\/04\/16\/blood-red-shoes-le-nouveau-casino-paris\/\"   ><strong>Blood Red Shoes<\/strong> <span class=\"petit\"> + Kings of Conspiracy &ndash; Le Nouveau Casino, Paris &ndash; 15\/04\/2010<\/span><\/a><\/li>\n<li><a href=\"https:\/\/www.wallendorff.com\/belogue\/2010\/04\/17\/the-black-box-revelation-general-fiasco-le-point-ephemere-paris-14-avril\/\"   ><strong>The Black Box Revelation<\/strong> <span class=\"petit\"> + General Fiasco &ndash; Le Point \u00c9ph\u00e9m\u00e8re, Paris &ndash; 14\/04\/2010<\/span><\/a><\/li>\n<li><a href=\"https:\/\/www.wallendorff.com\/belogue\/2010\/04\/14\/frightened-rabbit-candy-clash-la-fleche-dor-paris\/\"   ><strong>Frightened Rabbit<\/strong> <span class=\"petit\"> + Candy Clash + A Singer Must Die &ndash; La Fl\u00e8che d&#8217;Or, Paris &ndash; 13\/04\/2010<\/span><\/a><\/li>\n<li><a href=\"https:\/\/www.wallendorff.com\/belogue\/2010\/04\/13\/narrow-terence-the-sugar-plum-fairy-pr-le-cafe-de-la-danse-paris\/\"   ><strong>Narrow Terence<\/strong> <span class=\"petit\"> + The Sugar Plum Fairy pr. &ndash; Le Caf\u00e9 de la Danse, Paris &ndash; 12\/04\/2010<\/span><\/a><\/li>\n<li><a href=\"https:\/\/www.wallendorff.com\/belogue\/2010\/04\/12\/melissa-auf-der-maur-la-fleche-dor-paris\/\"   ><strong>Melissa Auf der Maur<\/strong> <span class=\"petit\"> + Toyblo\u00efd &ndash; La Fl\u00e8che d&#8217;Or, Paris &ndash; 11\/04\/2010<\/span><\/a><\/li>\n<li><a href=\"https:\/\/www.wallendorff.com\/belogue\/2010\/03\/16\/the-john-butler-trio-la-boule-noire-paris\/\"   ><strong>The John Butler Trio<\/strong> <span class=\"petit\"> &ndash; La Boule Noire, Paris &ndash; 15\/03\/2010<\/span><\/a><\/li>\n<li><a href=\"https:\/\/www.wallendorff.com\/belogue\/2010\/03\/05\/the-soft-pack-the-parisians-le-nouveau-casino-paris\/\"   ><strong>The Soft Pack<\/strong> <span class=\"petit\">+ The Parisians &ndash; Le Nouveau Casino, Paris &ndash; 04\/03\/2010<\/span><\/a><\/li>\n<li><a href=\"https:\/\/www.wallendorff.com\/belogue\/2010\/02\/22\/mumford-and-sons-mugison-la-maroquinerie-paris\/\"   ><strong>Mumford and Sons<\/strong> <span class=\"petit\">+ Mugison + Tune-Yards &ndash; La Maroquinerie, Paris &ndash; 21\/02\/2010<\/span><\/a><\/li>\n<li><a href=\"https:\/\/www.wallendorff.com\/belogue\/2010\/02\/19\/the-fiery-furnaces-la-boule-noire-paris\/\"   ><strong>The Fiery Furnaces<\/strong> <span class=\"petit\">+ Everybody Was in the French Resistance&#8230; Now &ndash; La Boule Noire, Paris &ndash; 18\/02\/2010<\/span><\/a><\/li>\n<li><a href=\"http:\/\/www.le-hiboo.com\/21210-hindi-zahra-la-cigale-paris-15-02-2010\" onclick=\"javascript:_gaq.push(['_trackEvent','outbound-article','www.le-hiboo.com']);\"><strong>Hindi Zahra<\/strong> <span class=\"petit\">+ You and You &ndash; La Cigale, Paris &ndash; 15\/02\/2010<\/span><\/a><\/li>\n<li><strong>GOS<\/strong> <span class=\"petit\">+ Puggy &ndash; L&#8217;International, Paris &ndash; 09\/02\/2010<\/span><\/a><\/li>\n<li><a href=\"https:\/\/www.wallendorff.com\/belogue\/2010\/02\/09\/kasabian-control-lolympia-paris\/\"   ><strong>Kasabian<\/strong> <span class=\"petit\">+ Control &ndash; L&#8217;Olympia, Paris &ndash; 08\/02\/2010<\/span><\/a><\/li>\n<li><a href=\"http:\/\/www.le-hiboo.com\/21240-hiboo-dlive-micky-green\" onclick=\"javascript:_gaq.push(['_trackEvent','outbound-article','www.le-hiboo.com']);\"><strong>Micky Green<\/strong> <span class=\"petit\">&ndash; Session Studio 440, Montreuil &ndash; 07\/02\/2010<\/span><\/a><\/li>\n<li><a href=\"https:\/\/www.wallendorff.com\/belogue\/2010\/02\/06\/stereophonics-lolympia-paris-4-fevrier\/\"   ><strong>Stereophonics<\/strong> <span class=\"petit\">+ The Rodeo &ndash; L&#8217;Olympia, Paris &ndash; 04\/02\/2010<\/span><\/a><\/li>\n<li><a href=\"https:\/\/www.wallendorff.com\/belogue\/2010\/01\/26\/wolfmother-the-black-angels-le-bataclan-paris\/\"   ><strong>Wolfmother<\/strong> <span class=\"petit\">+ The Black Angels &ndash; Le Bataclan, Paris &ndash; 25\/01\/2010<\/span><\/a><\/li>\n<li><a href=\"https:\/\/www.wallendorff.com\/belogue\/2010\/01\/23\/band-of-skulls-the-parlotones-la-fleche-dor-paris-21-janvier\/\"   ><strong>Band of Skulls<\/strong> <span class=\"petit\">+ The Parlotones &ndash; La Fl&egrave;che d&#8217;Or, Paris &ndash; 21\/01\/2010<\/span><\/a><\/li>\n<\/ul>\n","protected":false},"excerpt":{"rendered":"<p>Elista + Hello Bye Bye + Phyltre + DJ Moule &ndash; la Fl\u00e8che d&#8217;Or, Paris &ndash; 10\/12\/2010 Gossip + Hercules and Love Affair + Metronomy &ndash; Palais omnisports de Paris-Bercy, Paris &ndash; 09\/12\/2010 Blood Red Shoes + Wallace Vanborn &ndash; le Trabendo, Paris &ndash; 07\/12\/2010 Sophie Hunger + Juliette Commagere &ndash; Th\u00e9\u00e2tre de l&#8217;Atelier, Paris&hellip;<\/p>\n","protected":false},"author":1,"featured_media":0,"parent":12472,"menu_order":0,"comment_status":"closed","ping_status":"closed","template":"","meta":{"_acf_changed":false,"ngg_post_thumbnail":0,"jetpack_post_was_ever_published":false,"footnotes":""},"class_list":["post-13723","page","type-page","status-publish","hentry"],"acf":[],"jetpack_shortlink":"https:\/\/wp.me\/P3b35P-3zl","jetpack_sharing_enabled":false,"jetpack-related-posts":[{"id":37142,"url":"https:\/\/www.wallendorff.com\/belogue\/artistes-a-z\/artistes-a-j\/","url_meta":{"origin":13723,"position":0},"title":"Artistes A \u2013 J","author":"dpc","date":"31 janvier 2018","format":false,"excerpt":"A Aaron Le Z\u00e9nith, Paris \u2013 26\/11\/2021 Pal\u00e9o Festival, Nyon \u2013 19\/07\/2016 La Cigale, Paris \u2013 14\/10\/2015 Aaron, Anna Les Trois Baudets, Paris \u2013 04\/11\/2014 Centre Culturel Suisse, Paris \u2013 14\/03\/2012 Acid Arab Les Eurock\u00e9ennes en r\u00e9sidence secondaire, Belfort \u2013 20\/07\/2021 Ad\u00e9 Les Eurock\u00e9ennes, Belfort \u2013 29\/06\/2023 Adieu Gary Cooper\u2026","rel":"","context":"Article similaire","block_context":{"text":"Article similaire","link":""},"img":{"alt_text":"","src":"","width":0,"height":0},"classes":[]},{"id":37144,"url":"https:\/\/www.wallendorff.com\/belogue\/artistes-a-z\/artistes-k-z\/","url_meta":{"origin":13723,"position":1},"title":"Artistes K \u2013 Z","author":"dpc","date":"31 janvier 2018","format":false,"excerpt":"K Kadebostany Le Caf\u00e9 de la Danse, Paris \u2013 20\/04\/2016 Pal\u00e9o Festival, Nyon \u2013 25\/07\/2013 Kaiser Chiefs La Fl\u00e8che d\u2019Or, Paris \u2013 22\/04\/2014 Main Square Festival, Arras \u2013 02\/07\/2011 Kalash Les Eurock\u00e9ennes, Belfort \u2013 04\/07\/2025 Kaleo Pal\u00e9o Festival, Nyon \u2013 17\/07\/2018 L'Olympia, Paris \u2013 15\/11\/2017 Le Trianon, Paris \u2013 27\/01\/2017\u2026","rel":"","context":"Article similaire","block_context":{"text":"Article similaire","link":""},"img":{"alt_text":"","src":"","width":0,"height":0},"classes":[]},{"id":127246,"url":"https:\/\/www.wallendorff.com\/belogue\/gigographie\/2024-2\/","url_meta":{"origin":13723,"position":2},"title":"2024","author":"dpc","date":"2 f\u00e9vrier 2024","format":false,"excerpt":"Gar\u00e7ons Fragiles \u2013 TDtF \u2013 Paris \u2013 07\/11\/2024 Heilung + Zeal and Ardor \u2013 Le Z\u00e9nith \u2013 Paris \u2013 17\/09\/2024 Pete Doherty + Delgado Jones \u2013 Le SEW \u2013 Morlaix \u2013 11\/09\/2024 Bleachers + Amy Allen \u2013 L'Olympia \u2013 Paris \u2013 02\/09\/2024 Flogging Molly + The Scratch \u2013 Le Bataclan\u2026","rel":"","context":"Article similaire","block_context":{"text":"Article similaire","link":""},"img":{"alt_text":"","src":"","width":0,"height":0},"classes":[]},{"id":131715,"url":"https:\/\/www.wallendorff.com\/belogue\/gigographie\/2025-2\/","url_meta":{"origin":13723,"position":3},"title":"2025","author":"dpc","date":"6 f\u00e9vrier 2025","format":false,"excerpt":"Black Rebel Motorcycle Club + Night Beats \u2013 L'Olympia \u2013 Paris \u2013 09\/12\/2025 Black Rebel Motorcycle Club + Night Beats \u2013 Paradiso \u2013 Amsterdam \u2013 08\/12\/2025 Black Rebel Motorcycle Club + Night Beats \u2013 Den Atelier \u2013 Luxembourg \u2013 29\/11\/2025 Jamiroquai + Cerrone \u2013 Bercy Ar\u00e9na \u2013 Paris \u2013 27\/11\/2025\u2026","rel":"","context":"Article similaire","block_context":{"text":"Article similaire","link":""},"img":{"alt_text":"","src":"","width":0,"height":0},"classes":[]},{"id":127240,"url":"https:\/\/www.wallendorff.com\/belogue\/gigographie\/2023-2\/","url_meta":{"origin":13723,"position":4},"title":"2023","author":"dpc","date":"2 f\u00e9vrier 2024","format":false,"excerpt":"Pal\u00e9o Festival \u2013 Nyon \u2013 18-23\/07\/2023 Days Off Festival \u2013 Interpol + Jehnny Beth \u2013 Philharmonie de Paris \u2013 05\/07\/2023 Les Eurock\u00e9ennes \u2013 Belfort \u2013 29\/06-02\/07\/2023 The Black Keys + Spoon + Shannon and the Clams \u2013 le Z\u00e9nith \u2013 Paris \u2013 18\/06\/2023 Gar\u00e7ons Fragiles \u2013 La Belle Maison \u2013\u2026","rel":"","context":"Article similaire","block_context":{"text":"Article similaire","link":""},"img":{"alt_text":"","src":"","width":0,"height":0},"classes":[]},{"id":13741,"url":"https:\/\/www.wallendorff.com\/belogue\/gigographie\/2006-2\/","url_meta":{"origin":13723,"position":5},"title":"2006","author":"dpc","date":"21 octobre 2011","format":false,"excerpt":"Elista + Bogue \u2013 La Boule Noire, Paris \u2013 19\/12\/2006 \u2013 2 Muse + Razorlight \u2013 Palais omnisports de Paris-Bercy, Paris \u2013 14\/12\/2006 Indochine + Asyl \u2013 Palais omnisports de Paris-Bercy, Paris \u2013 08\/12\/2006 Troy Von Balthazar \u2013 La Maroquinerie, Paris \u2013 04\/12\/2006 \u2013 2 Iron Maiden + Trivium +\u2026","rel":"","context":"Article similaire","block_context":{"text":"Article similaire","link":""},"img":{"alt_text":"","src":"","width":0,"height":0},"classes":[]}],"_links":{"self":[{"href":"https:\/\/www.wallendorff.com\/belogue\/wp-json\/wp\/v2\/pages\/13723","targetHints":{"allow":["GET"]}}],"collection":[{"href":"https:\/\/www.wallendorff.com\/belogue\/wp-json\/wp\/v2\/pages"}],"about":[{"href":"https:\/\/www.wallendorff.com\/belogue\/wp-json\/wp\/v2\/types\/page"}],"author":[{"embeddable":true,"href":"https:\/\/www.wallendorff.com\/belogue\/wp-json\/wp\/v2\/users\/1"}],"replies":[{"embeddable":true,"href":"https:\/\/www.wallendorff.com\/belogue\/wp-json\/wp\/v2\/comments?post=13723"}],"version-history":[{"count":3,"href":"https:\/\/www.wallendorff.com\/belogue\/wp-json\/wp\/v2\/pages\/13723\/revisions"}],"predecessor-version":[{"id":13734,"href":"https:\/\/www.wallendorff.com\/belogue\/wp-json\/wp\/v2\/pages\/13723\/revisions\/13734"}],"up":[{"embeddable":true,"href":"https:\/\/www.wallendorff.com\/belogue\/wp-json\/wp\/v2\/pages\/12472"}],"wp:attachment":[{"href":"https:\/\/www.wallendorff.com\/belogue\/wp-json\/wp\/v2\/media?parent=13723"}],"curies":[{"name":"wp","href":"https:\/\/api.w.org\/{rel}","templated":true}]}}