{"id":13721,"date":"2011-10-21T09:59:44","date_gmt":"2011-10-21T07:59:44","guid":{"rendered":"http:\/\/www.po-L.com\/belogue\/?page_id=13721"},"modified":"2011-12-23T12:55:30","modified_gmt":"2011-12-23T10:55:30","slug":"2011-2","status":"publish","type":"page","link":"https:\/\/www.wallendorff.com\/belogue\/gigographie\/2011-2\/","title":{"rendered":"2011"},"content":{"rendered":"<ul>\n<li><a href=\"https:\/\/www.wallendorff.com\/belogue\/2011\/12\/16\/kasabian-miles-kane-the-o2-arena-londres-14-decembre\/\"><strong>Kasabian<\/strong> <span class=\"petit\"> + Miles Kane &ndash; The O<sub>2<\/sub> Arena, Londres &ndash; 14\/12\/2011<\/span><\/a><\/li>\n<li><strong>K&rsquo;s Choice<\/strong> &ndash; la Cigale, Paris &ndash; 13\/12\/2011<\/li>\n<li><a href=\"https:\/\/www.wallendorff.com\/belogue\/2011\/12\/10\/tom-vek-im-takt-le-nouveau-casino-paris\/\"><strong>Tom Vek<\/strong> <span class=\"petit\"> + Im Takt &ndash; le Nouveau Casino, Paris &ndash; 09\/12\/2011<\/span><\/a><\/li>\n<li><a href=\"https:\/\/www.wallendorff.com\/belogue\/2011\/12\/08\/the-horrors-le-bataclan-paris\/\"><strong>The Horrors<\/strong> <span class=\"petit\"> + Cerebral Ballzy &ndash; le Bataclan, Paris &ndash; 07\/12\/2011<\/span><\/a><\/li>\n<li><a href=\"http:\/\/www.po-L.com\/belogue\/2011\/12\/06\/black-lips-la-maroquinerie\"><strong>Black Lips<\/strong> <span class=\"petit\"> + Acid Baby Jesus &ndash; la Maroquinerie, Paris &ndash; 05\/12\/2011<\/span><\/a><\/li>\n<li><strong>Kaiser Chiefs<\/strong> + Transfer + Tribes &ndash; l&rsquo;Olympia, Paris &ndash; 29\/11\/2011<\/li>\n<li><a href=\"https:\/\/www.wallendorff.com\/belogue\/2011\/11\/28\/flogging-molly-le-bataclan-paris-26-novembre\/\"><strong>Flogging Molly<\/strong> <span class=\"petit\"> + The Minutes + The Myghty Stef &ndash; le Bataclan, Paris &ndash; 26\/11\/2011<\/span><\/a><\/li>\n<li><strike><strong>Other Lives<\/strong> &ndash; Fnac des Ternes, Paris &ndash; 26\/11\/2011<\/strike><\/li>\n<li><a href=\"https:\/\/www.wallendorff.com\/belogue\/2011\/11\/25\/the-pack-a-d-decibelles-le-point-ephemere-paris\/\"><strong>The Pack A.D.<\/strong> <span class=\"petit\">+ D&eacute;cibelles &ndash; le Point &Eacute;ph&eacute;m&egrave;re, Paris &ndash; 24\/11\/2011<\/span><\/a><\/li>\n<li><a href=\"https:\/\/www.wallendorff.com\/belogue\/2011\/11\/24\/kasabian-the-subways-le-zenith-paris-22-novembre\/\"><strong>Kasabian<\/strong> <span class=\"petit\">+ The Subways &ndash; le Z&eacute;nith, Paris &ndash; 22\/11\/2011<\/span><\/a><\/li>\n<li><a href=\"https:\/\/www.wallendorff.com\/belogue\/2011\/11\/18\/incubus-le-zenith-paris\/\"><strong>Incubus<\/strong> <span class=\"petit\">+ fiN &ndash; le Z&eacute;nith, Paris &ndash; 17\/11\/2011<\/span><\/a><\/li>\n<li><strong>Evanescence<\/strong> <span class=\"petit\">+ ME &ndash; l&rsquo;Olympia, Paris &ndash; 16\/11\/2011<\/span><\/a><\/li>\n<li><a href=\"https:\/\/www.wallendorff.com\/belogue\/2011\/11\/16\/oh-land-the-good-natured-la-maroquinerie-paris\/\"><strong>Oh Land<\/strong> <span class=\"petit\">+ The Good Natured &ndash; la Maroquinerie, Paris &ndash; 15\/11\/2011<\/span><\/a><\/li>\n<li><span class=\"petit\">Finale tremplin Milonga&nbsp;:<\/span> <a href=\"https:\/\/www.wallendorff.com\/belogue\/tag\/tremplin-milonga\/\"><strong>Deportivo<\/strong> <span class=\"petit\">+ The Lads + Il\u00e9foulafil + Gramm + Flangers &ndash; la Cigale, Paris &ndash; 28\/10\/2011<\/span><\/a><\/li>\n<li><a href=\"https:\/\/www.wallendorff.com\/belogue\/2011\/10\/27\/julien-dore-lolympia-paris-25-octobre\/\"><strong>Julien Dor\u00e9<\/strong> <span class=\"petit\">+ Radiosofa &ndash; l&rsquo;Olympia, Paris &ndash; 25\/10\/2011<\/span><\/a><\/li>\n<li><a href=\"https:\/\/www.wallendorff.com\/belogue\/2011\/10\/25\/the-joy-formidable-le-nouveau-casino-paris\/\"><strong>The Joy Formidable<\/strong> <span class=\"petit\">+ Funeral Suits &ndash; le Nouveau Casino, Paris &ndash; 24\/10\/2011<\/span><\/a><\/li>\n<li><strong>Quadricolor<\/strong> <span class=\"petit\">&ndash; Tremplin Th\u00e9\u00e2tre, Paris &ndash; 21\/10\/2011<\/span><\/a><\/li>\n<li><a href=\"https:\/\/www.wallendorff.com\/belogue\/2011\/10\/19\/band-of-skulls-la-maroquinerie-paris\/\"><strong>Band of Skulls<\/strong> <span class=\"petit\">+ Broken Hands &ndash; la Maroquinerie, Paris &ndash; 19\/10\/2011<\/span><\/a><\/li>\n<li><a href=\"https:\/\/www.wallendorff.com\/belogue\/2011\/10\/18\/the-rambling-wheels-le-sentier-des-halles-paris-12-octobre\/\"><strong>The Rambling Wheels<\/strong> <span class=\"petit\">&ndash; le Sentier des Halles, Paris &ndash; 12\/10\/2011<\/span><\/a><\/li>\n<li><a href=\"https:\/\/www.wallendorff.com\/belogue\/2011\/10\/12\/the-duke-spirit-polarsets-le-nouveau-casino-paris-10-octobre\/\"><strong>The Duke Spirit<\/strong> <span class=\"petit\">+ Polarsets + New Look &ndash; le Nouveau Casino, Paris &ndash; 10\/10\/2011<\/span><\/a><\/li>\n<li><a href=\"https:\/\/www.wallendorff.com\/belogue\/2011\/09\/21\/pj20-la-geode-paris\/\"><strong>Pearl Jam Twenty<\/strong> <span class=\"petit\">&ndash; la G&eacute;ode, Paris &ndash; 20\/09\/2011<\/span><\/a><\/li>\n<li><strong>Foster the People<\/strong> <span class=\"petit\">&ndash; Club Silencio, Paris &ndash; 05\/09\/2011<\/span><\/a><\/li>\n<li><a href=\"https:\/\/www.wallendorff.com\/belogue\/2011\/09\/07\/the-rapture-la-maroquinerie-paris-5-septembre\/\"><strong>The Rapture<\/strong> <span class=\"petit\">+ Beaty Heart &ndash; la Maroquinerie, Paris &ndash; 05\/09\/2011<\/span><\/a><\/li>\n<li><span class=\"petit\">Pias Nites #7&nbsp;:<\/span> <a href=\"https:\/\/www.wallendorff.com\/belogue\/2011\/09\/05\/the-black-box-revelation-other-lives-the-bony-king-of-nowhere-la-fleche-dor-1er-septembre\/\"><strong>The Black Box Revelation<\/strong> <span class=\"petit\">+ Other Lives + The Bony King of Nowhere &ndash; la Fl\u00e8che d&rsquo;Or, Paris &ndash; 01\/09\/2011<\/span><\/a><\/li>\n<li><a href=\"https:\/\/www.wallendorff.com\/belogue\/2011\/08\/31\/the-wombats-le-cabaret-vert-charleville-mezieres-26-aout\/\"><strong>Le Cabaret Vert<\/strong> <span class=\"petit\">&ndash; Charleville-M\u00e9zi\u00e8res &ndash; 26\/08\/2011<\/span><\/a><\/li>\n<li><a href=\"https:\/\/www.wallendorff.com\/belogue\/2011\/08\/02\/guitare-en-scene-saint-julien-en-genevois-29-31-juillet\/\"><strong>Guitare en Sc\u00e8ne<\/strong> <span class=\"petit\">&ndash; Saint-Julien-en-Genevois &ndash; 29-31\/07\/2011<\/span><\/a><\/li>\n<li><span class=\"petit\">Festi&rsquo;Meuse&nbsp;:<\/span> <a href=\"https:\/\/www.wallendorff.com\/belogue\/2011\/07\/19\/im-from-barcelona-festimeuse-givet-17-juillet\/\"><strong>I&rsquo;m from Barcelona<\/strong> <span class=\"petit\">+ Rocky &ndash; Givet &ndash; 17\/07\/2011<\/span><\/a><\/li>\n<li><span class=\"petit\">Festival Days Off&nbsp;:<\/span> <a href=\"https:\/\/www.wallendorff.com\/belogue\/2011\/07\/11\/im-from-barcelona-soko-cite-de-la-musique-paris\/\"><strong>I&rsquo;m from Barcelona<\/strong> <span class=\"petit\">+ Soko &ndash; Cit\u00e9 de la Musique, Paris &ndash; 10\/07\/2011<\/span><\/a><\/li>\n<li><strong>Tedeschi Trucks Band<\/strong> <span class=\"petit\">+ Robert Randolph &ndash; le Trianon, Paris &ndash; 07\/07\/2011<\/span><\/a><\/li>\n<li><a href=\"https:\/\/www.wallendorff.com\/belogue\/tag\/main-square-festival-2011\/\"><strong>Main Square Festival<\/strong> <span class=\"petit\">&ndash; Arras &ndash; 01-03\/07\/2011<\/span><\/a><\/li>\n<li><strong>The Rambling Wheels<\/strong> <span class=\"petit\">+ Lapin Machin + Monster Children &ndash; l&rsquo;International, Paris &ndash; 30\/06\/2011<\/span><\/a><\/li>\n<li><a href=\"https:\/\/www.wallendorff.com\/belogue\/2011\/06\/29\/iron-maiden-rise-to-remain-palais-omnisports-de-paris-bercy\/\"><strong>Iron Maiden<\/strong> <span class=\"petit\">+ Rise to Remain &ndash; Palais omnisports de Paris-Bercy, Paris &ndash; 28\/06\/2011<\/span><\/a> &ndash; <span class=\"petit\"><a href=\"https:\/\/www.wallendorff.com\/belogue\/2011\/07\/12\/previously-unreleased-881\/\">2<\/a><\/span><\/li>\n<li><a href=\"https:\/\/www.wallendorff.com\/belogue\/2011\/06\/24\/bullets-for-my-valentine-glamour-of-the-kill-le-bataclan-paris\/\"><strong>Bullets for My Valentine<\/strong> <span class=\"petit\">+ Glamour of the Kill + Times of Grace &ndash; le Bataclan, Paris &ndash; 23\/06\/2011<\/span><\/a><\/li>\n<li><span class=\"petit\">Pias Nites #6&nbsp;:<\/span> <a href=\"https:\/\/www.wallendorff.com\/belogue\/2011\/06\/17\/the-pains-of-being-pure-at-heart-hold-your-horses-la-fleche-dor-paris\/\"><strong>The Pains of Being Pure at Heart<\/strong> <span class=\"petit\">+ Hold Your Horses! + My Bee&rsquo;s Garden &ndash; la Fl\u00e8che d&rsquo;Or, Paris &ndash; 16\/06\/2011<\/span><\/a><\/li>\n<li><a href=\"https:\/\/www.wallendorff.com\/belogue\/2011\/06\/02\/pete-yorn-greenshape-la-boule-noire-paris\/\"><strong>Pete Yorn<\/strong> <span class=\"petit\">+ Greenshape &ndash; la Boule Noire, Paris &ndash; 01\/06\/2011<\/span><\/a><\/li>\n<li><a href=\"https:\/\/www.wallendorff.com\/belogue\/2011\/05\/31\/fleet-foxes-josh-t-pearson-le-bataclan-paris\/\"><strong>Fleet Foxes<\/strong> <span class=\"petit\">+ Josh T. Pearson &ndash; le Bataclan, Paris &ndash; 30\/05\/2011<\/span><\/a><\/li>\n<li><a href=\"https:\/\/www.wallendorff.com\/belogue\/2011\/05\/30\/the-wombats-the-ritch-kids-le-trianon-paris-27-mai\/\"><strong>The Wombats<\/strong> <span class=\"petit\">+ The Ritch Kids  &ndash; le Trianon, Paris &ndash; 27\/05\/2011<\/span><\/a><\/li>\n<li><a href=\"https:\/\/www.wallendorff.com\/belogue\/2011\/05\/26\/moby-mohini-geisweiller-le-grand-rex-paris-24-mai\/\"><strong>Moby<\/strong> <span class=\"petit\">+ Mohini Geisweiller &ndash; le Grand Rex, Paris &ndash; 24\/05\/2011<\/span><\/a><\/li>\n<li><a href=\"https:\/\/www.wallendorff.com\/belogue\/2011\/05\/19\/foster-the-people-la-fleche-dor-paris\/\"><strong>Oh Land<\/strong> <span class=\"petit\">+ Foster the People + Dry the River &ndash; la Fl\u00e8che d&rsquo;Or, Paris &ndash; 18\/05\/2011<\/span><\/a><\/li>\n<li><span class=\"petit\">Kloeb 104 #5&nbsp;:<\/span> <a href=\"https:\/\/www.wallendorff.com\/belogue\/2011\/05\/18\/black-lips-le-centquatre-paris\/\"><strong>Black Lips<\/strong> <span class=\"petit\">+ Jack of Heart &ndash; le Centquatre, Paris &ndash; 17\/05\/2011<\/span><\/a> <span class=\"petit\">&ndash; <a href=\"https:\/\/www.wallendorff.com\/belogue\/2011\/05\/20\/black-lips-jack-of-heart-le-centquatre-paris-17-mai\/\">2<\/a><\/span><\/li>\n<li><a href=\"https:\/\/www.wallendorff.com\/belogue\/2011\/05\/12\/broken-records-le-divan-du-monde-paris\/\"><strong>Broken Records<\/strong> <span class=\"petit\">&ndash; le Divan du Monde, Paris &ndash; 11\/05\/2011<\/span><\/a><\/li>\n<li><strong>Alister<\/strong> <span class=\"petit\">&ndash; le Point \u00c9ph\u00e9m\u00e8re, Paris &ndash; 10\/05\/2011<\/span><\/a><\/li>\n<li><a href=\"https:\/\/www.wallendorff.com\/belogue\/2011\/05\/03\/guillemots-le-cafe-de-la-danse-paris\/\"><strong>Guillemots<\/strong> <span class=\"petit\"> + Ben Ricour &ndash; le Caf\u00e9 de la Danse, Paris &ndash; 02\/05\/2011<\/span><\/a><\/li>\n<li><a href=\"https:\/\/www.wallendorff.com\/belogue\/2011\/04\/28\/hushpuppies-lalhambra-paris\/\"><strong>Hushpuppies<\/strong> <span class=\"petit\"> + Concrete Knives &ndash; l&rsquo;Alhambra, Paris &ndash; 27\/04\/2011<\/span><\/a><\/li>\n<li><a href=\"https:\/\/www.wallendorff.com\/belogue\/2011\/04\/22\/the-young-gods-le-cafe-de-la-danse-paris\/\"><strong>The Young Gods<\/strong> <span class=\"petit\"> + Janski Beeeats &ndash; le Caf\u00e9 de la Danse, Paris &ndash; 21\/04\/2011<\/span><\/a><\/li>\n<li><a href=\"https:\/\/www.wallendorff.com\/belogue\/2011\/04\/14\/the-head-and-the-heart-mechanical-bride-trevor-ross-hannah-lou\/\"><strong>The Head and the Heart<\/strong> <span class=\"petit\"> + Mechanical Bride + Trevor Ross &amp; Hannah-Lou &ndash; la Fl\u00e8che d&rsquo;Or, Paris &ndash; 13\/04\/2011<\/span><\/a><\/li>\n<li><a href=\"https:\/\/www.wallendorff.com\/belogue\/2011\/04\/13\/buck-65-yoav-le-nouveau-casino-paris\/\"><strong>Buck 65<\/strong> <span class=\"petit\"> + Yoav + Franz is Dead &ndash; le Nouveau Casino, Paris &ndash; 12\/04\/2011<\/span><\/a><\/li>\n<li><a href=\"https:\/\/www.wallendorff.com\/belogue\/2011\/04\/07\/the-kills-s-c-u-m-le-bataclan-paris\/\"><strong>The Kills<\/strong> <span class=\"petit\"> + S.C.U.M &ndash; le Bataclan, Paris &ndash; 06\/04\/2011<\/span><\/a><\/li>\n<li><a href=\"https:\/\/www.wallendorff.com\/belogue\/2011\/04\/05\/archive-le-grand-rex-paris\/\" ><strong>Archive<\/strong> <span class=\"petit\">&ndash; le Grand Rex, Paris &ndash; 04\/04\/2011<\/span><\/a><\/li>\n<li><a href=\"https:\/\/www.wallendorff.com\/belogue\/2011\/03\/23\/elista-salon-du-livre-paris-19-mars\/\" ><strong>Elista<\/strong> <span class=\"petit\">&ndash; Salon du Livre, Paris &ndash; 19\/03\/2011<\/span><\/a><\/li>\n<li><a href=\"https:\/\/www.wallendorff.com\/belogue\/2011\/03\/14\/beady-eye-casino-de-paris-paris\/\" ><strong>Beady Eye<\/strong> <span class=\"petit\"> + The Dodoz &ndash; Casino de Paris, Paris &ndash; 13\/03\/2011<\/span><\/a><\/li>\n<li><a href=\"https:\/\/www.wallendorff.com\/belogue\/2011\/03\/12\/im-from-barcelona-gribz-le-cafe-de-la-danse-paris\/\" ><strong>I&#8217;m from Barcelona<\/strong> <span class=\"petit\"> + Gribz &ndash; le Caf\u00e9 de la Danse, Paris &ndash; 11\/03\/2011<\/span><\/a><\/li>\n<li><a href=\"https:\/\/www.wallendorff.com\/belogue\/2011\/03\/15\/the-joy-formidable-black-session-325-maison-de-la-radio-paris-10-mars\/\" ><strong>The Joy Formidable<\/strong> <span class=\"petit\"> &ndash; Black session n<sup>o<\/sup> 325 &ndash; Paris &ndash; 10\/03\/2011<\/span><\/a><\/li>\n<li><strong>Call the Doctor<\/strong> <span class=\"petit\"> + Tubelord + Shoes &amp; Socks Off + Ninja Wolf II &ndash; l&#8217;International, Paris &ndash; 06\/03\/2011<\/span><\/a><\/li>\n<li><strong>Love Amongst Ruin<\/strong> <span class=\"petit\"> + F.Hiro &ndash; l&#8217;International, Paris &ndash; 04\/03\/2011<\/span><\/a><\/li>\n<li><a href=\"https:\/\/www.wallendorff.com\/belogue\/2011\/03\/02\/my-chemical-romance-casino-de-paris-paris\/\"  ><strong>My Chemical Romance<\/strong> <span class=\"petit\"> + Lost Alone &ndash; Casino de Paris, Paris &ndash; 01\/03\/2011<\/span><\/a><\/li>\n<li><a href=\"https:\/\/www.wallendorff.com\/belogue\/2011\/03\/01\/olof-arnalds-cleo-t-studio-des-champs-elysees-paris\/\"  ><strong>\u00d3l\u00f6f Arnalds<\/strong> <span class=\"petit\"> + Cleo T. &ndash; Studio des Champs-\u00c9lys\u00e9es, Paris &ndash; 28\/02\/2011<\/span><\/a><\/li>\n<li><strong>PJ Harvey<\/strong> <span class=\"petit\"> &ndash; l&#8217;Olympia, Paris &ndash; 25\/02\/2011<\/span><\/li>\n<li><a href=\"https:\/\/www.wallendorff.com\/belogue\/2011\/02\/21\/the-joy-formidable-the-dodoz-the-airborne-toxic-event-la-fleche-dor-paris-18-fevrier\/\"  ><strong>The Joy Formidable<\/strong> <span class=\"petit\"> + The Dodoz + The Airborne Toxic Event + Divine Paiste &ndash; la Fl\u00e8che d&#8217;Or, Paris &ndash; 18\/02\/2011<\/span><\/a><\/li>\n<li><a href=\"https:\/\/www.wallendorff.com\/belogue\/2011\/02\/18\/we-are-enfant-terrible-alex-winston-grouplove-le-nouveau-casino-16-fevrier\/\"  ><strong>We Are Enfant Terrible<\/strong> <span class=\"petit\"> + Alex Winston + Grouplove &ndash; le Nouveau Casino, Paris &ndash; 16\/02\/2011<\/span><\/a><\/li>\n<li><a href=\"https:\/\/www.wallendorff.com\/belogue\/2011\/02\/17\/funeral-party-la-maroquinerie-paris-15-fevrier\/\"  ><strong>Funeral Party<\/strong> <span class=\"petit\"> + Arid &ndash; la Maroquinerie, Paris &ndash; 15\/02\/2011<\/span><\/a><\/li>\n<li><strong>The Black Angels<\/strong> <span class=\"petit\"> + Wall of Death &ndash; la Cigale, Paris &ndash; 11\/02\/2011<\/span><\/li>\n<li><a href=\"http:\/\/www.le-hiboo.com\/29597-hiboo-dscene-my-little-cheap-dictaphone-au-cafe-de-la-danse\" onclick=\"javascript:_gaq.push(['_trackEvent','outbound-article','www.le-hiboo.com']);\" ><strong>My Little Cheap Dictaphone<\/strong> <span class=\"petit\"> + ? &ndash; le Caf\u00e9 de la Danse, Paris &ndash; 10\/02\/2011<\/span><\/a><\/li>\n<li><a href=\"https:\/\/www.wallendorff.com\/belogue\/2011\/02\/09\/sleigh-bells-night-riders-la-maroquinerie-paris\/\"  ><strong>Sleigh Bells<\/strong> <span class=\"petit\"> + Night Riders &ndash; la Maroquinerie, Paris &ndash; 08\/02\/2011<\/span><\/a><\/li>\n<li><a href=\"https:\/\/www.wallendorff.com\/belogue\/2011\/02\/01\/the-script-the-coronas-la-cigale-paris\/\"  ><strong>The Script<\/strong> <span class=\"petit\"> + The Coronas &ndash; la Cigale, Paris &ndash; 31\/01\/2011<\/span><\/a><\/li>\n<li><a href=\"https:\/\/www.wallendorff.com\/belogue\/2011\/01\/21\/klaxons-is-tropical-le-bataclan-paris\/\"  ><strong>Klaxons<\/strong> <span class=\"petit\"> + Is Tropical &ndash; le Bataclan, Paris &ndash; 20\/01\/2011<\/span><\/a><\/li>\n<\/ul>\n","protected":false},"excerpt":{"rendered":"<p>Kasabian + Miles Kane &ndash; The O2 Arena, Londres &ndash; 14\/12\/2011 K&rsquo;s Choice &ndash; la Cigale, Paris &ndash; 13\/12\/2011 Tom Vek + Im Takt &ndash; le Nouveau Casino, Paris &ndash; 09\/12\/2011 The Horrors + Cerebral Ballzy &ndash; le Bataclan, Paris &ndash; 07\/12\/2011 Black Lips + Acid Baby Jesus &ndash; la Maroquinerie, Paris &ndash; 05\/12\/2011 Kaiser&hellip;<\/p>\n","protected":false},"author":1,"featured_media":0,"parent":12472,"menu_order":0,"comment_status":"closed","ping_status":"closed","template":"","meta":{"_acf_changed":false,"ngg_post_thumbnail":0,"jetpack_post_was_ever_published":false,"footnotes":""},"class_list":["post-13721","page","type-page","status-publish","hentry"],"acf":[],"jetpack_shortlink":"https:\/\/wp.me\/P3b35P-3zj","jetpack_sharing_enabled":false,"jetpack-related-posts":[{"id":127246,"url":"https:\/\/www.wallendorff.com\/belogue\/gigographie\/2024-2\/","url_meta":{"origin":13721,"position":0},"title":"2024","author":"dpc","date":"2 f\u00e9vrier 2024","format":false,"excerpt":"Gar\u00e7ons Fragiles \u2013 TDtF \u2013 Paris \u2013 07\/11\/2024 Heilung + Zeal and Ardor \u2013 Le Z\u00e9nith \u2013 Paris \u2013 17\/09\/2024 Pete Doherty + Delgado Jones \u2013 Le SEW \u2013 Morlaix \u2013 11\/09\/2024 Bleachers + Amy Allen \u2013 L'Olympia \u2013 Paris \u2013 02\/09\/2024 Flogging Molly + The Scratch \u2013 Le Bataclan\u2026","rel":"","context":"Article similaire","block_context":{"text":"Article similaire","link":""},"img":{"alt_text":"","src":"","width":0,"height":0},"classes":[]},{"id":131715,"url":"https:\/\/www.wallendorff.com\/belogue\/gigographie\/2025-2\/","url_meta":{"origin":13721,"position":1},"title":"2025","author":"dpc","date":"6 f\u00e9vrier 2025","format":false,"excerpt":"Black Rebel Motorcycle Club + Night Beats \u2013 L'Olympia \u2013 Paris \u2013 09\/12\/2025 Black Rebel Motorcycle Club + Night Beats \u2013 Paradiso \u2013 Amsterdam \u2013 08\/12\/2025 Black Rebel Motorcycle Club + Night Beats \u2013 Den Atelier \u2013 Luxembourg \u2013 29\/11\/2025 Jamiroquai + Cerrone \u2013 Bercy Ar\u00e9na \u2013 Paris \u2013 27\/11\/2025\u2026","rel":"","context":"Article similaire","block_context":{"text":"Article similaire","link":""},"img":{"alt_text":"","src":"","width":0,"height":0},"classes":[]},{"id":127240,"url":"https:\/\/www.wallendorff.com\/belogue\/gigographie\/2023-2\/","url_meta":{"origin":13721,"position":2},"title":"2023","author":"dpc","date":"2 f\u00e9vrier 2024","format":false,"excerpt":"Pal\u00e9o Festival \u2013 Nyon \u2013 18-23\/07\/2023 Days Off Festival \u2013 Interpol + Jehnny Beth \u2013 Philharmonie de Paris \u2013 05\/07\/2023 Les Eurock\u00e9ennes \u2013 Belfort \u2013 29\/06-02\/07\/2023 The Black Keys + Spoon + Shannon and the Clams \u2013 le Z\u00e9nith \u2013 Paris \u2013 18\/06\/2023 Gar\u00e7ons Fragiles \u2013 La Belle Maison \u2013\u2026","rel":"","context":"Article similaire","block_context":{"text":"Article similaire","link":""},"img":{"alt_text":"","src":"","width":0,"height":0},"classes":[]},{"id":37144,"url":"https:\/\/www.wallendorff.com\/belogue\/artistes-a-z\/artistes-k-z\/","url_meta":{"origin":13721,"position":3},"title":"Artistes K \u2013 Z","author":"dpc","date":"31 janvier 2018","format":false,"excerpt":"K Kadebostany Le Caf\u00e9 de la Danse, Paris \u2013 20\/04\/2016 Pal\u00e9o Festival, Nyon \u2013 25\/07\/2013 Kaiser Chiefs La Fl\u00e8che d\u2019Or, Paris \u2013 22\/04\/2014 Main Square Festival, Arras \u2013 02\/07\/2011 Kalash Les Eurock\u00e9ennes, Belfort \u2013 04\/07\/2025 Kaleo Pal\u00e9o Festival, Nyon \u2013 17\/07\/2018 L'Olympia, Paris \u2013 15\/11\/2017 Le Trianon, Paris \u2013 27\/01\/2017\u2026","rel":"","context":"Article similaire","block_context":{"text":"Article similaire","link":""},"img":{"alt_text":"","src":"","width":0,"height":0},"classes":[]},{"id":37142,"url":"https:\/\/www.wallendorff.com\/belogue\/artistes-a-z\/artistes-a-j\/","url_meta":{"origin":13721,"position":4},"title":"Artistes A \u2013 J","author":"dpc","date":"31 janvier 2018","format":false,"excerpt":"A Aaron Le Z\u00e9nith, Paris \u2013 26\/11\/2021 Pal\u00e9o Festival, Nyon \u2013 19\/07\/2016 La Cigale, Paris \u2013 14\/10\/2015 Aaron, Anna Les Trois Baudets, Paris \u2013 04\/11\/2014 Centre Culturel Suisse, Paris \u2013 14\/03\/2012 Acid Arab Les Eurock\u00e9ennes en r\u00e9sidence secondaire, Belfort \u2013 20\/07\/2021 Ad\u00e9 Les Eurock\u00e9ennes, Belfort \u2013 29\/06\/2023 Adieu Gary Cooper\u2026","rel":"","context":"Article similaire","block_context":{"text":"Article similaire","link":""},"img":{"alt_text":"","src":"","width":0,"height":0},"classes":[]},{"id":3817,"url":"https:\/\/www.wallendorff.com\/belogue\/a-propos\/about\/","url_meta":{"origin":13721,"position":5},"title":"About","author":"dpc","date":"21 janvier 2009","format":false,"excerpt":"I do photographs. Quite often, quite a lot. One of my main characteristics is that I carry a camera every day, from the minute I put on undies. Photography relies a lot on luck, and luck cannot be forced. However, one can try to encourage it. I dress my photographs\u2026","rel":"","context":"Dans &quot;DPC&quot;","block_context":{"text":"DPC","link":"https:\/\/www.wallendorff.com\/belogue\/category\/dpc\/"},"img":{"alt_text":"","src":"","width":0,"height":0},"classes":[]}],"_links":{"self":[{"href":"https:\/\/www.wallendorff.com\/belogue\/wp-json\/wp\/v2\/pages\/13721","targetHints":{"allow":["GET"]}}],"collection":[{"href":"https:\/\/www.wallendorff.com\/belogue\/wp-json\/wp\/v2\/pages"}],"about":[{"href":"https:\/\/www.wallendorff.com\/belogue\/wp-json\/wp\/v2\/types\/page"}],"author":[{"embeddable":true,"href":"https:\/\/www.wallendorff.com\/belogue\/wp-json\/wp\/v2\/users\/1"}],"replies":[{"embeddable":true,"href":"https:\/\/www.wallendorff.com\/belogue\/wp-json\/wp\/v2\/comments?post=13721"}],"version-history":[{"count":27,"href":"https:\/\/www.wallendorff.com\/belogue\/wp-json\/wp\/v2\/pages\/13721\/revisions"}],"predecessor-version":[{"id":14992,"href":"https:\/\/www.wallendorff.com\/belogue\/wp-json\/wp\/v2\/pages\/13721\/revisions\/14992"}],"up":[{"embeddable":true,"href":"https:\/\/www.wallendorff.com\/belogue\/wp-json\/wp\/v2\/pages\/12472"}],"wp:attachment":[{"href":"https:\/\/www.wallendorff.com\/belogue\/wp-json\/wp\/v2\/media?parent=13721"}],"curies":[{"name":"wp","href":"https:\/\/api.w.org\/{rel}","templated":true}]}}