{"id":131715,"date":"2025-02-06T13:46:20","date_gmt":"2025-02-06T11:46:20","guid":{"rendered":"https:\/\/www.wallendorff.com\/belogue\/?page_id=131715"},"modified":"2026-01-04T18:36:31","modified_gmt":"2026-01-04T16:36:31","slug":"2025-2","status":"publish","type":"page","link":"https:\/\/www.wallendorff.com\/belogue\/gigographie\/2025-2\/","title":{"rendered":"2025"},"content":{"rendered":"<ul>\n<li><a href=\"https:\/\/www.wallendorff.com\/belogue\/2025\/12\/15\/black-rebel-motorcycle-club-night-beats-lolympia-paris-9-decembre-2025\/\"><strong>Black Rebel Motorcycle Club<\/strong> <span class=\"petit\"> + Night Beats \u2013 L&rsquo;Olympia \u2013 Paris \u2013 09\/12\/2025<\/span><\/a><\/li>\n<li><a href=\"https:\/\/www.wallendorff.com\/belogue\/2025\/12\/12\/black-rebel-motorcycle-club-night-beats-paradiso-amsterdam-8-devembre-2025\/\"><strong>Black Rebel Motorcycle Club<\/strong> <span class=\"petit\"> + Night Beats \u2013 Paradiso \u2013 Amsterdam \u2013 08\/12\/2025<\/span><\/a><\/li>\n<li><a href=\"https:\/\/www.wallendorff.com\/belogue\/2025\/12\/01\/black-rebel-motorcycle-club-night-beats-den-atelier-luxembourg-29-novembre-2025\/\"><strong>Black Rebel Motorcycle Club<\/strong> <span class=\"petit\"> + Night Beats \u2013 Den Atelier \u2013 Luxembourg \u2013 29\/11\/2025<\/span><\/a><\/li>\n<li><a href=\"https:\/\/www.wallendorff.com\/belogue\/2025\/11\/30\/novembre-2025\/\"><strong>Jamiroquai<\/strong> <span class=\"petit\"> + Cerrone \u2013 Bercy Ar\u00e9na \u2013 Paris \u2013 27\/11\/2025<\/span><\/a><\/li>\n<li><a href=\"https:\/\/www.wallendorff.com\/belogue\/2025\/11\/25\/black-rebel-motorcycle-club-night-beats-astra-kulturhaus-berlin-23-novembre-2025\/\"><strong>Black Rebel Motorcycle Club<\/strong> <span class=\"petit\"> + Night Beats \u2013 Astra Kulturhaus \u2013 Berlin \u2013 23\/11\/2025<\/span><\/a><\/li>\n<li><a href=\"https:\/\/www.wallendorff.com\/belogue\/2025\/10\/16\/the-cat-empire-le-bataclan-paris-14-octobre-2025\/\"><strong>The Cat Empire<\/strong> <span class=\"petit\"> + LowDown Brass Band \u2013 Le Bataclan \u2013 Paris \u2013 14\/10\/2025<\/span><\/a><\/li>\n<li><a href=\"https:\/\/www.wallendorff.com\/belogue\/tag\/le-cabaret-vert-2025\/\"><strong>Le Cabaret Vert<\/strong><span class=\"petit\"> \u2013 Charleville-M\u00e9zi\u00e8res \u2013 14-17\/08\/2025<\/span><\/a><\/li>\n<li><a href=\"https:\/\/www.wallendorff.com\/belogue\/tag\/paleo-festival-2025\/\"><strong>Pal\u00e9o Festival<\/strong><span class=\"petit\"> \u2013 Nyon \u2013 22-27\/07\/2025<\/span><\/a><\/li>\n<li><a href=\"https:\/\/www.wallendorff.com\/belogue\/tag\/eurockeennes-2025\/\"><strong>Les Eurock\u00e9ennes<\/strong><span class=\"petit\"> \u2013 Belfort \u2013 03-06\/07\/2025<\/span><\/a><\/li>\n<li><a href=\"https:\/\/www.wallendorff.com\/belogue\/2025\/03\/09\/hinds-la-bellevilloise-paris-7-mars-2025\/\"><strong>Hinds<\/strong> <span class=\"petit\"> + Juni Lee \u2013 La Bellevilloise \u2013 Paris \u2013 07\/03\/2025<\/span><\/a><\/li>\n<li><a href=\"https:\/\/www.wallendorff.com\/belogue\/2025\/03\/06\/sam-fender-lolympia-paris-4-mars-2025\/\"><strong>Sam Fender<\/strong> <span class=\"petit\"> + CMAT \u2013 L&rsquo;Olympia \u2013 Paris \u2013 04\/03\/2025<\/span><\/a><\/li>\n<li><a href=\"https:\/\/www.wallendorff.com\/belogue\/2025\/02\/04\/snow-patrol-lolympia-paris-30-janvier-2025\/\"><strong>Snow Patrol<\/strong> <span class=\"petit\"> + The Fontanas \u2013 L&rsquo;Olympia \u2013 Paris \u2013 30\/01\/2025<\/span><\/a><\/li>\n<\/ul>\n\n\n<p><\/p>\n","protected":false},"excerpt":{"rendered":"<p>Black Rebel Motorcycle Club + Night Beats \u2013 L&rsquo;Olympia \u2013 Paris \u2013 09\/12\/2025 Black Rebel Motorcycle Club + Night Beats \u2013 Paradiso \u2013 Amsterdam \u2013 08\/12\/2025 Black Rebel Motorcycle Club + Night Beats \u2013 Den Atelier \u2013 Luxembourg \u2013 29\/11\/2025 Jamiroquai + Cerrone \u2013 Bercy Ar\u00e9na \u2013 Paris \u2013 27\/11\/2025 Black Rebel Motorcycle Club +&hellip;<\/p>\n","protected":false},"author":1,"featured_media":0,"parent":12472,"menu_order":0,"comment_status":"closed","ping_status":"closed","template":"","meta":{"_acf_changed":false,"ngg_post_thumbnail":0,"jetpack_post_was_ever_published":false,"footnotes":""},"class_list":["post-131715","page","type-page","status-publish","hentry"],"acf":[],"jetpack_shortlink":"https:\/\/wp.me\/P3b35P-ygr","jetpack_sharing_enabled":true,"jetpack-related-posts":[{"id":44577,"url":"https:\/\/www.wallendorff.com\/belogue\/gigographie\/2019-2\/","url_meta":{"origin":131715,"position":0},"title":"2019","author":"dpc","date":"3 janvier 2020","format":false,"excerpt":"Foule Support\u00a0 Street Press \u2013 Chair de Poule \u2013 Paris \u2013 14\/12\/2019 Feeder + Wylo \u2013 le Nouveau Casino \u2013 Paris \u2013 27\/11\/2019 Ben Kweller + Jake Troth \u2013 Bowery Ballroom \u2013 New York \u2013 08\/11\/2019 MaMA Festival \u2013 Paris \u2013 16-17\/10\/2019 Amanda Palmer \u2013 le Bataclan \u2013 Paris \u2013\u2026","rel":"","context":"Article similaire","block_context":{"text":"Article similaire","link":""},"img":{"alt_text":"","src":"","width":0,"height":0},"classes":[]},{"id":22589,"url":"https:\/\/www.wallendorff.com\/belogue\/gigographie\/2014-2\/","url_meta":{"origin":131715,"position":1},"title":"2014","author":"dpc","date":"10 mars 2014","format":false,"excerpt":"Bring the Noise Festival\u00a0: Royal Blood + Loading Data + Spark Gap \u2013 le Point \u00c9ph\u00e9m\u00e8re \u2013 Paris \u2013 18\/12\/2014 ALB + Stal \u2013 le Caf\u00e9 de la Danse \u2013 Paris \u2013 09\/12\/2014 Sharon Van Etten + Marisa Anderson \u2013 la Maroquinerie \u2013 Paris \u2013 01\/12\/2014 Emplume ton Brunch\u00a0: Alex\u2026","rel":"","context":"Article similaire","block_context":{"text":"Article similaire","link":""},"img":{"alt_text":"","src":"","width":0,"height":0},"classes":[]},{"id":33494,"url":"https:\/\/www.wallendorff.com\/belogue\/gigographie\/2017-2\/","url_meta":{"origin":131715,"position":2},"title":"2017","author":"dpc","date":"1 f\u00e9vrier 2017","format":false,"excerpt":"New Candys + The Dharma Jerks + L'Herbe du Diable \u2013 l'Espace B \u2013 Paris \u2013 17\/12\/2017 Download Festival \u2013 Base a\u00e9rienne 217 \u2013 Br\u00e9tigny-sur-Orge \u2013 09-11\/06\/2017 Black Rebel Motorcycle Club + The Vacant Lot \u2013 L'\u00c9lys\u00e9e-Montmartre \u2013 Paris \u2013 22\/11\/2017 Black Rebel Motorcycle Club + The Vacant Lot \u2013\u2026","rel":"","context":"Article similaire","block_context":{"text":"Article similaire","link":""},"img":{"alt_text":"","src":"","width":0,"height":0},"classes":[]},{"id":20168,"url":"https:\/\/www.wallendorff.com\/belogue\/gigographie\/2013-2\/","url_meta":{"origin":131715,"position":3},"title":"2013","author":"dpc","date":"23 janvier 2013","format":false,"excerpt":"Virgin Radio Live\u00a0: Placebo + Shaka Ponk + Skip the Use + Yod\u00e9lice \u2013 le Z\u00e9nith \u2013 Paris \u2013 19\/12\/2013 Festival des Aventuriers\u00a0: Dum Dum Girls \/ Motorama \u2013 Espace G\u00e9rard Philipe \u2013 Fontenay-sous-Bois \u2013 13\/12\/2013 Festival des Aventuriers\u00a0: Tunng \/ Empire Dust \u2013 Espace G\u00e9rard Philipe \u2013 Fontenay-sous-Bois \u2013\u2026","rel":"","context":"Article similaire","block_context":{"text":"Article similaire","link":""},"img":{"alt_text":"","src":"","width":0,"height":0},"classes":[]},{"id":13723,"url":"https:\/\/www.wallendorff.com\/belogue\/gigographie\/2010-2\/","url_meta":{"origin":131715,"position":4},"title":"2010","author":"dpc","date":"21 octobre 2011","format":false,"excerpt":"Elista + Hello Bye Bye + Phyltre + DJ Moule \u2013 la Fl\u00e8che d\u2019Or, Paris \u2013 10\/12\/2010 Gossip + Hercules and Love Affair + Metronomy \u2013 Palais omnisports de Paris-Bercy, Paris \u2013 09\/12\/2010 Blood Red Shoes + Wallace Vanborn \u2013 le Trabendo, Paris \u2013 07\/12\/2010 Sophie Hunger + Juliette Commagere\u2026","rel":"","context":"Article similaire","block_context":{"text":"Article similaire","link":""},"img":{"alt_text":"","src":"","width":0,"height":0},"classes":[]},{"id":13743,"url":"https:\/\/www.wallendorff.com\/belogue\/gigographie\/2005-2\/","url_meta":{"origin":131715,"position":5},"title":"2005","author":"dpc","date":"21 octobre 2011","format":false,"excerpt":"Martha Wainwright + Teddy Thompson \u2013 Le Nouveau Casino, Paris \u2013 09\/12\/2005 Sons and Daughters + Quidam \u2013 La Boule Noire, Paris \u2013 18\/11\/2005 \u2013 2 The Warlocks + Asyl \u2013 L\u2019\u00c9lys\u00e9e-Montmartre, Paris \u2013 11\/11\/2005 \u2013 2 Eastpack Antidote Tour\u00a0: Millencolin + Flogging Molly + Randy + The Unseen \u2013\u2026","rel":"","context":"Article similaire","block_context":{"text":"Article similaire","link":""},"img":{"alt_text":"","src":"","width":0,"height":0},"classes":[]}],"_links":{"self":[{"href":"https:\/\/www.wallendorff.com\/belogue\/wp-json\/wp\/v2\/pages\/131715","targetHints":{"allow":["GET"]}}],"collection":[{"href":"https:\/\/www.wallendorff.com\/belogue\/wp-json\/wp\/v2\/pages"}],"about":[{"href":"https:\/\/www.wallendorff.com\/belogue\/wp-json\/wp\/v2\/types\/page"}],"author":[{"embeddable":true,"href":"https:\/\/www.wallendorff.com\/belogue\/wp-json\/wp\/v2\/users\/1"}],"replies":[{"embeddable":true,"href":"https:\/\/www.wallendorff.com\/belogue\/wp-json\/wp\/v2\/comments?post=131715"}],"version-history":[{"count":3,"href":"https:\/\/www.wallendorff.com\/belogue\/wp-json\/wp\/v2\/pages\/131715\/revisions"}],"predecessor-version":[{"id":134914,"href":"https:\/\/www.wallendorff.com\/belogue\/wp-json\/wp\/v2\/pages\/131715\/revisions\/134914"}],"up":[{"embeddable":true,"href":"https:\/\/www.wallendorff.com\/belogue\/wp-json\/wp\/v2\/pages\/12472"}],"wp:attachment":[{"href":"https:\/\/www.wallendorff.com\/belogue\/wp-json\/wp\/v2\/media?parent=131715"}],"curies":[{"name":"wp","href":"https:\/\/api.w.org\/{rel}","templated":true}]}}