{"id":127240,"date":"2024-02-02T11:50:01","date_gmt":"2024-02-02T09:50:01","guid":{"rendered":"https:\/\/www.wallendorff.com\/belogue\/?page_id=127240"},"modified":"2024-02-02T12:00:54","modified_gmt":"2024-02-02T10:00:54","slug":"2023-2","status":"publish","type":"page","link":"https:\/\/www.wallendorff.com\/belogue\/gigographie\/2023-2\/","title":{"rendered":"2023"},"content":{"rendered":"<ul>\n<li><a href=\"https:\/\/www.wallendorff.com\/belogue\/tag\/paleo-festival-2023\/\"><strong>Pal\u00e9o Festival<\/strong><span class=\"petit\"> \u2013 Nyon \u2013 18-23\/07\/2023<\/span><\/a><\/li>\n<li><a href=\"https:\/\/www.wallendorff.com\/belogue\/2023\/07\/08\/interpol-jenny-beth-festival-days-off-philharmonie-de-paris-5-juillet-2023\/\"><span class=\"petit\">Days Off Festival<\/span> \u2013 <strong>Interpol<\/strong> <span class=\"petit\"> + Jehnny Beth \u2013 Philharmonie de Paris \u2013 05\/07\/2023<\/span><\/a><\/li>\n<li><a href=\"https:\/\/www.wallendorff.com\/belogue\/tag\/eurockeennes-2023\/\"><strong>Les Eurock\u00e9ennes<\/strong><span class=\"petit\"> \u2013 Belfort \u2013 29\/06-02\/07\/2023<\/span><\/a><\/li>\n<li><a href=\"https:\/\/www.wallendorff.com\/belogue\/2023\/06\/19\/the-black-keys-le-zenith-paris-18-juin-2023\/\"><strong>The Black Keys<\/strong> <span class=\"petit\"> + Spoon + Shannon and the Clams \u2013 le Z\u00e9nith \u2013 Paris \u2013 18\/06\/2023<\/span><\/a><\/li>\n<li><strong>Gar\u00e7ons Fragiles<\/strong><span class=\"petit\"> \u2013 La Belle Maison \u2013 Bagnolet \u2013 24\/03\/2023<\/span><\/li>\n<\/ul>\n","protected":false},"excerpt":{"rendered":"<p>Pal\u00e9o Festival \u2013 Nyon \u2013 18-23\/07\/2023 Days Off Festival \u2013 Interpol + Jehnny Beth \u2013 Philharmonie de Paris \u2013 05\/07\/2023 Les Eurock\u00e9ennes \u2013 Belfort \u2013 29\/06-02\/07\/2023 The Black Keys + Spoon + Shannon and the Clams \u2013 le Z\u00e9nith \u2013 Paris \u2013 18\/06\/2023 Gar\u00e7ons Fragiles \u2013 La Belle Maison \u2013 Bagnolet \u2013 24\/03\/2023<\/p>\n","protected":false},"author":1,"featured_media":0,"parent":12472,"menu_order":0,"comment_status":"closed","ping_status":"closed","template":"","meta":{"_acf_changed":false,"ngg_post_thumbnail":0,"jetpack_post_was_ever_published":false,"footnotes":""},"class_list":["post-127240","page","type-page","status-publish","hentry"],"acf":[],"jetpack_shortlink":"https:\/\/wp.me\/P3b35P-x6g","jetpack_sharing_enabled":true,"jetpack-related-posts":[{"id":37144,"url":"https:\/\/www.wallendorff.com\/belogue\/artistes-a-z\/artistes-k-z\/","url_meta":{"origin":127240,"position":0},"title":"Artistes K \u2013 Z","author":"dpc","date":"31 janvier 2018","format":false,"excerpt":"K Kadebostany Le Caf\u00e9 de la Danse, Paris \u2013 20\/04\/2016 Pal\u00e9o Festival, Nyon \u2013 25\/07\/2013 Kaiser Chiefs La Fl\u00e8che d\u2019Or, Paris \u2013 22\/04\/2014 Main Square Festival, Arras \u2013 02\/07\/2011 Kalash Les Eurock\u00e9ennes, Belfort \u2013 04\/07\/2025 Kaleo Pal\u00e9o Festival, Nyon \u2013 17\/07\/2018 L'Olympia, Paris \u2013 15\/11\/2017 Le Trianon, Paris \u2013 27\/01\/2017\u2026","rel":"","context":"Article similaire","block_context":{"text":"Article similaire","link":""},"img":{"alt_text":"","src":"","width":0,"height":0},"classes":[]},{"id":37142,"url":"https:\/\/www.wallendorff.com\/belogue\/artistes-a-z\/artistes-a-j\/","url_meta":{"origin":127240,"position":1},"title":"Artistes A \u2013 J","author":"dpc","date":"31 janvier 2018","format":false,"excerpt":"A Aaron Le Z\u00e9nith, Paris \u2013 26\/11\/2021 Pal\u00e9o Festival, Nyon \u2013 19\/07\/2016 La Cigale, Paris \u2013 14\/10\/2015 Aaron, Anna Les Trois Baudets, Paris \u2013 04\/11\/2014 Centre Culturel Suisse, Paris \u2013 14\/03\/2012 Acid Arab Les Eurock\u00e9ennes en r\u00e9sidence secondaire, Belfort \u2013 20\/07\/2021 Ad\u00e9 Les Eurock\u00e9ennes, Belfort \u2013 29\/06\/2023 Adieu Gary Cooper\u2026","rel":"","context":"Article similaire","block_context":{"text":"Article similaire","link":""},"img":{"alt_text":"","src":"","width":0,"height":0},"classes":[]},{"id":127246,"url":"https:\/\/www.wallendorff.com\/belogue\/gigographie\/2024-2\/","url_meta":{"origin":127240,"position":2},"title":"2024","author":"dpc","date":"2 f\u00e9vrier 2024","format":false,"excerpt":"Gar\u00e7ons Fragiles \u2013 TDtF \u2013 Paris \u2013 07\/11\/2024 Heilung + Zeal and Ardor \u2013 Le Z\u00e9nith \u2013 Paris \u2013 17\/09\/2024 Pete Doherty + Delgado Jones \u2013 Le SEW \u2013 Morlaix \u2013 11\/09\/2024 Bleachers + Amy Allen \u2013 L'Olympia \u2013 Paris \u2013 02\/09\/2024 Flogging Molly + The Scratch \u2013 Le Bataclan\u2026","rel":"","context":"Article similaire","block_context":{"text":"Article similaire","link":""},"img":{"alt_text":"","src":"","width":0,"height":0},"classes":[]},{"id":20168,"url":"https:\/\/www.wallendorff.com\/belogue\/gigographie\/2013-2\/","url_meta":{"origin":127240,"position":3},"title":"2013","author":"dpc","date":"23 janvier 2013","format":false,"excerpt":"Virgin Radio Live\u00a0: Placebo + Shaka Ponk + Skip the Use + Yod\u00e9lice \u2013 le Z\u00e9nith \u2013 Paris \u2013 19\/12\/2013 Festival des Aventuriers\u00a0: Dum Dum Girls \/ Motorama \u2013 Espace G\u00e9rard Philipe \u2013 Fontenay-sous-Bois \u2013 13\/12\/2013 Festival des Aventuriers\u00a0: Tunng \/ Empire Dust \u2013 Espace G\u00e9rard Philipe \u2013 Fontenay-sous-Bois \u2013\u2026","rel":"","context":"Article similaire","block_context":{"text":"Article similaire","link":""},"img":{"alt_text":"","src":"","width":0,"height":0},"classes":[]},{"id":50107,"url":"https:\/\/www.wallendorff.com\/belogue\/gigographie\/2021-2\/","url_meta":{"origin":127240,"position":4},"title":"2021","author":"dpc","date":"27 novembre 2021","format":false,"excerpt":"Fnac live : Curtis Harding \/ Cat Power \/ Sofiane Pamart \u2013 Th\u00e9\u00e2tre du Ch\u00e2telet \u2013 Paris \u2013 06\/12\/2021 AaRON + Adam Naas \u2013 le Z\u00e9nith \u2013 Paris \u2013 26\/11\/2021 MaMa Festival \u2013 Paris \u2013 13-14\/10\/2021 Festival Face B \u2013 Charleville-M\u00e9zi\u00e8res \u2013 26-29\/08\/2021 Le Cabaret Vert \u2013 Charleville-M\u00e9zi\u00e8res \u2013 19-22\/08\/2021\u2026","rel":"","context":"Article similaire","block_context":{"text":"Article similaire","link":""},"img":{"alt_text":"","src":"","width":0,"height":0},"classes":[]},{"id":23802,"url":"https:\/\/www.wallendorff.com\/belogue\/gigographie\/2015-2\/","url_meta":{"origin":127240,"position":5},"title":"2015","author":"dpc","date":"20 janvier 2015","format":false,"excerpt":"Concert tr\u00e8s tr\u00e8s priv\u00e9 RTL2\u00a0: Indochine \u2013 le Trianon \u2013 Paris \u2013 09\/12\/2015 FIDLAR + Bully \u2013 le Trianon \u2013 Paris \u2013 19\/11\/2015 Foo Fighters + Trombone Shorty & Orleans Avenue \u2013 Palais omnisport de Paris-Bercy \u2013 Paris \u2013 16\/11\/2015 Festival des Inrocks\u00a0: John Grant + Flo Morrissey + Max\u2026","rel":"","context":"Article similaire","block_context":{"text":"Article similaire","link":""},"img":{"alt_text":"","src":"","width":0,"height":0},"classes":[]}],"_links":{"self":[{"href":"https:\/\/www.wallendorff.com\/belogue\/wp-json\/wp\/v2\/pages\/127240","targetHints":{"allow":["GET"]}}],"collection":[{"href":"https:\/\/www.wallendorff.com\/belogue\/wp-json\/wp\/v2\/pages"}],"about":[{"href":"https:\/\/www.wallendorff.com\/belogue\/wp-json\/wp\/v2\/types\/page"}],"author":[{"embeddable":true,"href":"https:\/\/www.wallendorff.com\/belogue\/wp-json\/wp\/v2\/users\/1"}],"replies":[{"embeddable":true,"href":"https:\/\/www.wallendorff.com\/belogue\/wp-json\/wp\/v2\/comments?post=127240"}],"version-history":[{"count":4,"href":"https:\/\/www.wallendorff.com\/belogue\/wp-json\/wp\/v2\/pages\/127240\/revisions"}],"predecessor-version":[{"id":127245,"href":"https:\/\/www.wallendorff.com\/belogue\/wp-json\/wp\/v2\/pages\/127240\/revisions\/127245"}],"up":[{"embeddable":true,"href":"https:\/\/www.wallendorff.com\/belogue\/wp-json\/wp\/v2\/pages\/12472"}],"wp:attachment":[{"href":"https:\/\/www.wallendorff.com\/belogue\/wp-json\/wp\/v2\/media?parent=127240"}],"curies":[{"name":"wp","href":"https:\/\/api.w.org\/{rel}","templated":true}]}}